{"id":281924,"date":"2022-06-17T13:43:14","date_gmt":"2022-06-17T11:43:14","guid":{"rendered":"https:\/\/www.huntersfriend.eu\/product\/sitka-ws-timberline-hose\/"},"modified":"2026-04-23T12:22:17","modified_gmt":"2026-04-23T10:22:17","slug":"sitka-ws-timberline-hose","status":"publish","type":"product","link":"https:\/\/www.huntersfriend.eu\/de\/produkt\/sitka-ws-timberline-hose\/","title":{"rendered":"SITKA WS Timberline Hose"},"content":{"rendered":"<p>Eine robuste Jagdhose, konzipiert f\u00fcr lange Ausfl\u00fcge in raues und abgelegenes Hinterland. Die Timberline Hose zeichnet sich durch einen verst\u00e4rkten, wasserdichten und atmungsaktiven Sitz- und Kniebereich aus, der sicherstellt, dass diese Hose Ihre anspruchsvollsten Abenteuer \u00fcbersteht. Abnehmbare Kniepolster bieten zus\u00e4tzlichen Schutz. <\/p>\n<ul class=\"HeroSpecs__list\">\n<li>\n<p class=\"Hero-desc\"><strong>GORE\u2122 OPTIFADE\u2122 Concealment Subalpine <\/strong>wurde entwickelt, um Wild in baumbedecktem und bewachsenem Gel\u00e4nde vom Boden aus anzupirschen.<\/p>\n<\/li>\n<li>\n<p class=\"Hero-desc\"><strong>Gewicht:<\/strong> 640 g \/\/ 26 Reg.<\/p>\n<\/li>\n<li>\n<p class=\"Hero-desc\"><strong>Material:<\/strong> Dehnbares Polyestergewebe.<\/p>\n<\/li>\n<li>\n<p class=\"Hero-desc\"><strong>Dauerhaft wasserabweisend<\/strong> Finish widersteht leichten Niederschl\u00e4gen und verhindert das Ausn\u00e4ssen des Oberstoffs.<\/p>\n<\/li>\n<li>\n<p class=\"Hero-desc\"><strong>Artikulierte Passform:<\/strong> Die Passform ist athletisch mit sich verj\u00fcngenden Beinen und einem flachen Bund, der unter einem Rucksack nicht auftragen oder scheuern wird.<\/p>\n<\/li>\n<li>\n<p class=\"Hero-desc\"><strong>Abnehmbare Kniepolster:<\/strong> Abnehmbare Kniepolster bieten zus\u00e4tzlichen Schutz, sei es beim Klettern durch Ger\u00f6ll in den n\u00f6rdlichen Rocky Mountains, beim Durchqueren von Kakteenfeldern in der Sonora-W\u00fcste oder beim Ausweiden eines erlegten Tieres.<\/p>\n<\/li>\n<li>\n<p class=\"Hero-desc\"><strong>Verst\u00e4rkter Sitz- und Kniebereich:<\/strong> Der Sitz- und Kniebereich ist mit einem wasserdichten Nylon-Ripstop-Gewebe verst\u00e4rkt, sodass eine lange Tour auf einem nassen Sattel oder ein kurzes Sitzen im Schnee Sie nicht kalt und nass zur\u00fcckl\u00e4sst.<\/p>\n<\/li>\n<\/ul>\n","protected":false},"excerpt":{"rendered":"<p>Eine robuste Jagdhose, konzipiert f\u00fcr lange Ausfl\u00fcge in raues und abgelegenes Hinterland. Die Timberline Hose zeichnet sich durch einen verst\u00e4rkten, wasserdichten und atmungsaktiven Sitz- und Kniebereich aus, der sicherstellt, dass diese Hose Ihre anspruchsvollsten Abenteuer \u00fcbersteht. Abnehmbare Kniepolster bieten zus\u00e4tzlichen Schutz. GORE\u2122 OPTIFADE\u2122 Concealment Subalpine wurde entwickelt, um Wild in baumbedecktem und bewachsenem Gel\u00e4nde vom [&#8230;]\n","protected":false},"featured_media":237655,"comment_status":"open","ping_status":"closed","template":"","meta":[],"product_brand":[],"product_cat":[2765,2117,2710],"product_tag":[],"class_list":{"0":"post-281924","1":"product","2":"type-product","3":"status-publish","4":"has-post-thumbnail","6":"product_cat-fyndlada-slutrea","7":"product_cat-jagdbekleidung-fur-damen","8":"product_cat-jaktklader-for-dam","10":"first","11":"instock","12":"sale","13":"taxable","14":"shipping-taxable","15":"purchasable","16":"product-type-variable"},"composite_virtual":false,"composite_layout":"","composite_add_to_cart_form_location":"","composite_editable_in_cart":false,"composite_sold_individually_context":"","composite_shop_price_calc":"","composite_components":[],"composite_scenarios":[],"group_of_quantity":0,"min_quantity":0,"max_quantity":"","exclude_order_quantity_value_rules":"no","exclude_category_quantity_rules":"no","combine_variations":"no","exclude_global_add_ons":[],"addons":[],"_links":{"self":[{"href":"https:\/\/www.huntersfriend.eu\/de\/wp-json\/wp\/v2\/product\/281924","targetHints":{"allow":["GET"]}}],"collection":[{"href":"https:\/\/www.huntersfriend.eu\/de\/wp-json\/wp\/v2\/product"}],"about":[{"href":"https:\/\/www.huntersfriend.eu\/de\/wp-json\/wp\/v2\/types\/product"}],"replies":[{"embeddable":true,"href":"https:\/\/www.huntersfriend.eu\/de\/wp-json\/wp\/v2\/comments?post=281924"}],"wp:featuredmedia":[{"embeddable":true,"href":"https:\/\/www.huntersfriend.eu\/de\/wp-json\/wp\/v2\/media\/237655"}],"wp:attachment":[{"href":"https:\/\/www.huntersfriend.eu\/de\/wp-json\/wp\/v2\/media?parent=281924"}],"wp:term":[{"taxonomy":"product_brand","embeddable":true,"href":"https:\/\/www.huntersfriend.eu\/de\/wp-json\/wp\/v2\/product_brand?post=281924"},{"taxonomy":"product_cat","embeddable":true,"href":"https:\/\/www.huntersfriend.eu\/de\/wp-json\/wp\/v2\/product_cat?post=281924"},{"taxonomy":"product_tag","embeddable":true,"href":"https:\/\/www.huntersfriend.eu\/de\/wp-json\/wp\/v2\/product_tag?post=281924"}],"curies":[{"name":"wp","href":"https:\/\/api.w.org\/{rel}","templated":true}]}}