{"id":281919,"date":"2022-06-16T08:09:05","date_gmt":"2022-06-16T06:09:05","guid":{"rendered":"https:\/\/www.huntersfriend.eu\/product\/sitka-bergjacke-subalpine\/"},"modified":"2025-09-25T12:43:31","modified_gmt":"2025-09-25T10:43:31","slug":"sitka-bergjacke-subalpine","status":"publish","type":"product","link":"https:\/\/www.huntersfriend.eu\/de\/produkt\/sitka-bergjacke-subalpine\/","title":{"rendered":"SITKA Bergjacke (subalpine)"},"content":{"rendered":"<p>Gefertigt aus einer geb\u00fcrsteten Polyester-Oberfl\u00e4che \u00fcber 3-lagigem GORE-TEX INFINIUM\u2122 mit WINDSTOPPER\u00ae Technologie; die Bergjacke ist \u00e4u\u00dferst ger\u00e4uscharm, vollst\u00e4ndig winddicht und wetterbest\u00e4ndig, um Bergwinden, leichtem Regen oder Schnee standzuhalten.<\/p>\n<p><strong>Warum Sitka dies hergestellt hat<\/strong><\/p>\n<p>Die Bergjagd bringt ihre eigenen einzigartigen Herausforderungen mit sich: kalte Temperaturen, bei\u00dfender Wind, Regen und Schnee. Um diese vielf\u00e4ltigen Hindernisse zu bew\u00e4ltigen, m\u00fcssen J\u00e4ger typischerweise viele verschiedene Artikel mitf\u00fchren und dabei versuchen, Atmungsaktivit\u00e4t und &#8211; noch wichtiger &#8211; Tarnung beizubehalten, w\u00e4hrend traditionelle Softshells zu schwer und nicht komprimierbar waren. Unser Ziel war es, ein einziges Kleidungsst\u00fcck zu entwickeln, das vollst\u00e4ndig winddicht, wasserabweisend, leicht und atmungsaktiv ist, alles in einem ger\u00e4uscharmen Obermaterial. Kurz gesagt, wir haben eine Jacke entworfen, die Sie 90% der Zeit tragen k\u00f6nnen.   <\/p>\n<p>GORE\u2122 OPTIFADE\u2122 Concealment Subalpine wurde f\u00fcr das Pirschen und Auflauern von Huftieren (Hirscharten) vom Boden aus in baumbewachsenem und mit Vegetation bedecktem Gel\u00e4nde konzipiert.<\/p>\n<p>GORE\u2122 OPTIFADE\u2122 Concealment Open Country ist wissenschaftlich optimiert f\u00fcr Einsatzreichweiten von 50 Yards und mehr auf Bodenh\u00f6he in felsigem Gel\u00e4nde oberhalb der Baumgrenze.<\/p>\n<p>Gewicht: 320,35 gr \/\/ Gr\u00f6\u00dfe L<\/p>\n<p>Material: 3-lagiges GORE-TEX INFINIUM\u2122 mit WINDSTOPPER\u00ae Form Fit Technologie, geb\u00fcrstete Polyester-Oberfl\u00e4che und geb\u00fcrstetes Polyester-Trikot im Inneren.<\/p>\n<p>Die wasserabweisende Ausr\u00fcstung widersteht leichtem Niederschlag und verhindert das Durchn\u00e4ssen des Oberfl\u00e4chenmaterials.<\/p>\n<p>Rei\u00dfverschlusstasche aus Netzstoff auf der Brust: Der ultimative Aufbewahrungsort f\u00fcr Notwendigkeiten.<\/p>\n<p>Rei\u00dfverschlusstaschen aus Netzstoff f\u00fcr die H\u00e4nde: Konzipiert, um oberhalb des H\u00fcftgurts eines Rucksacks zu sitzen, ohne beim Tragen eines Rucksacks zu knittern.<\/p>\n<p>Geb\u00fcrstete Polyester-Oberfl\u00e4che: Und geb\u00fcrstetes Polyester-Trikot im Inneren.<\/p>\n<p>GORE-TEX INFINIUM\u2122 mit WINDSTOPPER\u00ae: Bietet vollst\u00e4ndigen Windschutz durch eine strapazierf\u00e4hige, leichte und atmungsaktive Membran.<\/p>\n","protected":false},"excerpt":{"rendered":"<p>Gefertigt aus einer geb\u00fcrsteten Polyester-Oberfl\u00e4che \u00fcber 3-lagigem GORE-TEX INFINIUM\u2122 mit WINDSTOPPER\u00ae Technologie; die Bergjacke ist \u00e4u\u00dferst ger\u00e4uscharm, vollst\u00e4ndig winddicht und wetterbest\u00e4ndig, um Bergwinden, leichtem Regen oder Schnee standzuhalten. Warum Sitka dies hergestellt hat Die Bergjagd bringt ihre eigenen einzigartigen Herausforderungen mit sich: kalte Temperaturen, bei\u00dfender Wind, Regen und Schnee. Um diese vielf\u00e4ltigen Hindernisse zu bew\u00e4ltigen, [&#8230;]\n","protected":false},"featured_media":257931,"comment_status":"open","ping_status":"closed","template":"","meta":[],"product_brand":[],"product_cat":[1145],"product_tag":[],"class_list":{"0":"post-281919","1":"product","2":"type-product","3":"status-publish","4":"has-post-thumbnail","6":"product_cat-sonstiges","8":"first","9":"outofstock","10":"taxable","11":"shipping-taxable","12":"purchasable","13":"product-type-variable"},"composite_virtual":false,"composite_layout":"","composite_add_to_cart_form_location":"","composite_editable_in_cart":false,"composite_sold_individually_context":"","composite_shop_price_calc":"","composite_components":[],"composite_scenarios":[],"group_of_quantity":0,"min_quantity":0,"max_quantity":"","exclude_order_quantity_value_rules":"no","exclude_category_quantity_rules":"no","combine_variations":"no","exclude_global_add_ons":[],"addons":[],"_links":{"self":[{"href":"https:\/\/www.huntersfriend.eu\/de\/wp-json\/wp\/v2\/product\/281919","targetHints":{"allow":["GET"]}}],"collection":[{"href":"https:\/\/www.huntersfriend.eu\/de\/wp-json\/wp\/v2\/product"}],"about":[{"href":"https:\/\/www.huntersfriend.eu\/de\/wp-json\/wp\/v2\/types\/product"}],"replies":[{"embeddable":true,"href":"https:\/\/www.huntersfriend.eu\/de\/wp-json\/wp\/v2\/comments?post=281919"}],"wp:featuredmedia":[{"embeddable":true,"href":"https:\/\/www.huntersfriend.eu\/de\/wp-json\/wp\/v2\/media\/257931"}],"wp:attachment":[{"href":"https:\/\/www.huntersfriend.eu\/de\/wp-json\/wp\/v2\/media?parent=281919"}],"wp:term":[{"taxonomy":"product_brand","embeddable":true,"href":"https:\/\/www.huntersfriend.eu\/de\/wp-json\/wp\/v2\/product_brand?post=281919"},{"taxonomy":"product_cat","embeddable":true,"href":"https:\/\/www.huntersfriend.eu\/de\/wp-json\/wp\/v2\/product_cat?post=281919"},{"taxonomy":"product_tag","embeddable":true,"href":"https:\/\/www.huntersfriend.eu\/de\/wp-json\/wp\/v2\/product_tag?post=281919"}],"curies":[{"name":"wp","href":"https:\/\/api.w.org\/{rel}","templated":true}]}}