{"id":281918,"date":"2022-06-17T13:43:12","date_gmt":"2022-06-17T11:43:12","guid":{"rendered":"https:\/\/www.huntersfriend.eu\/product\/sitka-ballistische-muetze\/"},"modified":"2025-07-17T05:30:29","modified_gmt":"2025-07-17T03:30:29","slug":"sitka-ballistische-muetze","status":"publish","type":"product","link":"https:\/\/www.huntersfriend.eu\/de\/produkt\/sitka-ballistische-muetze\/","title":{"rendered":"SITKA Ballistische M\u00fctze"},"content":{"rendered":"<p>Die Ballistische M\u00fctze wurde f\u00fcr J\u00e4ger und Jagdf\u00fchrer konzipiert, die bei sp\u00e4tsaisonalen Jagden mit Schusswaffen ultimative W\u00e4rme und Sichtbarkeit ben\u00f6tigen. Ein ultraweicher, flauschiger Berber-Innenfutter und ein strapazierf\u00e4higer, doppelt gewebter orangefarbener Au\u00dfenstoff umschlie\u00dfen eine 60g\/m2 PrimaLoft\u00ae Silver Isolierung. <\/p>\n<ul class=\"HeroSpecs__list\">\n<li>\n<p class=\"Hero-desc\"><strong>Gewicht:<\/strong> 90 g<\/p>\n<\/li>\n<li>\n<p class=\"Hero-desc\"><strong>Material:<\/strong> Polyester-Doppelgewebe, geb\u00fcrstetes Polyester-Hochflor-Fleece-Futter.<\/p>\n<\/li>\n<li>\n<p class=\"Hero-desc\"><strong>Isolierung:<\/strong> 60 g\/m2 PrimaLoft\u00ae Silver Isolierung.<\/p>\n<\/li>\n<li>\n<p class=\"Hero-desc\"><strong>Dehnbares R\u00fcckenteil:<\/strong> Das dehnbare R\u00fcckenteil bietet eine enge und komfortable Passform.<\/p>\n<\/li>\n<li>\n<p class=\"Hero-desc\"><strong>Hochflor-Berber-Futter:<\/strong> F\u00fcr zus\u00e4tzliche Isolierung und W\u00e4rme.<\/p>\n<\/li>\n<li>\n<p class=\"Hero-desc\"><strong>Dauerhaft wasserabweisend<\/strong> Finish widersteht leichten Niederschl\u00e4gen und verhindert das Ausn\u00e4ssen des Oberstoffs.<\/p>\n<\/li>\n<li>\n<p class=\"Hero-desc\"><strong>PrimaLoft\u00ae Technologie:<\/strong> PrimaLoft\u00ae Produkte stellen das Nonplusultra der Isolationstechnologie f\u00fcr J\u00e4ger dar. Ultrafeine Fasern sind so konstruiert, dass sie auch bei N\u00e4sse maximale W\u00e4rme speichern. <\/p>\n<\/li>\n<\/ul>\n","protected":false},"excerpt":{"rendered":"<p>Die Ballistische M\u00fctze wurde f\u00fcr J\u00e4ger und Jagdf\u00fchrer konzipiert, die bei sp\u00e4tsaisonalen Jagden mit Schusswaffen ultimative W\u00e4rme und Sichtbarkeit ben\u00f6tigen. Ein ultraweicher, flauschiger Berber-Innenfutter und ein strapazierf\u00e4higer, doppelt gewebter orangefarbener Au\u00dfenstoff umschlie\u00dfen eine 60g\/m2 PrimaLoft\u00ae Silver Isolierung. Gewicht: 90 g Material: Polyester-Doppelgewebe, geb\u00fcrstetes Polyester-Hochflor-Fleece-Futter. Isolierung: 60 g\/m2 PrimaLoft\u00ae Silver Isolierung. Dehnbares R\u00fcckenteil: Das dehnbare R\u00fcckenteil [&#8230;]\n","protected":false},"featured_media":237690,"comment_status":"open","ping_status":"closed","template":"","meta":[],"product_brand":[],"product_cat":[1145],"product_tag":[],"class_list":{"0":"post-281918","1":"product","2":"type-product","3":"status-publish","4":"has-post-thumbnail","6":"product_cat-sonstiges","8":"first","9":"outofstock","10":"sale","11":"taxable","12":"shipping-taxable","13":"purchasable","14":"product-type-simple"},"composite_virtual":false,"composite_layout":"","composite_add_to_cart_form_location":"","composite_editable_in_cart":false,"composite_sold_individually_context":"","composite_shop_price_calc":"","composite_components":[],"composite_scenarios":[],"group_of_quantity":0,"min_quantity":0,"max_quantity":"","exclude_order_quantity_value_rules":"no","exclude_category_quantity_rules":"no","combine_variations":"no","exclude_global_add_ons":[],"addons":[],"_links":{"self":[{"href":"https:\/\/www.huntersfriend.eu\/de\/wp-json\/wp\/v2\/product\/281918","targetHints":{"allow":["GET"]}}],"collection":[{"href":"https:\/\/www.huntersfriend.eu\/de\/wp-json\/wp\/v2\/product"}],"about":[{"href":"https:\/\/www.huntersfriend.eu\/de\/wp-json\/wp\/v2\/types\/product"}],"replies":[{"embeddable":true,"href":"https:\/\/www.huntersfriend.eu\/de\/wp-json\/wp\/v2\/comments?post=281918"}],"wp:featuredmedia":[{"embeddable":true,"href":"https:\/\/www.huntersfriend.eu\/de\/wp-json\/wp\/v2\/media\/237690"}],"wp:attachment":[{"href":"https:\/\/www.huntersfriend.eu\/de\/wp-json\/wp\/v2\/media?parent=281918"}],"wp:term":[{"taxonomy":"product_brand","embeddable":true,"href":"https:\/\/www.huntersfriend.eu\/de\/wp-json\/wp\/v2\/product_brand?post=281918"},{"taxonomy":"product_cat","embeddable":true,"href":"https:\/\/www.huntersfriend.eu\/de\/wp-json\/wp\/v2\/product_cat?post=281918"},{"taxonomy":"product_tag","embeddable":true,"href":"https:\/\/www.huntersfriend.eu\/de\/wp-json\/wp\/v2\/product_tag?post=281918"}],"curies":[{"name":"wp","href":"https:\/\/api.w.org\/{rel}","templated":true}]}}