{"id":281914,"date":"2023-03-16T12:56:01","date_gmt":"2025-06-23T10:38:46","guid":{"rendered":"https:\/\/www.huntersfriend.eu\/product\/buck-gardner-double-cross-2\/"},"modified":"2025-09-17T13:10:17","modified_gmt":"2025-09-17T11:10:17","slug":"buck-gardner-double-cross-2","status":"publish","type":"product","link":"https:\/\/www.huntersfriend.eu\/de\/produkt\/buck-gardner-double-cross-2\/","title":{"rendered":"Buck Gardner Double Cross"},"content":{"rendered":"<p>Diese Acryl-\/Polycarbonat-Version des Double Cross von Buck Gardner ist ein Arbeitstier im Feld und einer der meistverkauften Entenlockrufe in unserem Sortiment. Die Spit-Tech-Tonbretttechnologie verhindert das Festkleben der Zungen, selbst wenn sie durch Speichel, Kondenswasser oder ein versehentliches Eintauchen in Wasser nass werden. Der Double Cross hat einen kurzen Lauf f\u00fcr verbesserte Kontrolle und einfache Bedienung. Dieser Allzweck-Doppelzungenlockruf kann wirklich alles. Er verf\u00fcgt \u00fcber einen Acryllauf mit einem Polycarbonat-Einsatz.    <\/p>\n","protected":false},"excerpt":{"rendered":"<p>Acryl\/Polycarbonat &#8211; Stockentengr\u00fcn\/Transparent<\/p>\n","protected":false},"featured_media":250770,"comment_status":"open","ping_status":"closed","template":"","meta":[],"product_brand":[],"product_cat":[1400],"product_tag":[],"class_list":{"0":"post-281914","1":"product","2":"type-product","3":"status-publish","4":"has-post-thumbnail","6":"product_cat-entenlocker","8":"first","9":"instock","10":"taxable","11":"shipping-taxable","12":"purchasable","13":"product-type-simple"},"composite_virtual":false,"composite_layout":"","composite_add_to_cart_form_location":"","composite_editable_in_cart":false,"composite_sold_individually_context":"","composite_shop_price_calc":"","composite_components":[],"composite_scenarios":[],"group_of_quantity":0,"min_quantity":0,"max_quantity":"","exclude_order_quantity_value_rules":"no","exclude_category_quantity_rules":"no","combine_variations":"no","exclude_global_add_ons":[],"addons":[],"_links":{"self":[{"href":"https:\/\/www.huntersfriend.eu\/de\/wp-json\/wp\/v2\/product\/281914","targetHints":{"allow":["GET"]}}],"collection":[{"href":"https:\/\/www.huntersfriend.eu\/de\/wp-json\/wp\/v2\/product"}],"about":[{"href":"https:\/\/www.huntersfriend.eu\/de\/wp-json\/wp\/v2\/types\/product"}],"replies":[{"embeddable":true,"href":"https:\/\/www.huntersfriend.eu\/de\/wp-json\/wp\/v2\/comments?post=281914"}],"wp:featuredmedia":[{"embeddable":true,"href":"https:\/\/www.huntersfriend.eu\/de\/wp-json\/wp\/v2\/media\/250770"}],"wp:attachment":[{"href":"https:\/\/www.huntersfriend.eu\/de\/wp-json\/wp\/v2\/media?parent=281914"}],"wp:term":[{"taxonomy":"product_brand","embeddable":true,"href":"https:\/\/www.huntersfriend.eu\/de\/wp-json\/wp\/v2\/product_brand?post=281914"},{"taxonomy":"product_cat","embeddable":true,"href":"https:\/\/www.huntersfriend.eu\/de\/wp-json\/wp\/v2\/product_cat?post=281914"},{"taxonomy":"product_tag","embeddable":true,"href":"https:\/\/www.huntersfriend.eu\/de\/wp-json\/wp\/v2\/product_tag?post=281914"}],"curies":[{"name":"wp","href":"https:\/\/api.w.org\/{rel}","templated":true}]}}