{"id":281896,"date":"2022-11-01T15:33:38","date_gmt":"2025-06-23T10:38:34","guid":{"rendered":"https:\/\/www.huntersfriend.eu\/product\/meindl-island-mfs-active-wide-wanderstiefel\/"},"modified":"2026-02-25T10:44:09","modified_gmt":"2026-02-25T08:44:09","slug":"meindl-island-mfs-active-wide-wanderstiefel","status":"publish","type":"product","link":"https:\/\/www.huntersfriend.eu\/de\/produkt\/meindl-island-mfs-active-wide-wanderstiefel\/","title":{"rendered":"Meindl Island MFS Active Wide Wanderstiefel"},"content":{"rendered":"<p><span class=\"jCAhz ChMk0b\"><span class=\"ryNqvb\">Ein klassischer brauner Wanderschuh mit einer breiteren Sohle.<\/span><\/span> <span class=\"jCAhz ChMk0b\"><span class=\"ryNqvb\">Das Memory-Foam-System garantiert eine perfekte Passform.<\/span><\/span> <span class=\"jCAhz ChMk0b\"><span class=\"ryNqvb\">Die Air-Active-Technologie optimiert die Atmungsaktivit\u00e4t des Schuhs.<\/span><\/span> <span class=\"jCAhz ChMk0b\"><span class=\"ryNqvb\">Die Gore-Tex-Schicht auf der Oberfl\u00e4che des Schuhs h\u00e4lt Ihre F\u00fc\u00dfe trocken.<\/span><\/span><\/p>\n<p><span class=\"jCAhz ChMk0b\"><span class=\"ryNqvb\">Schafth\u00f6he 17 cm<\/span><\/span><\/p>\n<p><span class=\"jCAhz ChMk0b\"><span class=\"ryNqvb\">Gewicht 1760 g\/Paar<\/span><\/span><\/p>\n","protected":false},"excerpt":{"rendered":"<p>Ein klassischer brauner Wanderschuh mit einer breiteren Sohle. Das Memory-Foam-System garantiert eine perfekte Passform. Die Air-Active-Technologie optimiert die Atmungsaktivit\u00e4t des Schuhs. Die Gore-Tex-Schicht auf der Oberfl\u00e4che des Schuhs h\u00e4lt Ihre F\u00fc\u00dfe trocken. Schafth\u00f6he 17 cm Gewicht 1760 g\/Paar<\/p>\n","protected":false},"featured_media":256220,"comment_status":"open","ping_status":"closed","template":"","meta":[],"product_brand":[],"product_cat":[1383,1129],"product_tag":[],"class_list":{"0":"post-281896","1":"product","2":"type-product","3":"status-publish","4":"has-post-thumbnail","6":"product_cat-wanderschuhe","7":"product_cat-jagd-stiefel","8":"product_shipping_class-medium-de","10":"first","11":"instock","12":"taxable","13":"shipping-taxable","14":"purchasable","15":"product-type-variable"},"composite_virtual":false,"composite_layout":"","composite_add_to_cart_form_location":"","composite_editable_in_cart":false,"composite_sold_individually_context":"","composite_shop_price_calc":"","composite_components":[],"composite_scenarios":[],"group_of_quantity":0,"min_quantity":0,"max_quantity":"","exclude_order_quantity_value_rules":"no","exclude_category_quantity_rules":"no","combine_variations":"no","exclude_global_add_ons":[],"addons":[],"_links":{"self":[{"href":"https:\/\/www.huntersfriend.eu\/de\/wp-json\/wp\/v2\/product\/281896","targetHints":{"allow":["GET"]}}],"collection":[{"href":"https:\/\/www.huntersfriend.eu\/de\/wp-json\/wp\/v2\/product"}],"about":[{"href":"https:\/\/www.huntersfriend.eu\/de\/wp-json\/wp\/v2\/types\/product"}],"replies":[{"embeddable":true,"href":"https:\/\/www.huntersfriend.eu\/de\/wp-json\/wp\/v2\/comments?post=281896"}],"wp:featuredmedia":[{"embeddable":true,"href":"https:\/\/www.huntersfriend.eu\/de\/wp-json\/wp\/v2\/media\/256220"}],"wp:attachment":[{"href":"https:\/\/www.huntersfriend.eu\/de\/wp-json\/wp\/v2\/media?parent=281896"}],"wp:term":[{"taxonomy":"product_brand","embeddable":true,"href":"https:\/\/www.huntersfriend.eu\/de\/wp-json\/wp\/v2\/product_brand?post=281896"},{"taxonomy":"product_cat","embeddable":true,"href":"https:\/\/www.huntersfriend.eu\/de\/wp-json\/wp\/v2\/product_cat?post=281896"},{"taxonomy":"product_tag","embeddable":true,"href":"https:\/\/www.huntersfriend.eu\/de\/wp-json\/wp\/v2\/product_tag?post=281896"}],"curies":[{"name":"wp","href":"https:\/\/api.w.org\/{rel}","templated":true}]}}