{"id":281887,"date":"2022-11-02T10:20:16","date_gmt":"2025-06-23T10:38:24","guid":{"rendered":"https:\/\/www.huntersfriend.eu\/product\/sitka-traverse-muetze-orange\/"},"modified":"2025-06-23T12:38:24","modified_gmt":"2025-06-23T10:38:24","slug":"sitka-traverse-muetze-orange","status":"publish","type":"product","link":"https:\/\/www.huntersfriend.eu\/de\/produkt\/sitka-traverse-muetze-orange\/","title":{"rendered":"SITKA Traverse M\u00fctze &#8211; Orange"},"content":{"rendered":"<p>Die Traverse M\u00fctze, konzipiert f\u00fcr Komfort und atmungsaktive W\u00e4rme, zeichnet sich durch weiches, schnell trocknendes, dehnbares Fleece aus. Sie ist aus Stoffen gefertigt, die aus recycelten Materialien hergestellt wurden, und verf\u00fcgt \u00fcber die Polygiene\u00ae Geruchskontrolltechnologie zur Neutralisierung von schwei\u00dfbedingtem Geruch. <\/p>\n<p>HAUPTMERKMALE:<\/p>\n<ul>\n<li>Schnell trocknendes, mittelschweres Komfort-Stretchfleece (96% Polyester\/4% Elastan)<\/li>\n<li>Umweltbewusster Stoff aus recycelten Materialien hergestellt<\/li>\n<li>Dauerhaft wasserabweisende Ausr\u00fcstung leitet Feuchtigkeit ab und verhindert das Durchn\u00e4ssen des Gewebes<\/li>\n<li>Polygiene\u00ae Geruchskontrolltechnologie neutralisiert sicher schwei\u00dfbedingten Geruch<\/li>\n<\/ul>\n","protected":false},"excerpt":{"rendered":"<p>Die Traverse M\u00fctze, konzipiert f\u00fcr Komfort und atmungsaktive W\u00e4rme, zeichnet sich durch weiches, schnell trocknendes, dehnbares Fleece aus. Sie ist aus Stoffen gefertigt, die aus recycelten Materialien hergestellt wurden, und verf\u00fcgt \u00fcber die Polygiene\u00ae Geruchskontrolltechnologie zur Neutralisierung von schwei\u00dfbedingtem Geruch. HAUPTMERKMALE: Schnell trocknendes, mittelschweres Komfort-Stretchfleece (96% Polyester\/4% Elastan) Umweltbewusster Stoff aus recycelten Materialien hergestellt Dauerhaft [&#8230;]\n","protected":false},"featured_media":258799,"comment_status":"open","ping_status":"closed","template":"","meta":[],"product_brand":[],"product_cat":[1145],"product_tag":[],"class_list":{"0":"post-281887","1":"product","2":"type-product","3":"status-publish","4":"has-post-thumbnail","6":"product_cat-sonstiges","8":"first","9":"outofstock","10":"taxable","11":"shipping-taxable","12":"purchasable","13":"product-type-simple"},"composite_virtual":false,"composite_layout":"","composite_add_to_cart_form_location":"","composite_editable_in_cart":false,"composite_sold_individually_context":"","composite_shop_price_calc":"","composite_components":[],"composite_scenarios":[],"group_of_quantity":0,"min_quantity":0,"max_quantity":"","exclude_order_quantity_value_rules":"no","exclude_category_quantity_rules":"no","combine_variations":"no","exclude_global_add_ons":[],"addons":[],"_links":{"self":[{"href":"https:\/\/www.huntersfriend.eu\/de\/wp-json\/wp\/v2\/product\/281887","targetHints":{"allow":["GET"]}}],"collection":[{"href":"https:\/\/www.huntersfriend.eu\/de\/wp-json\/wp\/v2\/product"}],"about":[{"href":"https:\/\/www.huntersfriend.eu\/de\/wp-json\/wp\/v2\/types\/product"}],"replies":[{"embeddable":true,"href":"https:\/\/www.huntersfriend.eu\/de\/wp-json\/wp\/v2\/comments?post=281887"}],"wp:featuredmedia":[{"embeddable":true,"href":"https:\/\/www.huntersfriend.eu\/de\/wp-json\/wp\/v2\/media\/258799"}],"wp:attachment":[{"href":"https:\/\/www.huntersfriend.eu\/de\/wp-json\/wp\/v2\/media?parent=281887"}],"wp:term":[{"taxonomy":"product_brand","embeddable":true,"href":"https:\/\/www.huntersfriend.eu\/de\/wp-json\/wp\/v2\/product_brand?post=281887"},{"taxonomy":"product_cat","embeddable":true,"href":"https:\/\/www.huntersfriend.eu\/de\/wp-json\/wp\/v2\/product_cat?post=281887"},{"taxonomy":"product_tag","embeddable":true,"href":"https:\/\/www.huntersfriend.eu\/de\/wp-json\/wp\/v2\/product_tag?post=281887"}],"curies":[{"name":"wp","href":"https:\/\/api.w.org\/{rel}","templated":true}]}}