{"id":281877,"date":"2022-10-18T05:29:14","date_gmt":"2025-06-23T10:38:18","guid":{"rendered":"https:\/\/www.huntersfriend.eu\/product\/scott-archery-verge\/"},"modified":"2025-08-28T06:50:32","modified_gmt":"2025-08-28T04:50:32","slug":"scott-archery-verge","status":"publish","type":"product","link":"https:\/\/www.huntersfriend.eu\/de\/produkt\/scott-archery-verge\/","title":{"rendered":"Scott Archery Verge"},"content":{"rendered":"<p>Mit einem schlanken, offenen Hakendesign ist der Verge perfekt f\u00fcr Zeigefingersch\u00fctzen geeignet, die nach einem Ausl\u00f6ser im R\u00fcckenspannungsstil suchen, der maximalen Komfort und ultimative Vielseitigkeit bietet. Schaffen Sie ein individuelles Gef\u00fchl mit dem einstellbaren Zwei-Finger-Abzugsdesign, das Bogensch\u00fctzen die M\u00f6glichkeit bietet, einen Schuss mit zahlreichen Fingerplatzierungsoptionen auszuf\u00fchren. Die Einzelsperrmechanik des Verge verf\u00fcgt nicht nur \u00fcber einstellbare Wegeinstellungen, sondern bietet auch die M\u00f6glichkeit, eine Vorschussklickoption hinzuzuf\u00fcgen, um einen ma\u00dfgeschneiderten Schuss zu kreieren. Der automatische R\u00fccklaufhaken verf\u00fcgt \u00fcber einen schwenkbaren Verbinder, um das Drehmoment beim Verankern zu reduzieren und maximale Genauigkeit zu gew\u00e4hrleisten, w\u00e4hrend der NCS-Riemen f\u00fcr alle Handgr\u00f6\u00dfen geeignet ist.   <\/p>\n","protected":false},"excerpt":{"rendered":"<p>Ausl\u00f6ser im R\u00fcckenspannungsstil in einem Zeigefingerdesign, der ultimative Einstellbarkeit und Vielseitigkeit bietet.<\/p>\n","protected":false},"featured_media":238057,"comment_status":"open","ping_status":"closed","template":"","meta":[],"product_brand":[],"product_cat":[1095],"product_tag":[],"class_list":{"0":"post-281877","1":"product","2":"type-product","3":"status-publish","4":"has-post-thumbnail","6":"product_cat-handgelenks-release","8":"first","9":"instock","10":"taxable","11":"shipping-taxable","12":"purchasable","13":"product-type-simple"},"composite_virtual":false,"composite_layout":"","composite_add_to_cart_form_location":"","composite_editable_in_cart":false,"composite_sold_individually_context":"","composite_shop_price_calc":"","composite_components":[],"composite_scenarios":[],"group_of_quantity":0,"min_quantity":0,"max_quantity":"","exclude_order_quantity_value_rules":"no","exclude_category_quantity_rules":"no","combine_variations":"no","exclude_global_add_ons":[],"addons":[],"_links":{"self":[{"href":"https:\/\/www.huntersfriend.eu\/de\/wp-json\/wp\/v2\/product\/281877","targetHints":{"allow":["GET"]}}],"collection":[{"href":"https:\/\/www.huntersfriend.eu\/de\/wp-json\/wp\/v2\/product"}],"about":[{"href":"https:\/\/www.huntersfriend.eu\/de\/wp-json\/wp\/v2\/types\/product"}],"replies":[{"embeddable":true,"href":"https:\/\/www.huntersfriend.eu\/de\/wp-json\/wp\/v2\/comments?post=281877"}],"wp:featuredmedia":[{"embeddable":true,"href":"https:\/\/www.huntersfriend.eu\/de\/wp-json\/wp\/v2\/media\/238057"}],"wp:attachment":[{"href":"https:\/\/www.huntersfriend.eu\/de\/wp-json\/wp\/v2\/media?parent=281877"}],"wp:term":[{"taxonomy":"product_brand","embeddable":true,"href":"https:\/\/www.huntersfriend.eu\/de\/wp-json\/wp\/v2\/product_brand?post=281877"},{"taxonomy":"product_cat","embeddable":true,"href":"https:\/\/www.huntersfriend.eu\/de\/wp-json\/wp\/v2\/product_cat?post=281877"},{"taxonomy":"product_tag","embeddable":true,"href":"https:\/\/www.huntersfriend.eu\/de\/wp-json\/wp\/v2\/product_tag?post=281877"}],"curies":[{"name":"wp","href":"https:\/\/api.w.org\/{rel}","templated":true}]}}