{"id":281876,"date":"2022-10-13T16:52:11","date_gmt":"2025-06-23T10:38:18","guid":{"rendered":"https:\/\/www.huntersfriend.eu\/product\/gettix-merinowolle-socken\/"},"modified":"2026-02-25T10:36:28","modified_gmt":"2026-02-25T08:36:28","slug":"gettix-merinowolle-socken","status":"publish","type":"product","link":"https:\/\/www.huntersfriend.eu\/de\/produkt\/gettix-merinowolle-socken\/","title":{"rendered":"Gettix Merinowolle-Socken"},"content":{"rendered":"<p><span class=\"jCAhz ChMk0b\"><span class=\"ryNqvb\">Die Gettix Merinowolle-Socken wurden f\u00fcr den Outdoor- und Jagdgebrauch bei sommerlichen Temperaturen und etwas k\u00fchleren Wetterbedingungen entwickelt.<\/span><\/span> <span class=\"jCAhz ChMk0b\"><span class=\"ryNqvb\">Der nicht einschn\u00fcrende Rand gew\u00e4hrleistet den Tragekomfort der Socken.<\/span><\/span> <span class=\"jCAhz ChMk0b\"><span class=\"ryNqvb\">Die Socken verf\u00fcgen \u00fcber ein strapazierf\u00e4higes dreifaches 3D-Gewebe.<\/span><\/span> <span class=\"jCAhz ChMk0b\"><span class=\"ryNqvb\">Die Y-f\u00f6rmige Ferse passt sich perfekt der Fu\u00dfform an.<\/span><\/span> <span class=\"jCAhz ChMk0b\"><span class=\"ryNqvb\">Die glatten N\u00e4hte der Socken erh\u00f6hen den Tragekomfort.<\/span><\/span> <span class=\"jCAhz ChMk0b\"><span class=\"ryNqvb\">Gettix Merinowolle-Socken sind ideal f\u00fcr die Verwendung in Schuhen mit Gore-Tex-\u00e4hnlicher Membran und bieten eine optimale Atmungsaktivit\u00e4t sowie Feuchtigkeitstransport.<\/span><\/span> <span class=\"jCAhz ChMk0b\"><span class=\"ryNqvb\">Bei 40 \u00b0C waschen.<\/span><\/span><\/p>\n","protected":false},"excerpt":{"rendered":"<p>Die Gettix Merinowolle-Socken wurden f\u00fcr den Outdoor- und Jagdgebrauch bei sommerlichen Temperaturen und etwas k\u00fchleren Wetterbedingungen entwickelt. Der nicht einschn\u00fcrende Rand gew\u00e4hrleistet den Tragekomfort der Socken. Die Socken verf\u00fcgen \u00fcber ein strapazierf\u00e4higes dreifaches 3D-Gewebe. Die Y-f\u00f6rmige Ferse passt sich perfekt der Fu\u00dfform an. Die glatten N\u00e4hte der Socken erh\u00f6hen den Tragekomfort. Gettix Merinowolle-Socken sind ideal [&#8230;]\n","protected":false},"featured_media":250803,"comment_status":"open","ping_status":"closed","template":"","meta":[],"product_brand":[],"product_cat":[2611,1380],"product_tag":[],"class_list":{"0":"post-281876","1":"product","2":"type-product","3":"status-publish","4":"has-post-thumbnail","6":"product_cat-tillbehor","7":"product_cat-zubehor","9":"first","10":"instock","11":"taxable","12":"shipping-taxable","13":"purchasable","14":"product-type-variable"},"composite_virtual":false,"composite_layout":"","composite_add_to_cart_form_location":"","composite_editable_in_cart":false,"composite_sold_individually_context":"","composite_shop_price_calc":"","composite_components":[],"composite_scenarios":[],"group_of_quantity":0,"min_quantity":0,"max_quantity":"","exclude_order_quantity_value_rules":"no","exclude_category_quantity_rules":"no","combine_variations":"no","exclude_global_add_ons":[],"addons":[],"_links":{"self":[{"href":"https:\/\/www.huntersfriend.eu\/de\/wp-json\/wp\/v2\/product\/281876","targetHints":{"allow":["GET"]}}],"collection":[{"href":"https:\/\/www.huntersfriend.eu\/de\/wp-json\/wp\/v2\/product"}],"about":[{"href":"https:\/\/www.huntersfriend.eu\/de\/wp-json\/wp\/v2\/types\/product"}],"replies":[{"embeddable":true,"href":"https:\/\/www.huntersfriend.eu\/de\/wp-json\/wp\/v2\/comments?post=281876"}],"wp:featuredmedia":[{"embeddable":true,"href":"https:\/\/www.huntersfriend.eu\/de\/wp-json\/wp\/v2\/media\/250803"}],"wp:attachment":[{"href":"https:\/\/www.huntersfriend.eu\/de\/wp-json\/wp\/v2\/media?parent=281876"}],"wp:term":[{"taxonomy":"product_brand","embeddable":true,"href":"https:\/\/www.huntersfriend.eu\/de\/wp-json\/wp\/v2\/product_brand?post=281876"},{"taxonomy":"product_cat","embeddable":true,"href":"https:\/\/www.huntersfriend.eu\/de\/wp-json\/wp\/v2\/product_cat?post=281876"},{"taxonomy":"product_tag","embeddable":true,"href":"https:\/\/www.huntersfriend.eu\/de\/wp-json\/wp\/v2\/product_tag?post=281876"}],"curies":[{"name":"wp","href":"https:\/\/api.w.org\/{rel}","templated":true}]}}