{"id":281871,"date":"2022-10-13T16:52:51","date_gmt":"2025-06-23T10:38:16","guid":{"rendered":"https:\/\/www.huntersfriend.eu\/product\/bohning-seal-tite-bogensehnen-wachs\/"},"modified":"2026-01-10T14:07:03","modified_gmt":"2026-01-10T12:07:03","slug":"bohning-seal-tite-bogensehnen-wachs","status":"publish","type":"product","link":"https:\/\/www.huntersfriend.eu\/de\/produkt\/bohning-seal-tite-bogensehnen-wachs\/","title":{"rendered":"Bohning Seal-Tite Bogensehnen-Wachs"},"content":{"rendered":"<p>Seal-Tite ist ein silikonbasiertes Wachs, das speziell f\u00fcr synthetische Bogensehnen entwickelt wurde. Es verf\u00fcgt \u00fcber eine seidige Textur und bleibt selbst bei kalten Temperaturen geschmeidig. Das Produkt ist geruchlos und wasserdicht. Die Tube enth\u00e4lt 28 Gramm Seal-Tite. Zertifiziert als kompatibel f\u00fcr Armbr\u00fcste.    <\/p>\n<p>Technische Hinweise:<\/p>\n<p>Tragen Sie eine geringe Menge Seal-Tite auf Nockenschafte oder Stiftbuchsen auf, um das Einsetzen und Ausrichten zu erleichtern.<\/p>\n<p>Applizieren Sie Seal-Tite auf die Gewinde von Schraubspitzen, um deren Lockerung vorzubeugen.<\/p>\n","protected":false},"excerpt":{"rendered":"<p>Seal-Tite ist ein silikonbasiertes Wachs, das speziell f\u00fcr synthetische Bogensehnen entwickelt wurde. Es verf\u00fcgt \u00fcber eine seidige Textur und bleibt selbst bei kalten Temperaturen geschmeidig. Das Produkt ist geruchlos und wasserdicht. Die Tube enth\u00e4lt 28 Gramm Seal-Tite. Zertifiziert als kompatibel f\u00fcr Armbr\u00fcste. Technische Hinweise: Tragen Sie eine geringe Menge Seal-Tite auf Nockenschafte oder Stiftbuchsen auf, [&#8230;]\n","protected":false},"featured_media":237993,"comment_status":"open","ping_status":"closed","template":"","meta":[],"product_brand":[],"product_cat":[1253],"product_tag":[],"class_list":{"0":"post-281871","1":"product","2":"type-product","3":"status-publish","4":"has-post-thumbnail","6":"product_cat-sehnenwachs-und-gleitmittel","8":"first","9":"instock","10":"taxable","11":"shipping-taxable","12":"purchasable","13":"product-type-simple"},"composite_virtual":false,"composite_layout":"","composite_add_to_cart_form_location":"","composite_editable_in_cart":false,"composite_sold_individually_context":"","composite_shop_price_calc":"","composite_components":[],"composite_scenarios":[],"group_of_quantity":0,"min_quantity":0,"max_quantity":"","exclude_order_quantity_value_rules":"no","exclude_category_quantity_rules":"no","combine_variations":"no","exclude_global_add_ons":[],"addons":[],"_links":{"self":[{"href":"https:\/\/www.huntersfriend.eu\/de\/wp-json\/wp\/v2\/product\/281871","targetHints":{"allow":["GET"]}}],"collection":[{"href":"https:\/\/www.huntersfriend.eu\/de\/wp-json\/wp\/v2\/product"}],"about":[{"href":"https:\/\/www.huntersfriend.eu\/de\/wp-json\/wp\/v2\/types\/product"}],"replies":[{"embeddable":true,"href":"https:\/\/www.huntersfriend.eu\/de\/wp-json\/wp\/v2\/comments?post=281871"}],"wp:featuredmedia":[{"embeddable":true,"href":"https:\/\/www.huntersfriend.eu\/de\/wp-json\/wp\/v2\/media\/237993"}],"wp:attachment":[{"href":"https:\/\/www.huntersfriend.eu\/de\/wp-json\/wp\/v2\/media?parent=281871"}],"wp:term":[{"taxonomy":"product_brand","embeddable":true,"href":"https:\/\/www.huntersfriend.eu\/de\/wp-json\/wp\/v2\/product_brand?post=281871"},{"taxonomy":"product_cat","embeddable":true,"href":"https:\/\/www.huntersfriend.eu\/de\/wp-json\/wp\/v2\/product_cat?post=281871"},{"taxonomy":"product_tag","embeddable":true,"href":"https:\/\/www.huntersfriend.eu\/de\/wp-json\/wp\/v2\/product_tag?post=281871"}],"curies":[{"name":"wp","href":"https:\/\/api.w.org\/{rel}","templated":true}]}}