{"id":281869,"date":"2022-10-13T16:52:08","date_gmt":"2025-06-23T10:38:15","guid":{"rendered":"https:\/\/www.huntersfriend.eu\/product\/jd-komfort-socken\/"},"modified":"2026-02-25T10:36:27","modified_gmt":"2026-02-25T08:36:27","slug":"jd-komfort-socken","status":"publish","type":"product","link":"https:\/\/www.huntersfriend.eu\/de\/produkt\/jd-komfort-socken\/","title":{"rendered":"JD Komfort Socken"},"content":{"rendered":"<p><span class=\"jCAhz ChMk0b\"><span class=\"ryNqvb\">JD Komfort Arbeitssocken verf\u00fcgen \u00fcber eine antibakterielle Wirkung.<\/span><\/span> <span class=\"jCAhz ChMk0b\"><span class=\"ryNqvb\">Dank des Kn\u00f6chel- und Fersenflexbereichs bieten diese Socken perfekten Halt und Passform.<\/span><\/span> <span class=\"jCAhz ChMk0b\"><span class=\"ryNqvb\">Der Lycra-Elastikbereich erstreckt sich von der Ferse bis \u00fcber den Kn\u00f6chel.<\/span><\/span> <span class=\"jCAhz ChMk0b\"><span class=\"ryNqvb\">Die grauen Partien sind aus geb\u00fcrstetem Baumwollmaterial gefertigt.<\/span><\/span> <span class=\"jCAhz ChMk0b\"><span class=\"ryNqvb\">Dies polstert und gew\u00e4hrleistet gleichzeitig maximalen Komfort und guten Halt.<\/span><\/span> <span class=\"jCAhz ChMk0b\"><span class=\"ryNqvb\">Die integrierten Bel\u00fcftungskan\u00e4le leiten Feuchtigkeit effizient von der Haut weg.<\/span><\/span> <span class=\"jCAhz ChMk0b\"><span class=\"ryNqvb\">Der schwarze Bereich aus Merinowolle garantiert angenehme W\u00e4rme und optimalen Tragekomfort.<\/span><\/span> <span class=\"jCAhz ChMk0b\"><span class=\"ryNqvb\">In der B\u00fcndchen\u00f6ffnung der Socke wurden d\u00fcnne Lycra-F\u00e4den verwendet, welche die Socke zuverl\u00e4ssig an ihrem Platz halten.<\/span><\/span><\/p>\n","protected":false},"excerpt":{"rendered":"<p>JD Komfort Arbeitssocken verf\u00fcgen \u00fcber eine antibakterielle Wirkung. Dank des Kn\u00f6chel- und Fersenflexbereichs bieten diese Socken perfekten Halt und Passform. Der Lycra-Elastikbereich erstreckt sich von der Ferse bis \u00fcber den Kn\u00f6chel. Die grauen Partien sind aus geb\u00fcrstetem Baumwollmaterial gefertigt. Dies polstert und gew\u00e4hrleistet gleichzeitig maximalen Komfort und guten Halt. Die integrierten Bel\u00fcftungskan\u00e4le leiten Feuchtigkeit effizient [&#8230;]\n","protected":false},"featured_media":250807,"comment_status":"open","ping_status":"closed","template":"","meta":[],"product_brand":[],"product_cat":[2611,1380],"product_tag":[],"class_list":{"0":"post-281869","1":"product","2":"type-product","3":"status-publish","4":"has-post-thumbnail","6":"product_cat-tillbehor","7":"product_cat-zubehor","9":"first","10":"instock","11":"taxable","12":"shipping-taxable","13":"purchasable","14":"product-type-variable"},"composite_virtual":false,"composite_layout":"","composite_add_to_cart_form_location":"","composite_editable_in_cart":false,"composite_sold_individually_context":"","composite_shop_price_calc":"","composite_components":[],"composite_scenarios":[],"group_of_quantity":0,"min_quantity":0,"max_quantity":"","exclude_order_quantity_value_rules":"no","exclude_category_quantity_rules":"no","combine_variations":"no","exclude_global_add_ons":[],"addons":[],"_links":{"self":[{"href":"https:\/\/www.huntersfriend.eu\/de\/wp-json\/wp\/v2\/product\/281869","targetHints":{"allow":["GET"]}}],"collection":[{"href":"https:\/\/www.huntersfriend.eu\/de\/wp-json\/wp\/v2\/product"}],"about":[{"href":"https:\/\/www.huntersfriend.eu\/de\/wp-json\/wp\/v2\/types\/product"}],"replies":[{"embeddable":true,"href":"https:\/\/www.huntersfriend.eu\/de\/wp-json\/wp\/v2\/comments?post=281869"}],"wp:featuredmedia":[{"embeddable":true,"href":"https:\/\/www.huntersfriend.eu\/de\/wp-json\/wp\/v2\/media\/250807"}],"wp:attachment":[{"href":"https:\/\/www.huntersfriend.eu\/de\/wp-json\/wp\/v2\/media?parent=281869"}],"wp:term":[{"taxonomy":"product_brand","embeddable":true,"href":"https:\/\/www.huntersfriend.eu\/de\/wp-json\/wp\/v2\/product_brand?post=281869"},{"taxonomy":"product_cat","embeddable":true,"href":"https:\/\/www.huntersfriend.eu\/de\/wp-json\/wp\/v2\/product_cat?post=281869"},{"taxonomy":"product_tag","embeddable":true,"href":"https:\/\/www.huntersfriend.eu\/de\/wp-json\/wp\/v2\/product_tag?post=281869"}],"curies":[{"name":"wp","href":"https:\/\/api.w.org\/{rel}","templated":true}]}}