{"id":281866,"date":"2022-10-12T10:57:59","date_gmt":"2025-06-23T10:38:13","guid":{"rendered":"https:\/\/www.huntersfriend.eu\/product\/armytek-wizard-v4-c2-reg-usb\/"},"modified":"2025-06-23T12:38:13","modified_gmt":"2025-06-23T10:38:13","slug":"armytek-wizard-v4-c2-reg-usb","status":"publish","type":"product","link":"https:\/\/www.huntersfriend.eu\/de\/produkt\/armytek-wizard-v4-c2-reg-usb\/","title":{"rendered":"Armytek Wizard v4 C2 reg USB"},"content":{"rendered":"<p>Armytek Wizard v4 C2 Reg USB multifunktionales Licht mit Mikro-USB-Anschluss. Es vereint erstklassige Lichtleistung, einfache Bedienung und eine rekordverd\u00e4chtig lange Betriebszeit. Eine vielseitige und kompakte Lampe f\u00fcr die Bed\u00fcrfnisse jedes Haushalts und f\u00fcr Outdoor-Aktivit\u00e4ten. Die Lampe mit einem 3200mAh-Akku bietet bis zu 200 Tage Nutzung bei der niedrigsten Lichtleistung. Das bequeme Mikro-USB-Laden erm\u00f6glicht das Aufladen an nahezu jedem Ort. Bei Anschluss an eine USB-Stromquelle k\u00f6nnen Sie das Licht als Lampe verwenden, ohne Strom aus dem Akku zu verbrauchen.     <\/p>\n<p>Dar\u00fcber hinaus verf\u00fcgt das Armytek Wizard v4 C2 Reg USB multifunktionale Licht \u00fcber einen gr\u00fcnen Lichtmodus, der sich hervorragend f\u00fcr die Jagd eignet, beispielsweise wenn Sie in der Morgend\u00e4mmerung zum Hochsitz gehen, da das gr\u00fcne Licht f\u00fcr Tiere nahezu unsichtbar ist.<\/p>\n<p>Der Lieferumfang umfasst eine Lampe, ein Mikro-USB-Ladekabel, einen 18650 3200mAh Lithium-Ionen-Akku, einen G\u00fcrtelclip, ein Kopfband, 2 St\u00fcck O-Ringe und eine Bedienungsanleitung.<\/p>\n<p>&nbsp;<\/p>\n<ul>\n<li>Lichtleistung: 1020lm helles Licht \/ 400lm gr\u00fcnes Licht.<\/li>\n<li>Reichweite Helles Licht 97m \/ 63m gr\u00fcn<\/li>\n<li>Wasserdicht IP68 &#8211; funktioniert in einer Tiefe von 10m<\/li>\n<li>Sto\u00dffest bei einem Sturz aus 10m H\u00f6he<\/li>\n<li>5 verschiedene Leistungsstufen sowohl f\u00fcr wei\u00dfes als auch f\u00fcr UV-Licht<\/li>\n<li>Scheinwerfer: Breite Kombination<\/li>\n<\/ul>\n","protected":false},"excerpt":{"rendered":"<p>Armytek Wizard v4 C2 Reg USB multifunktionales Licht mit Mikro-USB-Anschluss. Es vereint erstklassige Lichtleistung, einfache Bedienung und eine rekordverd\u00e4chtig lange Betriebszeit. Eine vielseitige und kompakte Lampe f\u00fcr die Bed\u00fcrfnisse jedes Haushalts und f\u00fcr Outdoor-Aktivit\u00e4ten. Die Lampe mit einem 3200mAh-Akku bietet bis zu 200 Tage Nutzung bei der niedrigsten Lichtleistung. Das bequeme Mikro-USB-Laden erm\u00f6glicht das Aufladen [&#8230;]\n","protected":false},"featured_media":238267,"comment_status":"open","ping_status":"closed","template":"","meta":[],"product_brand":[],"product_cat":[1145],"product_tag":[],"class_list":{"0":"post-281866","1":"product","2":"type-product","3":"status-publish","4":"has-post-thumbnail","6":"product_cat-sonstiges","8":"first","9":"outofstock","10":"taxable","11":"shipping-taxable","12":"purchasable","13":"product-type-simple"},"composite_virtual":false,"composite_layout":"","composite_add_to_cart_form_location":"","composite_editable_in_cart":false,"composite_sold_individually_context":"","composite_shop_price_calc":"","composite_components":[],"composite_scenarios":[],"group_of_quantity":0,"min_quantity":0,"max_quantity":"","exclude_order_quantity_value_rules":"no","exclude_category_quantity_rules":"no","combine_variations":"no","exclude_global_add_ons":[],"addons":[],"_links":{"self":[{"href":"https:\/\/www.huntersfriend.eu\/de\/wp-json\/wp\/v2\/product\/281866","targetHints":{"allow":["GET"]}}],"collection":[{"href":"https:\/\/www.huntersfriend.eu\/de\/wp-json\/wp\/v2\/product"}],"about":[{"href":"https:\/\/www.huntersfriend.eu\/de\/wp-json\/wp\/v2\/types\/product"}],"replies":[{"embeddable":true,"href":"https:\/\/www.huntersfriend.eu\/de\/wp-json\/wp\/v2\/comments?post=281866"}],"wp:featuredmedia":[{"embeddable":true,"href":"https:\/\/www.huntersfriend.eu\/de\/wp-json\/wp\/v2\/media\/238267"}],"wp:attachment":[{"href":"https:\/\/www.huntersfriend.eu\/de\/wp-json\/wp\/v2\/media?parent=281866"}],"wp:term":[{"taxonomy":"product_brand","embeddable":true,"href":"https:\/\/www.huntersfriend.eu\/de\/wp-json\/wp\/v2\/product_brand?post=281866"},{"taxonomy":"product_cat","embeddable":true,"href":"https:\/\/www.huntersfriend.eu\/de\/wp-json\/wp\/v2\/product_cat?post=281866"},{"taxonomy":"product_tag","embeddable":true,"href":"https:\/\/www.huntersfriend.eu\/de\/wp-json\/wp\/v2\/product_tag?post=281866"}],"curies":[{"name":"wp","href":"https:\/\/api.w.org\/{rel}","templated":true}]}}