{"id":281865,"date":"2022-10-13T16:52:19","date_gmt":"2025-06-23T10:38:13","guid":{"rendered":"https:\/\/www.huntersfriend.eu\/product\/deerhunter-rusky-thermalsocken\/"},"modified":"2025-08-26T14:48:12","modified_gmt":"2025-08-26T12:48:12","slug":"deerhunter-rusky-thermalsocken","status":"publish","type":"product","link":"https:\/\/www.huntersfriend.eu\/de\/produkt\/deerhunter-rusky-thermalsocken\/","title":{"rendered":"Deerhunter Rusky Thermalsocken"},"content":{"rendered":"<p><span class=\"jCAhz ChMk0b\"><span class=\"ryNqvb\">Mit den \u00e4u\u00dferst warmen und weichen Deerhunter Rusky Thermalsocken bleiben Ihre F\u00fc\u00dfe selbst bei niedrigeren Temperaturen lange Zeit warm.<\/span><\/span> <span class=\"jCAhz ChMk0b\"><span class=\"ryNqvb\">Das aufgeraute Material der Socken verf\u00fcgt \u00fcber hervorragende W\u00e4rmeisolationseigenschaften.<\/span><\/span> <span class=\"jCAhz ChMk0b\"><span class=\"ryNqvb\">Dank ihres flexiblen Materials passen sich die Deerhunter Rusky Thermosocken optimal an den Fu\u00df an.<\/span><\/span><\/p>\n","protected":false},"excerpt":{"rendered":"<p>Mit den \u00e4u\u00dferst warmen und weichen Deerhunter Rusky Thermalsocken bleiben Ihre F\u00fc\u00dfe selbst bei niedrigeren Temperaturen lange Zeit warm. Das aufgeraute Material der Socken verf\u00fcgt \u00fcber hervorragende W\u00e4rmeisolationseigenschaften. Dank ihres flexiblen Materials passen sich die Deerhunter Rusky Thermosocken optimal an den Fu\u00df an.<\/p>\n","protected":false},"featured_media":250792,"comment_status":"open","ping_status":"closed","template":"","meta":[],"product_brand":[],"product_cat":[1145],"product_tag":[],"class_list":{"0":"post-281865","1":"product","2":"type-product","3":"status-publish","4":"has-post-thumbnail","6":"product_cat-sonstiges","8":"first","9":"outofstock","10":"taxable","11":"shipping-taxable","12":"purchasable","13":"product-type-variable"},"composite_virtual":false,"composite_layout":"","composite_add_to_cart_form_location":"","composite_editable_in_cart":false,"composite_sold_individually_context":"","composite_shop_price_calc":"","composite_components":[],"composite_scenarios":[],"group_of_quantity":0,"min_quantity":0,"max_quantity":"","exclude_order_quantity_value_rules":"no","exclude_category_quantity_rules":"no","combine_variations":"no","exclude_global_add_ons":[],"addons":[],"_links":{"self":[{"href":"https:\/\/www.huntersfriend.eu\/de\/wp-json\/wp\/v2\/product\/281865","targetHints":{"allow":["GET"]}}],"collection":[{"href":"https:\/\/www.huntersfriend.eu\/de\/wp-json\/wp\/v2\/product"}],"about":[{"href":"https:\/\/www.huntersfriend.eu\/de\/wp-json\/wp\/v2\/types\/product"}],"replies":[{"embeddable":true,"href":"https:\/\/www.huntersfriend.eu\/de\/wp-json\/wp\/v2\/comments?post=281865"}],"wp:featuredmedia":[{"embeddable":true,"href":"https:\/\/www.huntersfriend.eu\/de\/wp-json\/wp\/v2\/media\/250792"}],"wp:attachment":[{"href":"https:\/\/www.huntersfriend.eu\/de\/wp-json\/wp\/v2\/media?parent=281865"}],"wp:term":[{"taxonomy":"product_brand","embeddable":true,"href":"https:\/\/www.huntersfriend.eu\/de\/wp-json\/wp\/v2\/product_brand?post=281865"},{"taxonomy":"product_cat","embeddable":true,"href":"https:\/\/www.huntersfriend.eu\/de\/wp-json\/wp\/v2\/product_cat?post=281865"},{"taxonomy":"product_tag","embeddable":true,"href":"https:\/\/www.huntersfriend.eu\/de\/wp-json\/wp\/v2\/product_tag?post=281865"}],"curies":[{"name":"wp","href":"https:\/\/api.w.org\/{rel}","templated":true}]}}