{"id":281861,"date":"2022-10-12T10:57:58","date_gmt":"2022-10-12T08:57:58","guid":{"rendered":"https:\/\/www.huntersfriend.eu\/product\/armytek-wizard-v4-c2-pro-usb-2\/"},"modified":"2026-03-18T22:00:29","modified_gmt":"2026-03-18T20:00:29","slug":"armytek-wizard-v4-c2-pro-usb-2","status":"publish","type":"product","link":"https:\/\/www.huntersfriend.eu\/de\/produkt\/armytek-wizard-v4-c2-pro-usb-2\/","title":{"rendered":"Armytek Wizard v4 C2 Pro USB"},"content":{"rendered":"<p>Der Armytek Wizard v4 C2 Pro USB ist eine multifunktionale Leuchte mit einer Lichtleistung von 2500 Lumen. Die perfekte L\u00f6sung f\u00fcr diejenigen, die eine kompakte und effiziente Lampe f\u00fcr vielseitige Anwendungen suchen. Reichweite bis zu 131 m. Mit dem mitgelieferten magnetischen USB-Ladeger\u00e4t k\u00f6nnen Sie sie bequem fast \u00fcberall aufladen.   <\/p>\n<p>Mithilfe des Magneten am Boden k\u00f6nnen Sie die Lampe an jeder metallischen Oberfl\u00e4che befestigen. Im Lieferumfang enthalten sind ein hochwertiges Kopfband und ein Clip, mit dem Sie die Lampe an Kleidung oder einem Rucksack befestigen k\u00f6nnen. Zudem gibt es einen Adapter, mit dem Sie die Lampe als Fahrradscheinwerfer montieren k\u00f6nnen. Dar\u00fcber hinaus kann die mit einem leistungsstarken 18650 Lithium-Ionen-Akku ausgestattete Lampe je nach Lichtleistung zwischen 2 Stunden und 200 Tagen mit einer einzigen Ladung betrieben werden.   <\/p>\n<p>Armytek Wizard v4 C2 Pro USB &#8211; Wei\u00df<\/p>\n<ul>\n<li>Lichtleistung 2500 Lumen, 12 verschiedene Modi<\/li>\n<li>Reichweite 131 m<\/li>\n<li>Betriebszeit max. 200 Tage bei einer einzigen Ladung mit minimaler Leistung <\/li>\n<li>Wasserdichtigkeit IP68 (10m)<\/li>\n<li>Sto\u00dffestigkeit max. 10 m Fallh\u00f6he <\/li>\n<li>Geh\u00e4usefarbe: Olivgr\u00fcn<\/li>\n<\/ul>\n","protected":false},"excerpt":{"rendered":"<p>Der Armytek Wizard v4 C2 Pro USB ist eine multifunktionale Leuchte mit einer Lichtleistung von 2500 Lumen. Die perfekte L\u00f6sung f\u00fcr diejenigen, die eine kompakte und effiziente Lampe f\u00fcr vielseitige Anwendungen suchen. Reichweite bis zu 131 m. Mit dem mitgelieferten magnetischen USB-Ladeger\u00e4t k\u00f6nnen Sie sie bequem fast \u00fcberall aufladen. Mithilfe des Magneten am Boden k\u00f6nnen [&#8230;]\n","protected":false},"featured_media":238297,"comment_status":"open","ping_status":"closed","template":"","meta":[],"product_brand":[],"product_cat":[2525,1408],"product_tag":[],"class_list":{"0":"post-281861","1":"product","2":"type-product","3":"status-publish","4":"has-post-thumbnail","6":"product_cat-jaktlampor","7":"product_cat-jagdlampen","9":"first","10":"instock","11":"taxable","12":"shipping-taxable","13":"purchasable","14":"product-type-simple"},"composite_virtual":false,"composite_layout":"","composite_add_to_cart_form_location":"","composite_editable_in_cart":false,"composite_sold_individually_context":"","composite_shop_price_calc":"","composite_components":[],"composite_scenarios":[],"group_of_quantity":0,"min_quantity":0,"max_quantity":"","exclude_order_quantity_value_rules":"no","exclude_category_quantity_rules":"no","combine_variations":"no","exclude_global_add_ons":[],"addons":[],"_links":{"self":[{"href":"https:\/\/www.huntersfriend.eu\/de\/wp-json\/wp\/v2\/product\/281861","targetHints":{"allow":["GET"]}}],"collection":[{"href":"https:\/\/www.huntersfriend.eu\/de\/wp-json\/wp\/v2\/product"}],"about":[{"href":"https:\/\/www.huntersfriend.eu\/de\/wp-json\/wp\/v2\/types\/product"}],"replies":[{"embeddable":true,"href":"https:\/\/www.huntersfriend.eu\/de\/wp-json\/wp\/v2\/comments?post=281861"}],"wp:featuredmedia":[{"embeddable":true,"href":"https:\/\/www.huntersfriend.eu\/de\/wp-json\/wp\/v2\/media\/238297"}],"wp:attachment":[{"href":"https:\/\/www.huntersfriend.eu\/de\/wp-json\/wp\/v2\/media?parent=281861"}],"wp:term":[{"taxonomy":"product_brand","embeddable":true,"href":"https:\/\/www.huntersfriend.eu\/de\/wp-json\/wp\/v2\/product_brand?post=281861"},{"taxonomy":"product_cat","embeddable":true,"href":"https:\/\/www.huntersfriend.eu\/de\/wp-json\/wp\/v2\/product_cat?post=281861"},{"taxonomy":"product_tag","embeddable":true,"href":"https:\/\/www.huntersfriend.eu\/de\/wp-json\/wp\/v2\/product_tag?post=281861"}],"curies":[{"name":"wp","href":"https:\/\/api.w.org\/{rel}","templated":true}]}}