{"id":281859,"date":"2022-10-12T10:45:11","date_gmt":"2022-10-12T08:45:11","guid":{"rendered":"https:\/\/www.huntersfriend.eu\/product\/final-approach-nackenwaermer\/"},"modified":"2026-04-15T10:24:28","modified_gmt":"2026-04-15T08:24:28","slug":"final-approach-nackenwaermer","status":"publish","type":"product","link":"https:\/\/www.huntersfriend.eu\/de\/produkt\/final-approach-nackenwaermer\/","title":{"rendered":"Final Approach Nackenw\u00e4rmer"},"content":{"rendered":"<p>Es gibt nichts Schlimmeres, als den kalten Nordwind im Nacken zu sp\u00fcren, wenn man sich im Freien aufh\u00e4lt. Der FA Nackenw\u00e4rmer ist die perfekte Kombination aus Funktionalit\u00e4t und W\u00e4rme f\u00fcr Wasserwildj\u00e4ger. Die Innenseite ist mit einem hochflorigen Fleece ausgekleidet, das \u00e4u\u00dferst warm und weich ist. Dieser Nackenw\u00e4rmer bietet zudem eine winddichte Technologie, die Sie auch unter h\u00e4rtesten Bedingungen warm h\u00e4lt. Der verstellbare Kordelzug erm\u00f6glicht eine optimale Passform, wenn der W\u00e4rmer \u00fcber dem Gesicht getragen wird, und der vordere Schlitz erleichtert das Atmen und Rufen.    <\/p>\n<p>MERKMALE<\/p>\n<ul>\n<li>Winddicht<\/li>\n<li>Mit hochflorigem Fleece gef\u00fcttert<\/li>\n<li>Verstellbarer Kordelzug<\/li>\n<li>Ripstop-Au\u00dfenmaterial<\/li>\n<li>4-Wege-Stretch<\/li>\n<li>Vordere \u00d6ffnung zum Rufen<\/li>\n<li>Universalgr\u00f6\u00dfe<\/li>\n<\/ul>\n","protected":false},"excerpt":{"rendered":"<p>Es gibt nichts Schlimmeres, als den kalten Nordwind im Nacken zu sp\u00fcren, wenn man sich im Freien aufh\u00e4lt. Der FA Nackenw\u00e4rmer ist die perfekte Kombination aus Funktionalit\u00e4t und W\u00e4rme f\u00fcr Wasserwildj\u00e4ger. Die Innenseite ist mit einem hochflorigen Fleece ausgekleidet, das \u00e4u\u00dferst warm und weich ist. Dieser Nackenw\u00e4rmer bietet zudem eine winddichte Technologie, die Sie auch [&#8230;]\n","protected":false},"featured_media":238104,"comment_status":"open","ping_status":"closed","template":"","meta":[],"product_brand":[],"product_cat":[1145],"product_tag":[],"class_list":{"0":"post-281859","1":"product","2":"type-product","3":"status-publish","4":"has-post-thumbnail","6":"product_cat-sonstiges","8":"first","9":"outofstock","10":"taxable","11":"shipping-taxable","12":"purchasable","13":"product-type-simple"},"composite_virtual":false,"composite_layout":"","composite_add_to_cart_form_location":"","composite_editable_in_cart":false,"composite_sold_individually_context":"","composite_shop_price_calc":"","composite_components":[],"composite_scenarios":[],"group_of_quantity":0,"min_quantity":0,"max_quantity":"","exclude_order_quantity_value_rules":"no","exclude_category_quantity_rules":"no","combine_variations":"no","exclude_global_add_ons":[],"addons":[],"_links":{"self":[{"href":"https:\/\/www.huntersfriend.eu\/de\/wp-json\/wp\/v2\/product\/281859","targetHints":{"allow":["GET"]}}],"collection":[{"href":"https:\/\/www.huntersfriend.eu\/de\/wp-json\/wp\/v2\/product"}],"about":[{"href":"https:\/\/www.huntersfriend.eu\/de\/wp-json\/wp\/v2\/types\/product"}],"replies":[{"embeddable":true,"href":"https:\/\/www.huntersfriend.eu\/de\/wp-json\/wp\/v2\/comments?post=281859"}],"wp:featuredmedia":[{"embeddable":true,"href":"https:\/\/www.huntersfriend.eu\/de\/wp-json\/wp\/v2\/media\/238104"}],"wp:attachment":[{"href":"https:\/\/www.huntersfriend.eu\/de\/wp-json\/wp\/v2\/media?parent=281859"}],"wp:term":[{"taxonomy":"product_brand","embeddable":true,"href":"https:\/\/www.huntersfriend.eu\/de\/wp-json\/wp\/v2\/product_brand?post=281859"},{"taxonomy":"product_cat","embeddable":true,"href":"https:\/\/www.huntersfriend.eu\/de\/wp-json\/wp\/v2\/product_cat?post=281859"},{"taxonomy":"product_tag","embeddable":true,"href":"https:\/\/www.huntersfriend.eu\/de\/wp-json\/wp\/v2\/product_tag?post=281859"}],"curies":[{"name":"wp","href":"https:\/\/api.w.org\/{rel}","templated":true}]}}