{"id":281857,"date":"2022-10-10T07:38:53","date_gmt":"2025-06-23T10:38:07","guid":{"rendered":"https:\/\/www.huntersfriend.eu\/product\/kicks-buck-kicker-beretta-optima-hp\/"},"modified":"2026-04-24T17:10:45","modified_gmt":"2026-04-24T15:10:45","slug":"kicks-buck-kicker-beretta-optima-hp","status":"publish","type":"product","link":"https:\/\/www.huntersfriend.eu\/de\/produkt\/kicks-buck-kicker-beretta-optima-hp\/","title":{"rendered":"Kicks Buck kicker beretta optima HP"},"content":{"rendered":"<p><span class=\"jCAhz ChMk0b\"><span class=\"ryNqvb\">Der Kicks Buck Kicker Beretta Optima HP, Light Full ist eine \u00e4hnliche Choke-Vorrichtung wie der Kicks Howler H Zubeh\u00f6r-Choke.<\/span><\/span> <span class=\"jCAhz ChMk0b\"><span class=\"ryNqvb\">Der Kicks Buck Kicker, Light Full ist besonders geeignet f\u00fcr das Schie\u00dfen mit Wolfram-Schrotmaterial, kann aber auch f\u00fcr Blei, Kupfer, Zinn und Stahl verwendet werden.<\/span><\/span> <span class=\"jCAhz ChMk0b\"><span class=\"ryNqvb\">Der Buck Kicker Optima HP, Light Full wurde auf Kundenwunsch in unser Sortiment aufgenommen;<\/span><\/span> <span class=\"jCAhz ChMk0b\"><span class=\"ryNqvb\">Der Kicks Howler wird nicht mit Optima HP-Gewinde hergestellt!<\/span><\/span><\/p>\n<p><span class=\"jCAhz ChMk0b\"><span class=\"ryNqvb\">Der gestufte Buck Kicker Zubeh\u00f6r-Choke ist aus hochwertigen Materialien gefertigt.<\/span><\/span> <span class=\"jCAhz ChMk0b\"><span class=\"ryNqvb\">Der Choke wird aus einem w\u00e4rmebehandelten 17-4PH-Edelstahlstab gefr\u00e4st.<\/span><\/span> <span class=\"jCAhz ChMk0b\"><span class=\"ryNqvb\">Bei seiner Herstellung wurden die neuesten, IT-gesteuerten Technologien und hohe Standards eingesetzt.<\/span><\/span> <span class=\"jCAhz ChMk0b\"><span class=\"ryNqvb\">Der Choke ist speziell f\u00fcr gro\u00dfes Schrot und Wolfram-Verbundschie\u00dfen konzipiert und eignet sich hervorragend f\u00fcr alle Jagdarten, bei denen ein enges Schrotmuster und gute Beweglichkeit erforderlich sind.<\/span><\/span><\/p>\n<p><span class=\"jCAhz ChMk0b\"><span class=\"ryNqvb\">Aufgrund seiner Konstruktion reduziert der Choke den R\u00fccksto\u00df, was schnellere Sch\u00fcsse erm\u00f6glicht.<\/span><\/span> <span class=\"jCAhz ChMk0b\"><span class=\"ryNqvb\">Der Choke verbessert das Trefferbild um bis zu 20 % des Originals.<\/span><\/span><\/p>\n<p><span class=\"jCAhz ChMk0b\"><span class=\"ryNqvb\">Mattschwarze Beschichtung.<\/span><\/span> <span class=\"jCAhz ChMk0b\"><span class=\"ryNqvb\">Kann auch von Hand festgezogen werden.<\/span><\/span><\/p>\n<p><span class=\"jCAhz ChMk0b\"><span class=\"ryNqvb\">Gewinde: beretta optima HP<\/span><\/span><\/p>\n<p><span class=\"jCAhz ChMk0b\"><span class=\"ryNqvb\">Hinweis!<\/span><\/span> <span class=\"jCAhz ChMk0b\"><span class=\"ryNqvb\">Bitte beachten Sie, dass Kicks Zubeh\u00f6r-Chokes f\u00fcr das Schie\u00dfen mit werksseitig geladenen Patronen vorgesehen sind.<\/span><\/span> <span class=\"jCAhz ChMk0b\"><span class=\"ryNqvb\">Das Abfeuern selbst geladener Patronen oder modifizierter werksseitig geladener Patronen erfolgt stets auf eigene Verantwortung des Laders\/Umr\u00fcsters, auch in Bezug auf Sch\u00e4den an Ausr\u00fcstung oder Personen.<\/span><\/span> <span class=\"jCAhz ChMk0b\"><span class=\"ryNqvb\">Stellen Sie stets sicher, dass das Gewinde des Kicks Zubeh\u00f6r-Chokes zu Ihrer Waffe passt.<\/span><\/span> <span class=\"jCAhz ChMk0b\"><span class=\"ryNqvb\">Sie k\u00f6nnen den korrekten Choke anhand der Markierungen auf dem Original-Ersatzchoke f\u00fcr Ihre Waffe best\u00e4tigen.<\/span><\/span><\/p>\n","protected":false},"excerpt":{"rendered":"<p>Der Kicks Buck Kicker Beretta Optima HP, Light Full ist eine \u00e4hnliche Choke-Vorrichtung wie der Kicks Howler H Zubeh\u00f6r-Choke. Der Kicks Buck Kicker, Light Full ist besonders geeignet f\u00fcr das Schie\u00dfen mit Wolfram-Schrotmaterial, kann aber auch f\u00fcr Blei, Kupfer, Zinn und Stahl verwendet werden. Der Buck Kicker Optima HP, Light Full wurde auf Kundenwunsch in [&#8230;]\n","protected":false},"featured_media":267508,"comment_status":"open","ping_status":"closed","template":"","meta":[],"product_brand":[],"product_cat":[1423],"product_tag":[],"class_list":{"0":"post-281857","1":"product","2":"type-product","3":"status-publish","4":"has-post-thumbnail","6":"product_cat-chokes","8":"first","9":"instock","10":"taxable","11":"shipping-taxable","12":"purchasable","13":"product-type-simple"},"composite_virtual":false,"composite_layout":"","composite_add_to_cart_form_location":"","composite_editable_in_cart":false,"composite_sold_individually_context":"","composite_shop_price_calc":"","composite_components":[],"composite_scenarios":[],"group_of_quantity":0,"min_quantity":0,"max_quantity":"","exclude_order_quantity_value_rules":"no","exclude_category_quantity_rules":"no","combine_variations":"no","exclude_global_add_ons":[],"addons":[],"_links":{"self":[{"href":"https:\/\/www.huntersfriend.eu\/de\/wp-json\/wp\/v2\/product\/281857","targetHints":{"allow":["GET"]}}],"collection":[{"href":"https:\/\/www.huntersfriend.eu\/de\/wp-json\/wp\/v2\/product"}],"about":[{"href":"https:\/\/www.huntersfriend.eu\/de\/wp-json\/wp\/v2\/types\/product"}],"replies":[{"embeddable":true,"href":"https:\/\/www.huntersfriend.eu\/de\/wp-json\/wp\/v2\/comments?post=281857"}],"wp:featuredmedia":[{"embeddable":true,"href":"https:\/\/www.huntersfriend.eu\/de\/wp-json\/wp\/v2\/media\/267508"}],"wp:attachment":[{"href":"https:\/\/www.huntersfriend.eu\/de\/wp-json\/wp\/v2\/media?parent=281857"}],"wp:term":[{"taxonomy":"product_brand","embeddable":true,"href":"https:\/\/www.huntersfriend.eu\/de\/wp-json\/wp\/v2\/product_brand?post=281857"},{"taxonomy":"product_cat","embeddable":true,"href":"https:\/\/www.huntersfriend.eu\/de\/wp-json\/wp\/v2\/product_cat?post=281857"},{"taxonomy":"product_tag","embeddable":true,"href":"https:\/\/www.huntersfriend.eu\/de\/wp-json\/wp\/v2\/product_tag?post=281857"}],"curies":[{"name":"wp","href":"https:\/\/api.w.org\/{rel}","templated":true}]}}