{"id":281854,"date":"2022-10-12T10:45:35","date_gmt":"2025-06-23T10:38:05","guid":{"rendered":"https:\/\/www.huntersfriend.eu\/product\/clutch-outdoors-notfall-schlafsack-biwaksack\/"},"modified":"2025-07-25T05:14:19","modified_gmt":"2025-07-25T03:14:19","slug":"clutch-outdoors-notfall-schlafsack-biwaksack","status":"publish","type":"product","link":"https:\/\/www.huntersfriend.eu\/de\/produkt\/clutch-outdoors-notfall-schlafsack-biwaksack\/","title":{"rendered":"Clutch Outdoors Notfall-Schlafsack\/Biwaksack"},"content":{"rendered":"<p><span style=\"font-weight: 400;\">In diesem wasserdichten und rei\u00dffesten Schlafsack, der nicht nur langlebig, sondern auch tragbar und kompakt ist, bewahren Sie bis zu 90% Ihrer K\u00f6rperw\u00e4rme. Mit Schutz vor Regen, Schnee und Wind wurde der Clutch Outdoors Notfall-Schlafsack konzipiert, um Sie bei verschiedenen Notfalleins\u00e4tzen sicher zu halten. Zus\u00e4tzlich zur Verwendung als Schlafsack kann er auch als Notunterkunft, Regenwassersammler, Sonnenschutz oder Poncho genutzt werden.  <\/span><\/p>\n<p><strong>Eigenschaften:<\/strong><\/p>\n<ul>\n<li>Tragbar und kompakt<\/li>\n<li>F\u00fcr Notf\u00e4lle konzipiert<\/li>\n<li>Vielseitige Notfallanwendungen<\/li>\n<li>Schutz vor Schnee, Regen und Wind<\/li>\n<li>Wasserdicht<\/li>\n<li>Thermisch<\/li>\n<li>F\u00fcr kaltes Wetter<\/li>\n<li>Wiederverwendbar<\/li>\n<li>24 Mikron Mylar ist 50% dicker als herk\u00f6mmliche Mylar-Decken &amp; sehr langlebig<\/li>\n<li>Von der NASA entwickeltes thermisches Mylar zur Bewahrung von bis zu 90% der K\u00f6rperw\u00e4rme<\/li>\n<li>Milit\u00e4rische St\u00e4rke: Rei\u00df- &amp; durchsto\u00dffestes <span style=\"font-weight: 400;\">24 Mikron Mylar-Material <\/span> <\/li>\n<\/ul>\n","protected":false},"excerpt":{"rendered":"<p>In diesem wasserdichten und rei\u00dffesten Schlafsack, der nicht nur langlebig, sondern auch tragbar und kompakt ist, bewahren Sie bis zu 90% Ihrer K\u00f6rperw\u00e4rme. Mit Schutz vor Regen, Schnee und Wind wurde der Clutch Outdoors Notfall-Schlafsack konzipiert, um Sie bei verschiedenen Notfalleins\u00e4tzen sicher zu halten. Zus\u00e4tzlich zur Verwendung als Schlafsack kann er auch als Notunterkunft, Regenwassersammler, [&#8230;]\n","protected":false},"featured_media":237997,"comment_status":"open","ping_status":"closed","template":"","meta":[],"product_brand":[],"product_cat":[2050,2049],"product_tag":[],"class_list":{"0":"post-281854","1":"product","2":"type-product","3":"status-publish","4":"has-post-thumbnail","6":"product_cat-campingzubehor","7":"product_cat-schlafsacke","9":"first","10":"instock","11":"featured","12":"taxable","13":"shipping-taxable","14":"purchasable","15":"product-type-simple"},"composite_virtual":false,"composite_layout":"","composite_add_to_cart_form_location":"","composite_editable_in_cart":false,"composite_sold_individually_context":"","composite_shop_price_calc":"","composite_components":[],"composite_scenarios":[],"group_of_quantity":0,"min_quantity":0,"max_quantity":"","exclude_order_quantity_value_rules":"no","exclude_category_quantity_rules":"no","combine_variations":"no","exclude_global_add_ons":[],"addons":[],"_links":{"self":[{"href":"https:\/\/www.huntersfriend.eu\/de\/wp-json\/wp\/v2\/product\/281854","targetHints":{"allow":["GET"]}}],"collection":[{"href":"https:\/\/www.huntersfriend.eu\/de\/wp-json\/wp\/v2\/product"}],"about":[{"href":"https:\/\/www.huntersfriend.eu\/de\/wp-json\/wp\/v2\/types\/product"}],"replies":[{"embeddable":true,"href":"https:\/\/www.huntersfriend.eu\/de\/wp-json\/wp\/v2\/comments?post=281854"}],"wp:featuredmedia":[{"embeddable":true,"href":"https:\/\/www.huntersfriend.eu\/de\/wp-json\/wp\/v2\/media\/237997"}],"wp:attachment":[{"href":"https:\/\/www.huntersfriend.eu\/de\/wp-json\/wp\/v2\/media?parent=281854"}],"wp:term":[{"taxonomy":"product_brand","embeddable":true,"href":"https:\/\/www.huntersfriend.eu\/de\/wp-json\/wp\/v2\/product_brand?post=281854"},{"taxonomy":"product_cat","embeddable":true,"href":"https:\/\/www.huntersfriend.eu\/de\/wp-json\/wp\/v2\/product_cat?post=281854"},{"taxonomy":"product_tag","embeddable":true,"href":"https:\/\/www.huntersfriend.eu\/de\/wp-json\/wp\/v2\/product_tag?post=281854"}],"curies":[{"name":"wp","href":"https:\/\/api.w.org\/{rel}","templated":true}]}}