{"id":281850,"date":"2022-10-12T10:45:35","date_gmt":"2025-06-23T10:38:02","guid":{"rendered":"https:\/\/www.huntersfriend.eu\/product\/clutch-outdoors-notfall-ueberlebenszelt\/"},"modified":"2025-07-18T05:26:09","modified_gmt":"2025-07-18T03:26:09","slug":"clutch-outdoors-notfall-ueberlebenszelt","status":"publish","type":"product","link":"https:\/\/www.huntersfriend.eu\/de\/produkt\/clutch-outdoors-notfall-ueberlebenszelt\/","title":{"rendered":"Clutch Outdoors Notfall-\u00dcberlebenszelt"},"content":{"rendered":"<p>Seien Sie auf jede unvorhergesehene Situation vorbereitet mit dem Clutch Outdoors \u00dcberlebenszelt. Das \u00dcberlebenszelt ist ein Notfall-\u00dcberlebensunterstand, den Sie stets in Ihrem \u00dcberlebenspaket haben sollten. Das \u00dcberlebenszelt ist \u00e4u\u00dferst robust, wasserdicht und windbest\u00e4ndig dank seines rei\u00dffesten Materials und versiegelter N\u00e4hte. Die NASA-konzipierte Thermomylarfolie kann bis zu 90% der K\u00f6rperw\u00e4rme zur\u00fcckhalten, wenn sie als Schlafsack oder Poncho verwendet wird. Zus\u00e4tzliche Anwendungsm\u00f6glichkeiten umfassen die Nutzung als Unterstand, SOS-Signal, Wassersammler und\/oder Schneeschmelzbeh\u00e4lter.    <\/p>\n<p><strong> Beinhaltet:<\/strong><\/p>\n<ul>\n<li>Notfallzelt<\/li>\n<li>Paracord: leuchtend orange Sicherheitsfarbe f\u00fcr hohe Sichtbarkeit<\/li>\n<li>4 Zelteckenbefestigungen<\/li>\n<li>Tragetasche<\/li>\n<li>24 Mikron Mylar ist 50% dicker als herk\u00f6mmliche Mylar-Decken &amp; sehr langlebig<\/li>\n<li>NASA-konzipierte Thermomylarfolie zur R\u00fcckhaltung von bis zu 90% der K\u00f6rperw\u00e4rme<\/li>\n<li>Milit\u00e4rische Qualit\u00e4t: Rei\u00df- &amp; durchstichfestes 24 Mikron Mylar-Material<\/li>\n<\/ul>\n","protected":false},"excerpt":{"rendered":"<p>Seien Sie auf jede unvorhergesehene Situation vorbereitet mit dem Clutch Outdoors \u00dcberlebenszelt. Das \u00dcberlebenszelt ist ein Notfall-\u00dcberlebensunterstand, den Sie stets in Ihrem \u00dcberlebenspaket haben sollten. Das \u00dcberlebenszelt ist \u00e4u\u00dferst robust, wasserdicht und windbest\u00e4ndig dank seines rei\u00dffesten Materials und versiegelter N\u00e4hte. Die NASA-konzipierte Thermomylarfolie kann bis zu 90% der K\u00f6rperw\u00e4rme zur\u00fcckhalten, wenn sie als Schlafsack oder [&#8230;]\n","protected":false},"featured_media":238003,"comment_status":"open","ping_status":"closed","template":"","meta":[],"product_brand":[],"product_cat":[2050,2115,2114],"product_tag":[],"class_list":{"0":"post-281850","1":"product","2":"type-product","3":"status-publish","4":"has-post-thumbnail","6":"product_cat-campingzubehor","7":"product_cat-planen","8":"product_cat-zelte","10":"first","11":"instock","12":"featured","13":"taxable","14":"shipping-taxable","15":"purchasable","16":"product-type-simple"},"composite_virtual":false,"composite_layout":"","composite_add_to_cart_form_location":"","composite_editable_in_cart":false,"composite_sold_individually_context":"","composite_shop_price_calc":"","composite_components":[],"composite_scenarios":[],"group_of_quantity":0,"min_quantity":0,"max_quantity":"","exclude_order_quantity_value_rules":"no","exclude_category_quantity_rules":"no","combine_variations":"no","exclude_global_add_ons":[],"addons":[],"_links":{"self":[{"href":"https:\/\/www.huntersfriend.eu\/de\/wp-json\/wp\/v2\/product\/281850","targetHints":{"allow":["GET"]}}],"collection":[{"href":"https:\/\/www.huntersfriend.eu\/de\/wp-json\/wp\/v2\/product"}],"about":[{"href":"https:\/\/www.huntersfriend.eu\/de\/wp-json\/wp\/v2\/types\/product"}],"replies":[{"embeddable":true,"href":"https:\/\/www.huntersfriend.eu\/de\/wp-json\/wp\/v2\/comments?post=281850"}],"wp:featuredmedia":[{"embeddable":true,"href":"https:\/\/www.huntersfriend.eu\/de\/wp-json\/wp\/v2\/media\/238003"}],"wp:attachment":[{"href":"https:\/\/www.huntersfriend.eu\/de\/wp-json\/wp\/v2\/media?parent=281850"}],"wp:term":[{"taxonomy":"product_brand","embeddable":true,"href":"https:\/\/www.huntersfriend.eu\/de\/wp-json\/wp\/v2\/product_brand?post=281850"},{"taxonomy":"product_cat","embeddable":true,"href":"https:\/\/www.huntersfriend.eu\/de\/wp-json\/wp\/v2\/product_cat?post=281850"},{"taxonomy":"product_tag","embeddable":true,"href":"https:\/\/www.huntersfriend.eu\/de\/wp-json\/wp\/v2\/product_tag?post=281850"}],"curies":[{"name":"wp","href":"https:\/\/api.w.org\/{rel}","templated":true}]}}