{"id":281849,"date":"2022-10-05T05:24:33","date_gmt":"2025-06-23T10:38:00","guid":{"rendered":"https:\/\/www.huntersfriend.eu\/product\/nordforest-gamaschen\/"},"modified":"2025-08-27T06:24:25","modified_gmt":"2025-08-27T04:24:25","slug":"nordforest-gamaschen","status":"publish","type":"product","link":"https:\/\/www.huntersfriend.eu\/de\/produkt\/nordforest-gamaschen\/","title":{"rendered":"Nordforest Gamaschen"},"content":{"rendered":"<p><span class=\"jCAhz ChMk0b\"><span class=\"ryNqvb\">Nordforest Gamaschen bieten zuverl\u00e4ssigen Schutz in schwierigem und dichtem Gel\u00e4nde.<\/span><\/span> <span class=\"jCAhz ChMk0b\"><span class=\"ryNqvb\">Sie sind aus hochstrapazierf\u00e4higem, wasserdichtem Nylon gefertigt und k\u00f6nnen dank des robusten Klettverschlusses an der Vorderseite schnell und einfach an- und ausgezogen werden.<\/span><\/span> <span class=\"jCAhz ChMk0b\"><span class=\"ryNqvb\">Der verstellbare Bodenriemen und der vordere Haken im unteren Bereich sowie der Kordelzug und der Knopf an der Wade sorgen f\u00fcr einen festen Sitz und verhindern effektiv das Eindringen von Wasser, Schnee und Schmutz in das Beininnere.<\/span><\/span><\/p>\n<p><span class=\"jCAhz ChMk0b\"><span class=\"ryNqvb\">Material Nylon<\/span><\/span> <span class=\"jCAhz ChMk0b\"><span class=\"ryNqvb\">Klettverschluss an der Vorderseite<\/span><\/span> <span class=\"jCAhz ChMk0b\"><span class=\"ryNqvb\">Wasserdicht und langlebig<\/span><\/span><\/p>\n<p><span class=\"jCAhz ChMk0b\"><span class=\"ryNqvb\">Vorderer Haken zur Verankerung der Schn\u00fcrsenkel<\/span><\/span><\/p>\n<p><span class=\"jCAhz ChMk0b\"><span class=\"ryNqvb\">Verstellbarer Bodenriemen<\/span><\/span><\/p>\n<p><span class=\"jCAhz ChMk0b\"><span class=\"ryNqvb\">Elastische Gummib\u00e4nder<\/span><\/span><\/p>\n<p><span class=\"jCAhz ChMk0b\"><span class=\"ryNqvb\">Knopfverschluss und Kordelzug an der Wade<\/span><\/span><\/p>\n<p><span class=\"jCAhz ChMk0b\"><span class=\"ryNqvb\">Gr\u00f6\u00dfe S: L\u00e4nge 41 cm, Umfang 40 cm<br \/>\n<\/span><\/span>Gr\u00f6\u00dfe M: L\u00e4nge 43 cm, Umfang 42 cm<br \/>\n<span class=\"jCAhz ChMk0b\"><span class=\"ryNqvb\">Gr\u00f6\u00dfe L: L\u00e4nge 44 cm, Umfang 44 cm<\/span><\/span><\/p>\n","protected":false},"excerpt":{"rendered":"<p>Nordforest Gamaschen bieten zuverl\u00e4ssigen Schutz in schwierigem und dichtem Gel\u00e4nde. Sie sind aus hochstrapazierf\u00e4higem, wasserdichtem Nylon gefertigt und k\u00f6nnen dank des robusten Klettverschlusses an der Vorderseite schnell und einfach an- und ausgezogen werden. Der verstellbare Bodenriemen und der vordere Haken im unteren Bereich sowie der Kordelzug und der Knopf an der Wade sorgen f\u00fcr einen [&#8230;]\n","protected":false},"featured_media":250814,"comment_status":"open","ping_status":"closed","template":"","meta":[],"product_brand":[],"product_cat":[1380],"product_tag":[],"class_list":{"0":"post-281849","1":"product","2":"type-product","3":"status-publish","4":"has-post-thumbnail","6":"product_cat-zubehor","8":"first","9":"instock","10":"taxable","11":"shipping-taxable","12":"purchasable","13":"product-type-variable"},"composite_virtual":false,"composite_layout":"","composite_add_to_cart_form_location":"","composite_editable_in_cart":false,"composite_sold_individually_context":"","composite_shop_price_calc":"","composite_components":[],"composite_scenarios":[],"group_of_quantity":0,"min_quantity":0,"max_quantity":"","exclude_order_quantity_value_rules":"no","exclude_category_quantity_rules":"no","combine_variations":"no","exclude_global_add_ons":[],"addons":[],"_links":{"self":[{"href":"https:\/\/www.huntersfriend.eu\/de\/wp-json\/wp\/v2\/product\/281849","targetHints":{"allow":["GET"]}}],"collection":[{"href":"https:\/\/www.huntersfriend.eu\/de\/wp-json\/wp\/v2\/product"}],"about":[{"href":"https:\/\/www.huntersfriend.eu\/de\/wp-json\/wp\/v2\/types\/product"}],"replies":[{"embeddable":true,"href":"https:\/\/www.huntersfriend.eu\/de\/wp-json\/wp\/v2\/comments?post=281849"}],"wp:featuredmedia":[{"embeddable":true,"href":"https:\/\/www.huntersfriend.eu\/de\/wp-json\/wp\/v2\/media\/250814"}],"wp:attachment":[{"href":"https:\/\/www.huntersfriend.eu\/de\/wp-json\/wp\/v2\/media?parent=281849"}],"wp:term":[{"taxonomy":"product_brand","embeddable":true,"href":"https:\/\/www.huntersfriend.eu\/de\/wp-json\/wp\/v2\/product_brand?post=281849"},{"taxonomy":"product_cat","embeddable":true,"href":"https:\/\/www.huntersfriend.eu\/de\/wp-json\/wp\/v2\/product_cat?post=281849"},{"taxonomy":"product_tag","embeddable":true,"href":"https:\/\/www.huntersfriend.eu\/de\/wp-json\/wp\/v2\/product_tag?post=281849"}],"curies":[{"name":"wp","href":"https:\/\/api.w.org\/{rel}","templated":true}]}}