{"id":281847,"date":"2022-10-04T07:00:36","date_gmt":"2025-06-23T10:37:57","guid":{"rendered":"https:\/\/www.huntersfriend.eu\/product\/hha-tetra-lt-koechersatz-rueckmontagehalterung\/"},"modified":"2025-06-23T12:37:57","modified_gmt":"2025-06-23T10:37:57","slug":"hha-tetra-lt-koechersatz-rueckmontagehalterung","status":"publish","type":"product","link":"https:\/\/www.huntersfriend.eu\/de\/produkt\/hha-tetra-lt-koechersatz-rueckmontagehalterung\/","title":{"rendered":"HHA Tetra LT K\u00f6chersatz R\u00fcckmontagehalterung"},"content":{"rendered":"<p>Stufenlos einstellbare K\u00f6cherhalterung f\u00fcr Tetra LT erm\u00f6glicht einen versetzten und engeren K\u00f6cheranschluss.<\/p>\n<p>&nbsp;<\/p>\n<p>(Bitte beachten Sie, dass das Bild den Visiereinstellarm beinhaltet, aber das Produkt lediglich aus der angebrachten Halterung besteht!)<\/p>\n","protected":false},"excerpt":{"rendered":"<p>Stufenlos einstellbare K\u00f6cherhalterung f\u00fcr Tetra LT erm\u00f6glicht einen versetzten und engeren K\u00f6cheranschluss. &nbsp; (Bitte beachten Sie, dass das Bild den Visiereinstellarm beinhaltet, aber das Produkt lediglich aus der angebrachten Halterung besteht!)<\/p>\n","protected":false},"featured_media":245820,"comment_status":"open","ping_status":"closed","template":"","meta":[],"product_brand":[],"product_cat":[1237],"product_tag":[],"class_list":{"0":"post-281847","1":"product","2":"type-product","3":"status-publish","4":"has-post-thumbnail","6":"product_cat-teile-fuer-visiere","8":"first","9":"instock","10":"taxable","11":"shipping-taxable","12":"purchasable","13":"product-type-simple"},"composite_virtual":false,"composite_layout":"","composite_add_to_cart_form_location":"","composite_editable_in_cart":false,"composite_sold_individually_context":"","composite_shop_price_calc":"","composite_components":[],"composite_scenarios":[],"group_of_quantity":0,"min_quantity":0,"max_quantity":"","exclude_order_quantity_value_rules":"no","exclude_category_quantity_rules":"no","combine_variations":"no","exclude_global_add_ons":[],"addons":[],"_links":{"self":[{"href":"https:\/\/www.huntersfriend.eu\/de\/wp-json\/wp\/v2\/product\/281847","targetHints":{"allow":["GET"]}}],"collection":[{"href":"https:\/\/www.huntersfriend.eu\/de\/wp-json\/wp\/v2\/product"}],"about":[{"href":"https:\/\/www.huntersfriend.eu\/de\/wp-json\/wp\/v2\/types\/product"}],"replies":[{"embeddable":true,"href":"https:\/\/www.huntersfriend.eu\/de\/wp-json\/wp\/v2\/comments?post=281847"}],"wp:featuredmedia":[{"embeddable":true,"href":"https:\/\/www.huntersfriend.eu\/de\/wp-json\/wp\/v2\/media\/245820"}],"wp:attachment":[{"href":"https:\/\/www.huntersfriend.eu\/de\/wp-json\/wp\/v2\/media?parent=281847"}],"wp:term":[{"taxonomy":"product_brand","embeddable":true,"href":"https:\/\/www.huntersfriend.eu\/de\/wp-json\/wp\/v2\/product_brand?post=281847"},{"taxonomy":"product_cat","embeddable":true,"href":"https:\/\/www.huntersfriend.eu\/de\/wp-json\/wp\/v2\/product_cat?post=281847"},{"taxonomy":"product_tag","embeddable":true,"href":"https:\/\/www.huntersfriend.eu\/de\/wp-json\/wp\/v2\/product_tag?post=281847"}],"curies":[{"name":"wp","href":"https:\/\/api.w.org\/{rel}","templated":true}]}}