{"id":281832,"date":"2022-10-03T13:03:35","date_gmt":"2022-10-03T11:03:35","guid":{"rendered":"https:\/\/www.huntersfriend.eu\/product\/vanetec-v-max\/"},"modified":"2026-04-10T11:39:59","modified_gmt":"2026-04-10T09:39:59","slug":"vanetec-v-max","status":"publish","type":"product","link":"https:\/\/www.huntersfriend.eu\/de\/produkt\/vanetec-v-max\/","title":{"rendered":"Vanetec v-Max"},"content":{"rendered":"<p>V-MAX-Fl\u00fcgel sind Fl\u00fcgel mit Standardprofil, die speziell zur Vergr\u00f6\u00dferung der Oberfl\u00e4che entwickelt wurden, was zu einer sofortigen Kontrolle f\u00fchrt. V-MAX-Fl\u00fcgel bieten eine un\u00fcbertroffene Haltbarkeit. Sie sind robust genug, um den Anforderungen von Durchsch\u00fcssen standzuhalten, die mit den heutigen Hochgeschwindigkeitsb\u00f6gen und Armbr\u00fcsten erreichbar sind.  <\/p>\n<ul>\n<li>H\u00f6he: 0,49 Zoll.<\/li>\n<li>Gewicht: 6,4 Grains.<\/li>\n<\/ul>\n<p><b>Merkmale:<\/b><br \/>\nFl\u00fcgel mit Standardprofil<br \/>\nVergr\u00f6\u00dferte Oberfl\u00e4che f\u00fcr sofortige Kontrolle<br \/>\nRobust genug, um den Anforderungen von Durchsch\u00fcssen standzuhalten, die mit den heutigen Hochgeschwindigkeitsb\u00f6gen und Armbr\u00fcsten erreichbar sind<\/p>\n","protected":false},"excerpt":{"rendered":"<p>V-MAX-Fl\u00fcgel sind Fl\u00fcgel mit Standardprofil, die speziell zur Vergr\u00f6\u00dferung der Oberfl\u00e4che entwickelt wurden, was zu einer sofortigen Kontrolle f\u00fchrt. V-MAX-Fl\u00fcgel bieten eine un\u00fcbertroffene Haltbarkeit. Sie sind robust genug, um den Anforderungen von Durchsch\u00fcssen standzuhalten, die mit den heutigen Hochgeschwindigkeitsb\u00f6gen und Armbr\u00fcsten erreichbar sind. H\u00f6he: 0,49 Zoll. Gewicht: 6,4 Grains. Merkmale: Fl\u00fcgel mit Standardprofil Vergr\u00f6\u00dferte Oberfl\u00e4che [&#8230;]\n","protected":false},"featured_media":237254,"comment_status":"open","ping_status":"closed","template":"","meta":[],"product_brand":[],"product_cat":[1097,1222],"product_tag":[],"class_list":{"0":"post-281832","1":"product","2":"type-product","3":"status-publish","4":"has-post-thumbnail","6":"product_cat-fletching-de","7":"product_cat-sonderangebote","9":"first","10":"instock","11":"sale","12":"taxable","13":"shipping-taxable","14":"purchasable","15":"product-type-variable"},"composite_virtual":false,"composite_layout":"","composite_add_to_cart_form_location":"","composite_editable_in_cart":false,"composite_sold_individually_context":"","composite_shop_price_calc":"","composite_components":[],"composite_scenarios":[],"group_of_quantity":0,"min_quantity":0,"max_quantity":"","exclude_order_quantity_value_rules":"no","exclude_category_quantity_rules":"no","combine_variations":"no","exclude_global_add_ons":[],"addons":[],"_links":{"self":[{"href":"https:\/\/www.huntersfriend.eu\/de\/wp-json\/wp\/v2\/product\/281832","targetHints":{"allow":["GET"]}}],"collection":[{"href":"https:\/\/www.huntersfriend.eu\/de\/wp-json\/wp\/v2\/product"}],"about":[{"href":"https:\/\/www.huntersfriend.eu\/de\/wp-json\/wp\/v2\/types\/product"}],"replies":[{"embeddable":true,"href":"https:\/\/www.huntersfriend.eu\/de\/wp-json\/wp\/v2\/comments?post=281832"}],"wp:featuredmedia":[{"embeddable":true,"href":"https:\/\/www.huntersfriend.eu\/de\/wp-json\/wp\/v2\/media\/237254"}],"wp:attachment":[{"href":"https:\/\/www.huntersfriend.eu\/de\/wp-json\/wp\/v2\/media?parent=281832"}],"wp:term":[{"taxonomy":"product_brand","embeddable":true,"href":"https:\/\/www.huntersfriend.eu\/de\/wp-json\/wp\/v2\/product_brand?post=281832"},{"taxonomy":"product_cat","embeddable":true,"href":"https:\/\/www.huntersfriend.eu\/de\/wp-json\/wp\/v2\/product_cat?post=281832"},{"taxonomy":"product_tag","embeddable":true,"href":"https:\/\/www.huntersfriend.eu\/de\/wp-json\/wp\/v2\/product_tag?post=281832"}],"curies":[{"name":"wp","href":"https:\/\/api.w.org\/{rel}","templated":true}]}}