{"id":281831,"date":"2022-08-31T12:31:54","date_gmt":"2025-06-23T10:37:54","guid":{"rendered":"https:\/\/www.huntersfriend.eu\/product\/eberlestock-x1-euro-ii\/"},"modified":"2025-08-27T06:24:14","modified_gmt":"2025-08-27T04:24:14","slug":"eberlestock-x1-euro-ii","status":"publish","type":"product","link":"https:\/\/www.huntersfriend.eu\/de\/produkt\/eberlestock-x1-euro-ii\/","title":{"rendered":"Eberlestock X1 euro II"},"content":{"rendered":"<p>Der X1 Euro\u2122 zeichnet sich durch eine hervorragende Zug\u00e4nglichkeit zum gesamten Innenraum des Rucksacks aus, die durch Rei\u00dfverschl\u00fcsse zum Beladen von oben und unten vorne erm\u00f6glicht wird. Ein klappbares Zwischenfach erlaubt es Ihnen, die obere und untere Kammer unabh\u00e4ngig voneinander oder als kombinierten Raum zu nutzen. Gro\u00dfz\u00fcgige Aufbewahrungstaschen halten Ihre kleineren Gegenst\u00e4nde organisiert, und ein Gewehrholster in voller Breite h\u00e4lt Ihre H\u00e4nde frei. Leichtes MOLLE-10-Gurtband bietet Befestigungsm\u00f6glichkeiten f\u00fcr eine Vielzahl von Ausr\u00fcstung und Zubeh\u00f6r.   <\/p>\n<p><strong>MERKMALE:<\/strong><\/p>\n<ul>\n<li>Das patentierte Backscabbard in der Mittellinie ist breiter und verf\u00fcgt \u00fcber ein neues kompressionsartiges Stabilit\u00e4tsmerkmal, das praktisch alle Jagdgewehre stabil h\u00e4lt, von Hebel- \u00fcber Repetier- bis hin zu AR-Gewehren.<\/li>\n<li>Eberlestock&#8217;s MOLLE-10 Padlock-Gurtbandmatrix ist 60% leichter als herk\u00f6mmliches MOLLE-Gurtband und h\u00e4lt dennoch die meisten Standard-25mm-MOLLE-Zubeh\u00f6rteile.<\/li>\n<li>Wird mit einem leichten Gossamer-Polycarbonat-Rahmen geliefert, der mehr Unterst\u00fctzung bietet und sich gut zum Tragen schwererer Lasten eignet.<\/li>\n<li>Vertikal verstellbarer Schultergurt erm\u00f6glicht eine individuelle Anpassung an die meisten Oberk\u00f6rperl\u00e4ngen.<\/li>\n<\/ul>\n<p><strong>TECHNISCHE DATEN:<\/strong><\/p>\n<ul>\n<li>Gesamtvolumen: 2.175 c.i. (c.i. beinhaltet nicht das Holstervolumen)<\/li>\n<li>Gewicht: 5,75 lbs<\/li>\n<li>Abmessungen Haupttasche: 24H x 11,25B x 10,5T<\/li>\n<li>Holsterabmessungen: 34&#8243;L x 10&#8243;B, mit einer 24&#8243; Umfangs\u00f6ffnung<\/li>\n<\/ul>\n","protected":false},"excerpt":{"rendered":"<p>3 verschiedene Farboptionen<\/p>\n","protected":false},"featured_media":235968,"comment_status":"open","ping_status":"closed","template":"","meta":[],"product_brand":[],"product_cat":[1407],"product_tag":[],"class_list":{"0":"post-281831","1":"product","2":"type-product","3":"status-publish","4":"has-post-thumbnail","6":"product_cat-jagdrucksacke","7":"product_shipping_class-medium-de","9":"first","10":"instock","11":"taxable","12":"shipping-taxable","13":"purchasable","14":"product-type-variable"},"composite_virtual":false,"composite_layout":"","composite_add_to_cart_form_location":"","composite_editable_in_cart":false,"composite_sold_individually_context":"","composite_shop_price_calc":"","composite_components":[],"composite_scenarios":[],"group_of_quantity":0,"min_quantity":0,"max_quantity":"","exclude_order_quantity_value_rules":"no","exclude_category_quantity_rules":"no","combine_variations":"no","exclude_global_add_ons":[],"addons":[],"_links":{"self":[{"href":"https:\/\/www.huntersfriend.eu\/de\/wp-json\/wp\/v2\/product\/281831","targetHints":{"allow":["GET"]}}],"collection":[{"href":"https:\/\/www.huntersfriend.eu\/de\/wp-json\/wp\/v2\/product"}],"about":[{"href":"https:\/\/www.huntersfriend.eu\/de\/wp-json\/wp\/v2\/types\/product"}],"replies":[{"embeddable":true,"href":"https:\/\/www.huntersfriend.eu\/de\/wp-json\/wp\/v2\/comments?post=281831"}],"wp:featuredmedia":[{"embeddable":true,"href":"https:\/\/www.huntersfriend.eu\/de\/wp-json\/wp\/v2\/media\/235968"}],"wp:attachment":[{"href":"https:\/\/www.huntersfriend.eu\/de\/wp-json\/wp\/v2\/media?parent=281831"}],"wp:term":[{"taxonomy":"product_brand","embeddable":true,"href":"https:\/\/www.huntersfriend.eu\/de\/wp-json\/wp\/v2\/product_brand?post=281831"},{"taxonomy":"product_cat","embeddable":true,"href":"https:\/\/www.huntersfriend.eu\/de\/wp-json\/wp\/v2\/product_cat?post=281831"},{"taxonomy":"product_tag","embeddable":true,"href":"https:\/\/www.huntersfriend.eu\/de\/wp-json\/wp\/v2\/product_tag?post=281831"}],"curies":[{"name":"wp","href":"https:\/\/api.w.org\/{rel}","templated":true}]}}