{"id":281830,"date":"2022-08-30T15:00:55","date_gmt":"2025-06-23T10:37:53","guid":{"rendered":"https:\/\/www.huntersfriend.eu\/product\/mtm-buechsenmacher-gewehrwartungs-und-reinigungszentrum\/"},"modified":"2026-02-25T10:36:25","modified_gmt":"2026-02-25T08:36:25","slug":"mtm-buechsenmacher-gewehrwartungs-und-reinigungszentrum","status":"publish","type":"product","link":"https:\/\/www.huntersfriend.eu\/de\/produkt\/mtm-buechsenmacher-gewehrwartungs-und-reinigungszentrum\/","title":{"rendered":"MTM B\u00fcchsenmacher-Gewehrwartungs- und -reinigungszentrum"},"content":{"rendered":"<p>Das MTM Case-Gard B\u00fcchsenmacher-Wartungszentrum stellt einen der besten Werte auf dem Markt dar. Zwei abnehmbare Gabeln mit eingeformtem Gummi zum Schutz Ihrer Schusswaffen k\u00f6nnen auch Ihre Reinigungsst\u00e4be aufnehmen. Jede Gabel verf\u00fcgt \u00fcber zwei H\u00f6heneinstellungen, um Schusswaffen waagerecht, aufrecht oder kopf\u00fcber zu halten. F\u00e4cher sind f\u00fcr Ihre Reinigungsmittelflaschen vorgesehen, um Versch\u00fcttungen zu verhindern. Dieses Gewehrwartungszentrum bietet so viel Platz, dass Sie all Ihre Waffenreinigungsutensilien an einem bequemen Ort aufbewahren und transportieren k\u00f6nnen.    <\/p>\n<p>Es eignet sich zudem hervorragend f\u00fcr die Montage von Zielfernrohren, Schwenkvorrichtungen, das Einbetten von Verschl\u00fcssen und dergleichen.<\/p>\n<p>Abmessungen: 75 cm x 10 cm x 24 cm<\/p>\n","protected":false},"excerpt":{"rendered":"<p>Das MTM Case-Gard B\u00fcchsenmacher-Wartungszentrum stellt einen der besten Werte auf dem Markt dar. Zwei abnehmbare Gabeln mit eingeformtem Gummi zum Schutz Ihrer Schusswaffen k\u00f6nnen auch Ihre Reinigungsst\u00e4be aufnehmen. Jede Gabel verf\u00fcgt \u00fcber zwei H\u00f6heneinstellungen, um Schusswaffen waagerecht, aufrecht oder kopf\u00fcber zu halten. F\u00e4cher sind f\u00fcr Ihre Reinigungsmittelflaschen vorgesehen, um Versch\u00fcttungen zu verhindern. Dieses Gewehrwartungszentrum bietet [&#8230;]\n","protected":false},"featured_media":241790,"comment_status":"open","ping_status":"closed","template":"","meta":[],"product_brand":[],"product_cat":[2542],"product_tag":[],"class_list":{"0":"post-281830","1":"product","2":"type-product","3":"status-publish","4":"has-post-thumbnail","6":"product_cat-rengoring-och-underhall","8":"first","9":"instock","10":"taxable","11":"shipping-taxable","12":"purchasable","13":"product-type-simple"},"composite_virtual":false,"composite_layout":"","composite_add_to_cart_form_location":"","composite_editable_in_cart":false,"composite_sold_individually_context":"","composite_shop_price_calc":"","composite_components":[],"composite_scenarios":[],"group_of_quantity":0,"min_quantity":0,"max_quantity":"","exclude_order_quantity_value_rules":"no","exclude_category_quantity_rules":"no","combine_variations":"no","exclude_global_add_ons":[],"addons":[],"_links":{"self":[{"href":"https:\/\/www.huntersfriend.eu\/de\/wp-json\/wp\/v2\/product\/281830","targetHints":{"allow":["GET"]}}],"collection":[{"href":"https:\/\/www.huntersfriend.eu\/de\/wp-json\/wp\/v2\/product"}],"about":[{"href":"https:\/\/www.huntersfriend.eu\/de\/wp-json\/wp\/v2\/types\/product"}],"replies":[{"embeddable":true,"href":"https:\/\/www.huntersfriend.eu\/de\/wp-json\/wp\/v2\/comments?post=281830"}],"wp:featuredmedia":[{"embeddable":true,"href":"https:\/\/www.huntersfriend.eu\/de\/wp-json\/wp\/v2\/media\/241790"}],"wp:attachment":[{"href":"https:\/\/www.huntersfriend.eu\/de\/wp-json\/wp\/v2\/media?parent=281830"}],"wp:term":[{"taxonomy":"product_brand","embeddable":true,"href":"https:\/\/www.huntersfriend.eu\/de\/wp-json\/wp\/v2\/product_brand?post=281830"},{"taxonomy":"product_cat","embeddable":true,"href":"https:\/\/www.huntersfriend.eu\/de\/wp-json\/wp\/v2\/product_cat?post=281830"},{"taxonomy":"product_tag","embeddable":true,"href":"https:\/\/www.huntersfriend.eu\/de\/wp-json\/wp\/v2\/product_tag?post=281830"}],"curies":[{"name":"wp","href":"https:\/\/api.w.org\/{rel}","templated":true}]}}