{"id":281829,"date":"2022-08-30T15:00:55","date_gmt":"2025-06-23T10:37:52","guid":{"rendered":"https:\/\/www.huntersfriend.eu\/product\/mtm-waffenschraubstock\/"},"modified":"2025-06-23T12:37:52","modified_gmt":"2025-06-23T10:37:52","slug":"mtm-waffenschraubstock","status":"publish","type":"product","link":"https:\/\/www.huntersfriend.eu\/de\/produkt\/mtm-waffenschraubstock\/","title":{"rendered":"MTM Waffenschraubstock"},"content":{"rendered":"<div class=\"card__header\">\n<p class=\"card__title heading h3\" style=\"text-align: left;\"><span style=\"color: #555555; font-size: 14.4px;\">Der MTM Waffenschraubstock wurde entwickelt, um eine gro\u00dfe Bandbreite an Schusswaffen f\u00fcr die Reinigung, Wartung oder B\u00fcchsenmacherarbeiten aufzunehmen und ist f\u00fcr Gewehre und Schrotflinten geeignet. <\/span><span style=\"color: #555555; font-size: 14.4px;\">Alle Kontaktpunkte mit der Waffe sind gummiert, um die Oberfl\u00e4che Ihrer Waffen zu sch\u00fctzen. <\/span><span style=\"color: #555555; font-size: 14.4px;\">Die zweite Gabel hinter der Klemme dient der Waffenreinigung, sodass diese im korrekten Winkel f\u00fcr die Reinigung positioniert werden k\u00f6nnen. Die 11 F\u00e4cher in der Basis k\u00f6nnen zur Trennung von Waffenkomponenten oder beliebigen anderen Gegenst\u00e4nden verwendet werden. 21 in die Einheit eingegossene Schraubendreher-Bit-Halter eignen sich ebenso gut f\u00fcr Putzstock-Aufs\u00e4tze und B\u00fcrsten wie f\u00fcr Bits. Hergestellt aus robustem, chemikalien- und l\u00f6sungsmittelbest\u00e4ndigem Polypropylen-Kunststoff.    <\/span><\/p>\n<\/div>\n<div class=\"card__section \">\n<div class=\"rte text--pull\">\n<p>Eigenschaften:<\/p>\n<ul>\n<li>Schnelles Festklemmen mittels eines einzigen nockenaktivierten Hebels f\u00fcr sicheren, nicht besch\u00e4digenden Halt<\/li>\n<li>Ideal f\u00fcr alle B\u00fcchsenmacherarbeiten<\/li>\n<li>Platz zur Organisation von Reinigungszubeh\u00f6r mit verschieden gro\u00dfen F\u00e4chern f\u00fcr Reinigungst\u00fccher, Schraubendreher-Bits, Putzstock-Aufs\u00e4tze, B\u00fcrsten, L\u00f6sungsmittel und Putzst\u00f6cke<\/li>\n<li>Montiert auf vier rutschfesten Gummif\u00fc\u00dfen und freistehend oder zur Befestigung geeignet<\/li>\n<li>Hergestellt in den USA aus chemikalien- und l\u00f6sungsmittelbest\u00e4ndigem Polypropylen-Kunststoff<\/li>\n<\/ul>\n<p>&nbsp;<\/p>\n<\/div>\n<\/div>\n","protected":false},"excerpt":{"rendered":"<p>Der MTM Waffenschraubstock wurde entwickelt, um eine gro\u00dfe Bandbreite an Schusswaffen f\u00fcr die Reinigung, Wartung oder B\u00fcchsenmacherarbeiten aufzunehmen und ist f\u00fcr Gewehre und Schrotflinten geeignet. Alle Kontaktpunkte mit der Waffe sind gummiert, um die Oberfl\u00e4che Ihrer Waffen zu sch\u00fctzen. Die zweite Gabel hinter der Klemme dient der Waffenreinigung, sodass diese im korrekten Winkel f\u00fcr die [&#8230;]\n","protected":false},"featured_media":241796,"comment_status":"open","ping_status":"closed","template":"","meta":[],"product_brand":[],"product_cat":[1421],"product_tag":[],"class_list":{"0":"post-281829","1":"product","2":"type-product","3":"status-publish","4":"has-post-thumbnail","6":"product_cat-reinigung-und-wartung-von-waffen","7":"product_shipping_class-medium-de","9":"first","10":"onbackorder","11":"taxable","12":"shipping-taxable","13":"purchasable","14":"product-type-simple"},"composite_virtual":false,"composite_layout":"","composite_add_to_cart_form_location":"","composite_editable_in_cart":false,"composite_sold_individually_context":"","composite_shop_price_calc":"","composite_components":[],"composite_scenarios":[],"group_of_quantity":0,"min_quantity":0,"max_quantity":"","exclude_order_quantity_value_rules":"no","exclude_category_quantity_rules":"no","combine_variations":"no","exclude_global_add_ons":[],"addons":[],"_links":{"self":[{"href":"https:\/\/www.huntersfriend.eu\/de\/wp-json\/wp\/v2\/product\/281829","targetHints":{"allow":["GET"]}}],"collection":[{"href":"https:\/\/www.huntersfriend.eu\/de\/wp-json\/wp\/v2\/product"}],"about":[{"href":"https:\/\/www.huntersfriend.eu\/de\/wp-json\/wp\/v2\/types\/product"}],"replies":[{"embeddable":true,"href":"https:\/\/www.huntersfriend.eu\/de\/wp-json\/wp\/v2\/comments?post=281829"}],"wp:featuredmedia":[{"embeddable":true,"href":"https:\/\/www.huntersfriend.eu\/de\/wp-json\/wp\/v2\/media\/241796"}],"wp:attachment":[{"href":"https:\/\/www.huntersfriend.eu\/de\/wp-json\/wp\/v2\/media?parent=281829"}],"wp:term":[{"taxonomy":"product_brand","embeddable":true,"href":"https:\/\/www.huntersfriend.eu\/de\/wp-json\/wp\/v2\/product_brand?post=281829"},{"taxonomy":"product_cat","embeddable":true,"href":"https:\/\/www.huntersfriend.eu\/de\/wp-json\/wp\/v2\/product_cat?post=281829"},{"taxonomy":"product_tag","embeddable":true,"href":"https:\/\/www.huntersfriend.eu\/de\/wp-json\/wp\/v2\/product_tag?post=281829"}],"curies":[{"name":"wp","href":"https:\/\/api.w.org\/{rel}","templated":true}]}}