{"id":281828,"date":"2022-08-30T15:00:55","date_gmt":"2025-06-23T10:37:50","guid":{"rendered":"https:\/\/www.huntersfriend.eu\/product\/mtm-psr-30-schiessauflage\/"},"modified":"2026-04-16T07:30:17","modified_gmt":"2026-04-16T05:30:17","slug":"mtm-psr-30-schiessauflage","status":"publish","type":"product","link":"https:\/\/www.huntersfriend.eu\/de\/produkt\/mtm-psr-30-schiessauflage\/","title":{"rendered":"MTM PSR-30 Schie\u00dfauflage"},"content":{"rendered":"<p>Die MTM Predator Shooting Rest (PSR) bietet mit ihrer exklusiven, soliden vierbeinigen Standfestigkeit die stabile, felsenfeste Gewehrauflage, die Sch\u00fctzen von teuren, schweren Metallgewehrauflagen erwarten, jedoch bei nur einem Bruchteil des Gewichts (3 kg).<\/p>\n<p>Gleicherma\u00dfen geeignet f\u00fcr Gewehr- und Pistolenliebhaber ist die PSR leicht und vollst\u00e4ndig verstellbar. Die Schaftauflage der PSR gleicht nicht nur Unebenheiten des Untergrunds aus, sondern passt sich auch jeder Gr\u00f6\u00dfe von Langwaffen an. Entfernt man die Auflage vollst\u00e4ndig, wird die PSR zu einer eigenst\u00e4ndigen Pistolenauflage oder vorderen Gewehrauflage. Eine pr\u00e4zise H\u00f6henverstellung erm\u00f6glicht dem Sch\u00fctzen, eine punktgenaue Genauigkeit zu erzielen.   <\/p>\n<p>Das fortschrittliche Design der vorderen Gummi-Schie\u00dfauflage des Predator bietet soliden Kontakt mit nahezu jeder Schaftform oder jedem Lauf. Wenn Sie nach einer stabilen Schie\u00dfplattform zu einem Preis suchen (UVP 49,95 $), den sich jeder Waffenliebhaber leisten kann, sollten Sie unbedingt MTM&#8217;s Predator Shooting Rest in Betracht ziehen. Die Predator Shooting Rest eignet sich hervorragend f\u00fcr alle Schusswaffen.  <\/p>\n<p>Sie l\u00e4sst sich sogar f\u00fcr unterschiedliche Waffenl\u00e4ngen anpassen. Die Gesamtl\u00e4nge der Auflage betr\u00e4gt 56 cm bis 67 cm. Die vordere Gewehrauflage kann um 8 cm verstellt werden, bis zu einer H\u00f6he von 29 cm \u00fcber dem Tisch oder hinunter bis 21,5 cm.  <\/p>\n<p>Geformte Gummiauflagen sch\u00fctzen Ihre Waffe, und Sie m\u00fcssen nicht einmal die Riemenb\u00fcgelschraube entfernen.<\/p>\n<p>Die Predator-Auflage ist 50 cm breit, leicht und einfach zu transportieren!<\/p>\n","protected":false},"excerpt":{"rendered":"<p>Die MTM Predator Shooting Rest (PSR) bietet mit ihrer exklusiven, soliden vierbeinigen Standfestigkeit die stabile, felsenfeste Gewehrauflage, die Sch\u00fctzen von teuren, schweren Metallgewehrauflagen erwarten, jedoch bei nur einem Bruchteil des Gewichts (3 kg). Gleicherma\u00dfen geeignet f\u00fcr Gewehr- und Pistolenliebhaber ist die PSR leicht und vollst\u00e4ndig verstellbar. Die Schaftauflage der PSR gleicht nicht nur Unebenheiten des [&#8230;]\n","protected":false},"featured_media":245622,"comment_status":"open","ping_status":"closed","template":"","meta":[],"product_brand":[],"product_cat":[2570],"product_tag":[],"class_list":{"0":"post-281828","1":"product","2":"type-product","3":"status-publish","4":"has-post-thumbnail","6":"product_cat-stodpinnar-och-skjutstod","7":"product_shipping_class-medium-de","9":"first","10":"instock","11":"taxable","12":"shipping-taxable","13":"purchasable","14":"product-type-simple"},"composite_virtual":false,"composite_layout":"","composite_add_to_cart_form_location":"","composite_editable_in_cart":false,"composite_sold_individually_context":"","composite_shop_price_calc":"","composite_components":[],"composite_scenarios":[],"group_of_quantity":0,"min_quantity":0,"max_quantity":"","exclude_order_quantity_value_rules":"no","exclude_category_quantity_rules":"no","combine_variations":"no","exclude_global_add_ons":[],"addons":[],"_links":{"self":[{"href":"https:\/\/www.huntersfriend.eu\/de\/wp-json\/wp\/v2\/product\/281828","targetHints":{"allow":["GET"]}}],"collection":[{"href":"https:\/\/www.huntersfriend.eu\/de\/wp-json\/wp\/v2\/product"}],"about":[{"href":"https:\/\/www.huntersfriend.eu\/de\/wp-json\/wp\/v2\/types\/product"}],"replies":[{"embeddable":true,"href":"https:\/\/www.huntersfriend.eu\/de\/wp-json\/wp\/v2\/comments?post=281828"}],"wp:featuredmedia":[{"embeddable":true,"href":"https:\/\/www.huntersfriend.eu\/de\/wp-json\/wp\/v2\/media\/245622"}],"wp:attachment":[{"href":"https:\/\/www.huntersfriend.eu\/de\/wp-json\/wp\/v2\/media?parent=281828"}],"wp:term":[{"taxonomy":"product_brand","embeddable":true,"href":"https:\/\/www.huntersfriend.eu\/de\/wp-json\/wp\/v2\/product_brand?post=281828"},{"taxonomy":"product_cat","embeddable":true,"href":"https:\/\/www.huntersfriend.eu\/de\/wp-json\/wp\/v2\/product_cat?post=281828"},{"taxonomy":"product_tag","embeddable":true,"href":"https:\/\/www.huntersfriend.eu\/de\/wp-json\/wp\/v2\/product_tag?post=281828"}],"curies":[{"name":"wp","href":"https:\/\/api.w.org\/{rel}","templated":true}]}}