{"id":281827,"date":"2022-08-30T14:42:35","date_gmt":"2025-06-23T10:37:48","guid":{"rendered":"https:\/\/www.huntersfriend.eu\/product\/stan-onnex-daumenausloeser-echo-grey\/"},"modified":"2025-06-23T12:37:48","modified_gmt":"2025-06-23T10:37:48","slug":"stan-onnex-daumenausloeser-echo-grey","status":"publish","type":"product","link":"https:\/\/www.huntersfriend.eu\/de\/produkt\/stan-onnex-daumenausloeser-echo-grey\/","title":{"rendered":"Stan OnneX Daumenausl\u00f6ser Echo Grey"},"content":{"rendered":"<p class=\"h6\"><strong>BESCHREIBUNG<\/strong><\/p>\n<div>\n<ul>\n<li>STAN Onnex Ausl\u00f6ser sind mit traditionellen Funktionen konzipiert, die Bogensch\u00fctzen in einem vollst\u00e4ndigen Schie\u00dfsystem ben\u00f6tigen<\/li>\n<li>Jeder Onnex-Griff erm\u00f6glicht es dem Sch\u00fctzen, nahtlos zwischen den drei Grifftypen &#8211; Daumenknopf, R\u00fcckenspannung und Widerstand &#8211; zu wechseln, w\u00e4hrend der Ankerpunkt und die Peeph\u00f6he beibehalten werden<\/li>\n<li>Offenes Hakendesign f\u00fcr konsistenten und pr\u00e4zisen seitlichen Nockenlauf<\/li>\n<li>Pr\u00e4zise brechende Aktivierung mit unabh\u00e4ngigen Einstellungen f\u00fcr Abzugsweg und Abzugsspannung<\/li>\n<li>Der Schlingenhalter erm\u00f6glicht die Verbindung zum Bogen mit dem einzelnen offenen Haken, w\u00e4hrend der Ausl\u00f6ser verbunden bleibt<\/li>\n<li>In verschiedenen Gr\u00f6\u00dfen erh\u00e4ltlich, um komfortabel in die H\u00e4nde jedes Bogensch\u00fctzen zu passen<\/li>\n<li>Auf einem modularen K\u00f6rper aufgebaut, kann der Ausl\u00f6ser als Zwei-, Drei- oder Vierfinger-Version geschossen werden, alles mit einer einzigen Kopfschraubeneinstellung mittels eines 5\/64\u2033 Inbusschl\u00fcssels<\/li>\n<li>Enth\u00e4lt zwei L\u00e4ngen von Laufpfosten, einen langen und einen kurzen, sowie zwei Laufgr\u00f6\u00dfen, einen kleinen und einen gro\u00dfen, f\u00fcr eine perfekte Handpassung<\/li>\n<li>Die STAN Trainer-Lock-Funktion erm\u00f6glicht das \u00dcben der Ausl\u00f6seraktivierung ohne tats\u00e4chliches Abfeuern<\/li>\n<\/ul>\n<\/div>\n","protected":false},"excerpt":{"rendered":"<p>Verschiedene Gr\u00f6\u00dfenoptionen<\/p>\n","protected":false},"featured_media":231412,"comment_status":"open","ping_status":"closed","template":"","meta":[],"product_brand":[],"product_cat":[1094],"product_tag":[],"class_list":{"0":"post-281827","1":"product","2":"type-product","3":"status-publish","4":"has-post-thumbnail","6":"product_cat-hand-release","8":"first","9":"outofstock","10":"taxable","11":"shipping-taxable","12":"product-type-simple"},"composite_virtual":false,"composite_layout":"","composite_add_to_cart_form_location":"","composite_editable_in_cart":false,"composite_sold_individually_context":"","composite_shop_price_calc":"","composite_components":[],"composite_scenarios":[],"group_of_quantity":0,"min_quantity":0,"max_quantity":"","exclude_order_quantity_value_rules":"no","exclude_category_quantity_rules":"no","combine_variations":"no","exclude_global_add_ons":[],"addons":[],"_links":{"self":[{"href":"https:\/\/www.huntersfriend.eu\/de\/wp-json\/wp\/v2\/product\/281827","targetHints":{"allow":["GET"]}}],"collection":[{"href":"https:\/\/www.huntersfriend.eu\/de\/wp-json\/wp\/v2\/product"}],"about":[{"href":"https:\/\/www.huntersfriend.eu\/de\/wp-json\/wp\/v2\/types\/product"}],"replies":[{"embeddable":true,"href":"https:\/\/www.huntersfriend.eu\/de\/wp-json\/wp\/v2\/comments?post=281827"}],"wp:featuredmedia":[{"embeddable":true,"href":"https:\/\/www.huntersfriend.eu\/de\/wp-json\/wp\/v2\/media\/231412"}],"wp:attachment":[{"href":"https:\/\/www.huntersfriend.eu\/de\/wp-json\/wp\/v2\/media?parent=281827"}],"wp:term":[{"taxonomy":"product_brand","embeddable":true,"href":"https:\/\/www.huntersfriend.eu\/de\/wp-json\/wp\/v2\/product_brand?post=281827"},{"taxonomy":"product_cat","embeddable":true,"href":"https:\/\/www.huntersfriend.eu\/de\/wp-json\/wp\/v2\/product_cat?post=281827"},{"taxonomy":"product_tag","embeddable":true,"href":"https:\/\/www.huntersfriend.eu\/de\/wp-json\/wp\/v2\/product_tag?post=281827"}],"curies":[{"name":"wp","href":"https:\/\/api.w.org\/{rel}","templated":true}]}}