{"id":281821,"date":"2022-08-30T12:47:44","date_gmt":"2025-06-23T10:37:47","guid":{"rendered":"https:\/\/www.huntersfriend.eu\/product\/mjoelner-jagd-schaftbackenerhoehung\/"},"modified":"2026-03-04T12:53:43","modified_gmt":"2026-03-04T10:53:43","slug":"mjoelner-jagd-schaftbackenerhoehung","status":"publish","type":"product","link":"https:\/\/www.huntersfriend.eu\/de\/produkt\/mjoelner-jagd-schaftbackenerhoehung\/","title":{"rendered":"Mjoelner Jagd-Schaftbackenerh\u00f6hung"},"content":{"rendered":"<p><span class=\"jCAhz ChMk0b\"><span class=\"ryNqvb\">Die Mjoelner Jagd-Schaftbackenerh\u00f6hung erm\u00f6glicht es Ihnen, die H\u00f6he des Wangenbereichs entsprechend der Visierlinie anzupassen.<\/span><\/span> <span class=\"jCAhz ChMk0b\"><span class=\"ryNqvb\">Dies ist besonders wichtig, wenn das Zielfernrohr mit hohen Montageringen am Gewehr befestigt ist.<\/span><\/span> <span class=\"jCAhz ChMk0b\"><span class=\"ryNqvb\">Die Mjoelner Jagd-Schaftbackenerh\u00f6hung besteht aus einer Neopren-Abdeckung und bietet Platz f\u00fcr bis zu 3 Schaumstoffelemente im Inneren.<\/span><\/span> <span class=\"jCAhz ChMk0b\"><span class=\"ryNqvb\">Diese k\u00f6nnen einzeln oder in Kombination verwendet werden, um die bestm\u00f6gliche Sicht durch das Zielfernrohr zu erhalten.<\/span><\/span> <span class=\"jCAhz ChMk0b\"><span class=\"ryNqvb\">Die Mjoelner Jagd-Schaftbackenerh\u00f6hung verf\u00fcgt \u00fcber Schlaufen f\u00fcr bis zu 9 Gewehrpatronen.<\/span><\/span><\/p>\n","protected":false},"excerpt":{"rendered":"<p>Die Mjoelner Jagd-Schaftbackenerh\u00f6hung erm\u00f6glicht es Ihnen, die H\u00f6he des Wangenbereichs entsprechend der Visierlinie anzupassen. Dies ist besonders wichtig, wenn das Zielfernrohr mit hohen Montageringen am Gewehr befestigt ist. Die Mjoelner Jagd-Schaftbackenerh\u00f6hung besteht aus einer Neopren-Abdeckung und bietet Platz f\u00fcr bis zu 3 Schaumstoffelemente im Inneren. Diese k\u00f6nnen einzeln oder in Kombination verwendet werden, um die [&#8230;]\n","protected":false},"featured_media":250833,"comment_status":"open","ping_status":"closed","template":"","meta":[],"product_brand":[],"product_cat":[2568,2564,1326,1404,1359],"product_tag":[],"class_list":{"0":"post-281821","1":"product","2":"type-product","3":"status-publish","4":"has-post-thumbnail","6":"product_cat-jakt-tillbehor","7":"product_cat-remmar-tillbehor","8":"product_cat-hunting-accessories","9":"product_cat-jagdzubehor","10":"product_cat-slings-accessories-de","12":"first","13":"onbackorder","14":"taxable","15":"shipping-taxable","16":"purchasable","17":"product-type-simple"},"composite_virtual":false,"composite_layout":"","composite_add_to_cart_form_location":"","composite_editable_in_cart":false,"composite_sold_individually_context":"","composite_shop_price_calc":"","composite_components":[],"composite_scenarios":[],"group_of_quantity":0,"min_quantity":0,"max_quantity":"","exclude_order_quantity_value_rules":"no","exclude_category_quantity_rules":"no","combine_variations":"no","exclude_global_add_ons":[],"addons":[],"_links":{"self":[{"href":"https:\/\/www.huntersfriend.eu\/de\/wp-json\/wp\/v2\/product\/281821","targetHints":{"allow":["GET"]}}],"collection":[{"href":"https:\/\/www.huntersfriend.eu\/de\/wp-json\/wp\/v2\/product"}],"about":[{"href":"https:\/\/www.huntersfriend.eu\/de\/wp-json\/wp\/v2\/types\/product"}],"replies":[{"embeddable":true,"href":"https:\/\/www.huntersfriend.eu\/de\/wp-json\/wp\/v2\/comments?post=281821"}],"wp:featuredmedia":[{"embeddable":true,"href":"https:\/\/www.huntersfriend.eu\/de\/wp-json\/wp\/v2\/media\/250833"}],"wp:attachment":[{"href":"https:\/\/www.huntersfriend.eu\/de\/wp-json\/wp\/v2\/media?parent=281821"}],"wp:term":[{"taxonomy":"product_brand","embeddable":true,"href":"https:\/\/www.huntersfriend.eu\/de\/wp-json\/wp\/v2\/product_brand?post=281821"},{"taxonomy":"product_cat","embeddable":true,"href":"https:\/\/www.huntersfriend.eu\/de\/wp-json\/wp\/v2\/product_cat?post=281821"},{"taxonomy":"product_tag","embeddable":true,"href":"https:\/\/www.huntersfriend.eu\/de\/wp-json\/wp\/v2\/product_tag?post=281821"}],"curies":[{"name":"wp","href":"https:\/\/api.w.org\/{rel}","templated":true}]}}