{"id":281820,"date":"2022-08-30T14:19:25","date_gmt":"2025-06-23T10:37:47","guid":{"rendered":"https:\/\/www.huntersfriend.eu\/product\/beiter-pin-nock-symmetric-hunter-2021\/"},"modified":"2025-07-18T05:38:23","modified_gmt":"2025-07-18T03:38:23","slug":"beiter-pin-nock-symmetric-hunter-2021","status":"publish","type":"product","link":"https:\/\/www.huntersfriend.eu\/de\/produkt\/beiter-pin-nock-symmetric-hunter-2021\/","title":{"rendered":"Beiter Pin nock symmetric Hunter 2021"},"content":{"rendered":"<div class=\"row\">\n<div class=\"small-12 large-8 columns\">\n<p>Der Beiter Hunter-Nock &#8211; im Gegensatz zu allen anderen asymmetrischen Nocken ist dieser SYMMETRISCH. Der Beiter Hunter-Nock wurde haupts\u00e4chlich f\u00fcr Compound-Bogensch\u00fctzen konzipiert, die eine D-Schlaufe an ihrer Sehne verwenden, was die einzige wirklich symmetrische Schie\u00dfweise im Bogenschie\u00dfen darstellt. <\/p>\n<\/div>\n<\/div>\n<div class=\"row\">\n<div class=\"small-12 large-8 columns\">\n<p>Einige Merkmale der Beiter Hunter-Nocken, die sie von Nocken anderer Hersteller unterscheiden:<\/p>\n<ul>\n<li>Der Beiter Hunter-Nock wurde f\u00fcr Compound-Bogensch\u00fctzen mit D-Schlaufe entwickelt. Hunter-Nocken sind \u201esymmetrisch\u201c, da nur bei dieser Schie\u00dftechnik Release und Nocke in einer Linie liegen, was bedeutet: Dies ist die einzige symmetrische Art des Bogenschie\u00dfens! <\/li>\n<li>Jede Nockengr\u00f6\u00dfe hat nur eine einzige Form. Dies bietet h\u00f6chste Pr\u00e4zision und geringste Toleranzen. Jede einzelne Nocke einer Gr\u00f6\u00dfe kommt aus derselben Form.  <\/li>\n<li>Der Hunter-Nock klemmt nicht am Nockpunkt, sondern ruht dort mit Federeffekt. Die Lebensdauer ist daher wesentlich h\u00f6her und &#8211; sehr wichtig &#8211; der Beiter Hunter-Nock garantiert eine konstante L\u00f6sung von der Bogensehne, Schuss f\u00fcr Schuss. <\/li>\n<li>Der Beiter Hunter-Nock kann problemlos mit allen bekannten Nockpunkten geschossen werden.<\/li>\n<\/ul>\n<\/div>\n<\/div>\n","protected":false},"excerpt":{"rendered":"<p>Symmetrische Pin-Nocken<\/p>\n","protected":false},"featured_media":235913,"comment_status":"open","ping_status":"closed","template":"","meta":[],"product_brand":[],"product_cat":[1098],"product_tag":[],"class_list":{"0":"post-281820","1":"product","2":"type-product","3":"status-publish","4":"has-post-thumbnail","6":"product_cat-nocken-und-inserts","8":"first","9":"instock","10":"taxable","11":"shipping-taxable","12":"purchasable","13":"product-type-variable"},"composite_virtual":false,"composite_layout":"","composite_add_to_cart_form_location":"","composite_editable_in_cart":false,"composite_sold_individually_context":"","composite_shop_price_calc":"","composite_components":[],"composite_scenarios":[],"group_of_quantity":0,"min_quantity":0,"max_quantity":"","exclude_order_quantity_value_rules":"no","exclude_category_quantity_rules":"no","combine_variations":"no","exclude_global_add_ons":[],"addons":[],"_links":{"self":[{"href":"https:\/\/www.huntersfriend.eu\/de\/wp-json\/wp\/v2\/product\/281820","targetHints":{"allow":["GET"]}}],"collection":[{"href":"https:\/\/www.huntersfriend.eu\/de\/wp-json\/wp\/v2\/product"}],"about":[{"href":"https:\/\/www.huntersfriend.eu\/de\/wp-json\/wp\/v2\/types\/product"}],"replies":[{"embeddable":true,"href":"https:\/\/www.huntersfriend.eu\/de\/wp-json\/wp\/v2\/comments?post=281820"}],"wp:featuredmedia":[{"embeddable":true,"href":"https:\/\/www.huntersfriend.eu\/de\/wp-json\/wp\/v2\/media\/235913"}],"wp:attachment":[{"href":"https:\/\/www.huntersfriend.eu\/de\/wp-json\/wp\/v2\/media?parent=281820"}],"wp:term":[{"taxonomy":"product_brand","embeddable":true,"href":"https:\/\/www.huntersfriend.eu\/de\/wp-json\/wp\/v2\/product_brand?post=281820"},{"taxonomy":"product_cat","embeddable":true,"href":"https:\/\/www.huntersfriend.eu\/de\/wp-json\/wp\/v2\/product_cat?post=281820"},{"taxonomy":"product_tag","embeddable":true,"href":"https:\/\/www.huntersfriend.eu\/de\/wp-json\/wp\/v2\/product_tag?post=281820"}],"curies":[{"name":"wp","href":"https:\/\/api.w.org\/{rel}","templated":true}]}}