{"id":281818,"date":"2022-08-30T12:47:44","date_gmt":"2022-08-30T10:47:44","guid":{"rendered":"https:\/\/www.huntersfriend.eu\/product\/beheiztes-sitzkissen-zum-auftauen-gross\/"},"modified":"2025-10-28T10:18:48","modified_gmt":"2025-10-28T08:18:48","slug":"beheiztes-sitzkissen-zum-auftauen-gross","status":"publish","type":"product","link":"https:\/\/www.huntersfriend.eu\/de\/produkt\/beheiztes-sitzkissen-zum-auftauen-gross\/","title":{"rendered":"Beheiztes Sitzkissen zum Auftauen &#8211; gro\u00df"},"content":{"rendered":"<p>Ihre Aktivit\u00e4ten im Freien werden mit dem wiederaufladbaren beheizten Sitzkissen wesentlich angenehmer. Dieses ganzj\u00e4hrig komfortable Sitzkissen verf\u00fcgt zudem \u00fcber einen USB-Anschluss, der bei Verbindung mit einer Powerbank bis zu 6 Stunden W\u00e4rme erzeugen kann. Setzen Sie sich, entspannen Sie und genie\u00dfen Sie Ihre Outdoor-Aktivit\u00e4ten in Komfort und W\u00e4rme.  <\/p>\n<p>Hauptmerkmale:<\/p>\n<ul>\n<li>Leichtes, tragbares Design<\/li>\n<li>2&#8243; Schaumstoffpolsterung<\/li>\n<li>W\u00e4rmespeichernde Isolierung<\/li>\n<li>Verborgene Tasche f\u00fcr Ladekabel<\/li>\n<li>Doppelt vern\u00e4hte, langlebige Konstruktion<\/li>\n<li>Flecken- und wasserabweisende Au\u00dfenseite<\/li>\n<li>Drucktasten-Ein\/Aus-Schalter mit LED-Kontrollleuchte<\/li>\n<\/ul>\n<p>Beinhaltet:<\/p>\n<ul>\n<li>1 x Beheizbare Sitzunterlage<\/li>\n<li>1 x 10.000 mAh Powerbank<\/li>\n<li>1 x USB-Ladekabel<\/li>\n<li>1 x Benutzerhandbuch<\/li>\n<\/ul>\n<h4>Modi &amp; Laufzeiten<\/h4>\n<ul>\n<li>Hoch (58\u2070 C \/ 136\u2070 F): 2,5 Stunden<\/li>\n<li>Mittel (52\u2070 C \/ 125\u2070 F): 4 Stunden<\/li>\n<li>Niedrig (43\u2070 C \/ 109\u2070 F): 5 Stunden<\/li>\n<\/ul>\n","protected":false},"excerpt":{"rendered":"<p>5 cm x 39,3 cm x 38,1 cm, Gewicht 725 g<\/p>\n","protected":false},"featured_media":0,"comment_status":"open","ping_status":"closed","template":"","meta":[],"product_brand":[],"product_cat":[1145],"product_tag":[],"class_list":{"0":"post-281818","1":"product","2":"type-product","3":"status-publish","5":"product_cat-sonstiges","7":"first","8":"outofstock","9":"taxable","10":"shipping-taxable","11":"purchasable","12":"product-type-simple"},"composite_virtual":false,"composite_layout":"","composite_add_to_cart_form_location":"","composite_editable_in_cart":false,"composite_sold_individually_context":"","composite_shop_price_calc":"","composite_components":[],"composite_scenarios":[],"group_of_quantity":0,"min_quantity":0,"max_quantity":"","exclude_order_quantity_value_rules":"no","exclude_category_quantity_rules":"no","combine_variations":"no","exclude_global_add_ons":[],"addons":[],"_links":{"self":[{"href":"https:\/\/www.huntersfriend.eu\/de\/wp-json\/wp\/v2\/product\/281818","targetHints":{"allow":["GET"]}}],"collection":[{"href":"https:\/\/www.huntersfriend.eu\/de\/wp-json\/wp\/v2\/product"}],"about":[{"href":"https:\/\/www.huntersfriend.eu\/de\/wp-json\/wp\/v2\/types\/product"}],"replies":[{"embeddable":true,"href":"https:\/\/www.huntersfriend.eu\/de\/wp-json\/wp\/v2\/comments?post=281818"}],"wp:attachment":[{"href":"https:\/\/www.huntersfriend.eu\/de\/wp-json\/wp\/v2\/media?parent=281818"}],"wp:term":[{"taxonomy":"product_brand","embeddable":true,"href":"https:\/\/www.huntersfriend.eu\/de\/wp-json\/wp\/v2\/product_brand?post=281818"},{"taxonomy":"product_cat","embeddable":true,"href":"https:\/\/www.huntersfriend.eu\/de\/wp-json\/wp\/v2\/product_cat?post=281818"},{"taxonomy":"product_tag","embeddable":true,"href":"https:\/\/www.huntersfriend.eu\/de\/wp-json\/wp\/v2\/product_tag?post=281818"}],"curies":[{"name":"wp","href":"https:\/\/api.w.org\/{rel}","templated":true}]}}