{"id":281815,"date":"2022-08-30T14:16:41","date_gmt":"2025-06-23T10:37:42","guid":{"rendered":"https:\/\/www.huntersfriend.eu\/product\/doerr-explorer-modell-2712-aufbewahrungsbox\/"},"modified":"2025-06-23T12:37:42","modified_gmt":"2025-06-23T10:37:42","slug":"doerr-explorer-modell-2712-aufbewahrungsbox","status":"publish","type":"product","link":"https:\/\/www.huntersfriend.eu\/de\/produkt\/doerr-explorer-modell-2712-aufbewahrungsbox\/","title":{"rendered":"D\u00f6rr explorer Modell 2712 Aufbewahrungsbox"},"content":{"rendered":"<p><span class=\"jCAhz ChMk0b\"><span class=\"ryNqvb\">Es gibt Dinge, die schlichtweg sicher transportiert und aufbewahrt werden m\u00fcssen.<\/span><\/span> <span class=\"jCAhz ChMk0b\"><span class=\"ryNqvb\">D\u00f6rr explorer Mod.<\/span><\/span> <span class=\"jCAhz ChMk0b\"><span class=\"ryNqvb\">2712 Zubeh\u00f6rbox, Sie verf\u00fcgen \u00fcber eine professionelle Transportbox, in der Sie empfindliche und wichtige Gegenst\u00e4nde zuverl\u00e4ssig aufbewahren k\u00f6nnen &#8211; beispielsweise Geldb\u00f6rsen, sensible Ger\u00e4te, Ferngl\u00e4ser, Tablets, Smartphones oder wichtige Dokumente, Wertsachen oder Munition.<\/span><\/span> <span class=\"jCAhz ChMk0b\"><span class=\"ryNqvb\">Ob Sie sich im Freien aufhalten, auf der Jagd sind oder arbeiten: Die robuste D\u00f6rr Explorer Mod. <\/span><\/span><span class=\"jCAhz ChMk0b\"><span class=\"ryNqvb\">2712 Zubeh\u00f6rbox ist die richtige Wahl.<\/span><\/span> <span class=\"jCAhz ChMk0b\"><span class=\"ryNqvb\">Mit dem manuellen Druckausgleichsventil k\u00f6nnen Sie das Geh\u00e4use bei Bedarf sogar komplett luftdicht verschlie\u00dfen.<\/span><\/span> <span class=\"jCAhz ChMk0b\"><span class=\"ryNqvb\">Mit der handlichen D\u00f6rr Explorer Mod.<\/span><\/span> <span class=\"jCAhz ChMk0b\"><span class=\"ryNqvb\">2712 Zubeh\u00f6rbox sch\u00fctzen und transportieren Sie Ihre G\u00fcter kompromisslos zuverl\u00e4ssig.<\/span><\/span><\/p>\n<p><span class=\"jCAhz ChMk0b\"><span class=\"ryNqvb\">Eine hochwertige Zubeh\u00f6rbox zur Aufbewahrung und zum Transport wichtiger Ausr\u00fcstung<\/span><\/span><\/p>\n<p><span class=\"jCAhz ChMk0b\"><span class=\"ryNqvb\">Hervorragend geeignet, beispielsweise zur Sicherung von Handgep\u00e4ck im Flugzeug<\/span><\/span><\/p>\n<p><span class=\"jCAhz ChMk0b\"><span class=\"ryNqvb\">Schlie\u00dft dicht ab<\/span><\/span><\/p>\n<p><span class=\"jCAhz ChMk0b\"><span class=\"ryNqvb\">Aus \u00e4u\u00dferst widerstandsf\u00e4higem Material gefertigt<\/span><\/span><\/p>\n<p><span class=\"jCAhz ChMk0b\"><span class=\"ryNqvb\">Staub- und wasserdicht gem\u00e4\u00df IP67-Klassifizierung<\/span><\/span><\/p>\n<p><span class=\"jCAhz ChMk0b\"><span class=\"ryNqvb\">Sto\u00dffest<\/span><\/span><\/p>\n<p><span class=\"jCAhz ChMk0b\"><span class=\"ryNqvb\">Hitze- und s\u00e4urebest\u00e4ndig<\/span><\/span><\/p>\n<p><span class=\"jCAhz ChMk0b\"><span class=\"ryNqvb\">Manuelles Druckausgleichsventil<\/span><\/span><\/p>\n<p><span class=\"jCAhz ChMk0b\"><span class=\"ryNqvb\">Stapelbar dank der F\u00fc\u00dfe<\/span><\/span><\/p>\n<p><span class=\"jCAhz ChMk0b\"><span class=\"ryNqvb\">Robuste Verschl\u00fcsse<\/span><\/span><\/p>\n<p><span class=\"jCAhz ChMk0b\"><span class=\"ryNqvb\">Gummibeschichteter Klappgriff<\/span><\/span><\/p>\n<p><span class=\"jCAhz ChMk0b\"><span class=\"ryNqvb\">Platz f\u00fcr ein Kunststoffetikett<\/span><\/span><\/p>\n<p><span class=\"jCAhz ChMk0b\"><span class=\"ryNqvb\">\u00d6sen zur Verriegelung mit einem Zahlenschloss (nicht im Lieferumfang enthalten)<\/span><\/span><\/p>\n<p><span class=\"jCAhz ChMk0b\"><span class=\"ryNqvb\">Volumen 6,6 Liter<\/span><\/span><\/p>\n<p><span class=\"jCAhz ChMk0b\"><span class=\"ryNqvb\">Au\u00dfenma\u00dfe 14,4 x 30,5 x 27 cm<\/span><\/span><\/p>\n<p><span class=\"jCAhz ChMk0b\"><span class=\"ryNqvb\">Innenma\u00dfe 12 x 27,6 x 20 cm<\/span><\/span><\/p>\n<p><span class=\"jCAhz ChMk0b\"><span class=\"ryNqvb\">Gewicht 1830 g<\/span><\/span><\/p>\n","protected":false},"excerpt":{"rendered":"<p>Es gibt Dinge, die schlichtweg sicher transportiert und aufbewahrt werden m\u00fcssen. D\u00f6rr explorer Mod. 2712 Zubeh\u00f6rbox, Sie verf\u00fcgen \u00fcber eine professionelle Transportbox, in der Sie empfindliche und wichtige Gegenst\u00e4nde zuverl\u00e4ssig aufbewahren k\u00f6nnen &#8211; beispielsweise Geldb\u00f6rsen, sensible Ger\u00e4te, Ferngl\u00e4ser, Tablets, Smartphones oder wichtige Dokumente, Wertsachen oder Munition. Ob Sie sich im Freien aufhalten, auf der Jagd [&#8230;]\n","protected":false},"featured_media":250827,"comment_status":"open","ping_status":"closed","template":"","meta":[],"product_brand":[],"product_cat":[1145],"product_tag":[],"class_list":{"0":"post-281815","1":"product","2":"type-product","3":"status-publish","4":"has-post-thumbnail","6":"product_cat-sonstiges","8":"first","9":"outofstock","10":"taxable","11":"shipping-taxable","12":"purchasable","13":"product-type-simple"},"composite_virtual":false,"composite_layout":"","composite_add_to_cart_form_location":"","composite_editable_in_cart":false,"composite_sold_individually_context":"","composite_shop_price_calc":"","composite_components":[],"composite_scenarios":[],"group_of_quantity":0,"min_quantity":0,"max_quantity":"","exclude_order_quantity_value_rules":"no","exclude_category_quantity_rules":"no","combine_variations":"no","exclude_global_add_ons":[],"addons":[],"_links":{"self":[{"href":"https:\/\/www.huntersfriend.eu\/de\/wp-json\/wp\/v2\/product\/281815","targetHints":{"allow":["GET"]}}],"collection":[{"href":"https:\/\/www.huntersfriend.eu\/de\/wp-json\/wp\/v2\/product"}],"about":[{"href":"https:\/\/www.huntersfriend.eu\/de\/wp-json\/wp\/v2\/types\/product"}],"replies":[{"embeddable":true,"href":"https:\/\/www.huntersfriend.eu\/de\/wp-json\/wp\/v2\/comments?post=281815"}],"wp:featuredmedia":[{"embeddable":true,"href":"https:\/\/www.huntersfriend.eu\/de\/wp-json\/wp\/v2\/media\/250827"}],"wp:attachment":[{"href":"https:\/\/www.huntersfriend.eu\/de\/wp-json\/wp\/v2\/media?parent=281815"}],"wp:term":[{"taxonomy":"product_brand","embeddable":true,"href":"https:\/\/www.huntersfriend.eu\/de\/wp-json\/wp\/v2\/product_brand?post=281815"},{"taxonomy":"product_cat","embeddable":true,"href":"https:\/\/www.huntersfriend.eu\/de\/wp-json\/wp\/v2\/product_cat?post=281815"},{"taxonomy":"product_tag","embeddable":true,"href":"https:\/\/www.huntersfriend.eu\/de\/wp-json\/wp\/v2\/product_tag?post=281815"}],"curies":[{"name":"wp","href":"https:\/\/api.w.org\/{rel}","templated":true}]}}