{"id":281814,"date":"2022-08-30T12:47:43","date_gmt":"2025-06-23T10:37:42","guid":{"rendered":"https:\/\/www.huntersfriend.eu\/product\/schneller-dick-stahlmesserschaerfer-mit-mechanischem-antrieb\/"},"modified":"2026-02-25T10:36:23","modified_gmt":"2026-02-25T08:36:23","slug":"schneller-dick-stahlmesserschaerfer-mit-mechanischem-antrieb","status":"publish","type":"product","link":"https:\/\/www.huntersfriend.eu\/de\/produkt\/schneller-dick-stahlmesserschaerfer-mit-mechanischem-antrieb\/","title":{"rendered":"Schneller Dick-Stahlmessersch\u00e4rfer mit mechanischem Antrieb"},"content":{"rendered":"<p class=\"Paragraph SCXW6355190 BCX2\">Der benutzerfreundliche Rapid Steel Messersch\u00e4rfer. Er spart Ihnen Zeit, erleichtert Ihre Arbeit, und die einfache Handhabung wird Sie beeindrucken. Ziehen Sie das Messer mehrmals hindurch, und Ihr Messer wird mit einer pr\u00e4zisen, optimalen Schneidkante neu gesch\u00e4rft. Das Volumen des Messersch\u00e4rfers macht ihn sicher und reduziert somit das Verletzungsrisiko im Vergleich zu einem Wetzstahl.   <\/p>\n<p class=\"Paragraph SCXW6355190 BCX2\">Unser Rapid Steel verf\u00fcgt \u00fcber ein ergonomisches Design f\u00fcr einen besseren und sichereren Griff. Dank der robusten Spannfedern und der rostfreien Stahlschleifst\u00e4be sind Wartung und Pflege einfach und kosteng\u00fcnstig. Die Mechanik des Ger\u00e4ts ist sicher und hygienisch in einem verschlossenen Mechanikgeh\u00e4use gesch\u00fctzt. Sie k\u00f6nnen den Rapid Steel auch an der Arbeitsplatte oder am Tisch befestigen oder ihn mit der als Zubeh\u00f6r erh\u00e4ltlichen rutschfesten Bodenplatte mit Saugn\u00e4pfen aufstellen.   <\/p>\n<p class=\"Paragraph SCXW6355190 BCX2\">\n","protected":false},"excerpt":{"rendered":"<p>Der benutzerfreundliche Rapid Steel Messersch\u00e4rfer. Er spart Ihnen Zeit, erleichtert Ihre Arbeit, und die einfache Handhabung wird Sie beeindrucken. Ziehen Sie das Messer mehrmals hindurch, und Ihr Messer wird mit einer pr\u00e4zisen, optimalen Schneidkante neu gesch\u00e4rft. Das Volumen des Messersch\u00e4rfers macht ihn sicher und reduziert somit das Verletzungsrisiko im Vergleich zu einem Wetzstahl. Unser Rapid [&#8230;]\n","protected":false},"featured_media":241930,"comment_status":"open","ping_status":"closed","template":"","meta":[],"product_brand":[],"product_cat":[2610,866],"product_tag":[],"class_list":{"0":"post-281814","1":"product","2":"type-product","3":"status-publish","4":"has-post-thumbnail","6":"product_cat-knivar-yxor-och-slipar","7":"product_cat-knives-axes-and-sharpeners","9":"first","10":"instock","11":"taxable","12":"shipping-taxable","13":"purchasable","14":"product-type-simple"},"composite_virtual":false,"composite_layout":"","composite_add_to_cart_form_location":"","composite_editable_in_cart":false,"composite_sold_individually_context":"","composite_shop_price_calc":"","composite_components":[],"composite_scenarios":[],"group_of_quantity":0,"min_quantity":0,"max_quantity":"","exclude_order_quantity_value_rules":"no","exclude_category_quantity_rules":"no","combine_variations":"no","exclude_global_add_ons":[],"addons":[],"_links":{"self":[{"href":"https:\/\/www.huntersfriend.eu\/de\/wp-json\/wp\/v2\/product\/281814","targetHints":{"allow":["GET"]}}],"collection":[{"href":"https:\/\/www.huntersfriend.eu\/de\/wp-json\/wp\/v2\/product"}],"about":[{"href":"https:\/\/www.huntersfriend.eu\/de\/wp-json\/wp\/v2\/types\/product"}],"replies":[{"embeddable":true,"href":"https:\/\/www.huntersfriend.eu\/de\/wp-json\/wp\/v2\/comments?post=281814"}],"wp:featuredmedia":[{"embeddable":true,"href":"https:\/\/www.huntersfriend.eu\/de\/wp-json\/wp\/v2\/media\/241930"}],"wp:attachment":[{"href":"https:\/\/www.huntersfriend.eu\/de\/wp-json\/wp\/v2\/media?parent=281814"}],"wp:term":[{"taxonomy":"product_brand","embeddable":true,"href":"https:\/\/www.huntersfriend.eu\/de\/wp-json\/wp\/v2\/product_brand?post=281814"},{"taxonomy":"product_cat","embeddable":true,"href":"https:\/\/www.huntersfriend.eu\/de\/wp-json\/wp\/v2\/product_cat?post=281814"},{"taxonomy":"product_tag","embeddable":true,"href":"https:\/\/www.huntersfriend.eu\/de\/wp-json\/wp\/v2\/product_tag?post=281814"}],"curies":[{"name":"wp","href":"https:\/\/api.w.org\/{rel}","templated":true}]}}