{"id":281813,"date":"2022-08-26T15:15:34","date_gmt":"2025-06-23T10:37:39","guid":{"rendered":"https:\/\/www.huntersfriend.eu\/product\/vorn-equipment-ev30-rucksack\/"},"modified":"2026-04-23T12:22:18","modified_gmt":"2026-04-23T10:22:18","slug":"vorn-equipment-ev30-rucksack","status":"publish","type":"product","link":"https:\/\/www.huntersfriend.eu\/de\/produkt\/vorn-equipment-ev30-rucksack\/","title":{"rendered":"Vorn equipment EV30 Rucksack"},"content":{"rendered":"<p id=\"tw-target-text\" class=\"tw-data-text tw-text-large tw-ta\" dir=\"ltr\" data-placeholder=\"K\u00e4\u00e4nn\u00f6s\"><span class=\"Y2IQFc\" lang=\"en\">Der Vorn EV30 ist ein kompakter und stilvoller Jagdrucksack. Er verf\u00fcgt \u00fcber eine Schnellentriegelungsfunktion f\u00fcr Ihre Jagdwaffe, was bedeutet, dass Sie mit dem Rucksack auf der Schulter schnell zielen k\u00f6nnen. Die gro\u00dfz\u00fcgige Polsterung erh\u00f6ht den Tragekomfort. Neben einem Hauptfach, das \u00fcber einen seitlichen Rei\u00dfverschluss zug\u00e4nglich ist, verf\u00fcgt der Vorn EV30 \u00fcber ein gepolstertes Fach an der Vorderseite, ein Deckelfach mit Schl\u00fcsselhaken und Netzf\u00e4cher innen und au\u00dfen. Das verwendete Gewebe ist wasserabweisend und ger\u00e4uscharm. Innen- und Au\u00dfenrahmen verleihen diesem Rucksack optimale Stabilit\u00e4t. Mit Waffenh\u00fclle zum Schutz w\u00e4hrend des Transports.      <\/span><\/p>\n<p dir=\"ltr\" data-placeholder=\"K\u00e4\u00e4nn\u00f6s\">Hauptmerkmale:<\/p>\n<ul>\n<li dir=\"ltr\" data-placeholder=\"K\u00e4\u00e4nn\u00f6s\"><span class=\"Y2IQFc\" lang=\"en\">Jagdrucksack mit Schnellentriegelung f\u00fcr das Gewehr (Quick Rifle Release \u201eQRR\u201c) <\/span><\/li>\n<li dir=\"ltr\" data-placeholder=\"K\u00e4\u00e4nn\u00f6s\"><span class=\"Y2IQFc\" lang=\"en\">Angenehmer Tragekomfort dank gro\u00dfz\u00fcgiger Polsterung mit Brust- und gepolstertem H\u00fcftgurt <\/span><\/li>\n<li dir=\"ltr\" data-placeholder=\"K\u00e4\u00e4nn\u00f6s\"><span class=\"Y2IQFc\" lang=\"en\">Innen- und Au\u00dfenrahmen f\u00fcr erh\u00f6hte Stabilit\u00e4t <\/span><\/li>\n<li dir=\"ltr\" data-placeholder=\"K\u00e4\u00e4nn\u00f6s\"><span class=\"Y2IQFc\" lang=\"en\">Leicht zug\u00e4ngliches, gepolstertes Fach vorne Netzf\u00e4cher innen und au\u00dfen <\/span><\/li>\n<li dir=\"ltr\" data-placeholder=\"K\u00e4\u00e4nn\u00f6s\"><span class=\"Y2IQFc\" lang=\"en\">H\u00fcftgurt mit Molle-Befestigungspunkten <\/span><\/li>\n<li dir=\"ltr\" data-placeholder=\"K\u00e4\u00e4nn\u00f6s\"><span class=\"Y2IQFc\" lang=\"en\">Volumen 30 Liter Abmessungen 58 x 27 x 18 cm (L x B x T) <\/span><\/li>\n<li dir=\"ltr\" data-placeholder=\"K\u00e4\u00e4nn\u00f6s\"><span class=\"Y2IQFc\" lang=\"en\">Gewicht 2450g<\/span><\/li>\n<\/ul>\n","protected":false},"excerpt":{"rendered":"<p>Der Vorn EV30 ist ein kompakter und stilvoller Jagdrucksack. Er verf\u00fcgt \u00fcber eine Schnellentriegelungsfunktion f\u00fcr Ihre Jagdwaffe, was bedeutet, dass Sie mit dem Rucksack auf der Schulter schnell zielen k\u00f6nnen. Die gro\u00dfz\u00fcgige Polsterung erh\u00f6ht den Tragekomfort. Neben einem Hauptfach, das \u00fcber einen seitlichen Rei\u00dfverschluss zug\u00e4nglich ist, verf\u00fcgt der Vorn EV30 \u00fcber ein gepolstertes Fach an [&#8230;]\n","protected":false},"featured_media":235487,"comment_status":"open","ping_status":"closed","template":"","meta":[],"product_brand":[],"product_cat":[2565],"product_tag":[],"class_list":{"0":"post-281813","1":"product","2":"type-product","3":"status-publish","4":"has-post-thumbnail","6":"product_cat-jaktryggsackar","7":"product_shipping_class-medium-de","9":"first","10":"instock","11":"taxable","12":"shipping-taxable","13":"purchasable","14":"product-type-simple"},"composite_virtual":false,"composite_layout":"","composite_add_to_cart_form_location":"","composite_editable_in_cart":false,"composite_sold_individually_context":"","composite_shop_price_calc":"","composite_components":[],"composite_scenarios":[],"group_of_quantity":0,"min_quantity":0,"max_quantity":"","exclude_order_quantity_value_rules":"no","exclude_category_quantity_rules":"no","combine_variations":"no","exclude_global_add_ons":[],"addons":[],"_links":{"self":[{"href":"https:\/\/www.huntersfriend.eu\/de\/wp-json\/wp\/v2\/product\/281813","targetHints":{"allow":["GET"]}}],"collection":[{"href":"https:\/\/www.huntersfriend.eu\/de\/wp-json\/wp\/v2\/product"}],"about":[{"href":"https:\/\/www.huntersfriend.eu\/de\/wp-json\/wp\/v2\/types\/product"}],"replies":[{"embeddable":true,"href":"https:\/\/www.huntersfriend.eu\/de\/wp-json\/wp\/v2\/comments?post=281813"}],"wp:featuredmedia":[{"embeddable":true,"href":"https:\/\/www.huntersfriend.eu\/de\/wp-json\/wp\/v2\/media\/235487"}],"wp:attachment":[{"href":"https:\/\/www.huntersfriend.eu\/de\/wp-json\/wp\/v2\/media?parent=281813"}],"wp:term":[{"taxonomy":"product_brand","embeddable":true,"href":"https:\/\/www.huntersfriend.eu\/de\/wp-json\/wp\/v2\/product_brand?post=281813"},{"taxonomy":"product_cat","embeddable":true,"href":"https:\/\/www.huntersfriend.eu\/de\/wp-json\/wp\/v2\/product_cat?post=281813"},{"taxonomy":"product_tag","embeddable":true,"href":"https:\/\/www.huntersfriend.eu\/de\/wp-json\/wp\/v2\/product_tag?post=281813"}],"curies":[{"name":"wp","href":"https:\/\/api.w.org\/{rel}","templated":true}]}}