{"id":281808,"date":"2022-08-18T11:32:25","date_gmt":"2022-08-18T09:32:25","guid":{"rendered":"https:\/\/www.huntersfriend.eu\/product\/scentlok-revenant-pro-hose-mossy-oak\/"},"modified":"2025-06-23T12:37:38","modified_gmt":"2025-06-23T10:37:38","slug":"scentlok-revenant-pro-hose-mossy-oak","status":"publish","type":"product","link":"https:\/\/www.huntersfriend.eu\/de\/produkt\/scentlok-revenant-pro-hose-mossy-oak\/","title":{"rendered":"Scentlok Revenant Pro Hose &#8211; Mossy Oak"},"content":{"rendered":"<p>Das Revenant Pro System mit WindBrake\u00ae Technologie bietet windundurchl\u00e4ssigen Schutz, der Ihrer Haut dennoch das Atmen erm\u00f6glicht. Die Jacke verf\u00fcgt \u00fcber ein leises Berber-Fleece, um die W\u00e4rme ohne zus\u00e4tzliches Volumen zu verbessern und Ihnen uneingeschr\u00e4nkte Bewegungsfreiheit zu gew\u00e4hrleisten. Eine Kombination aus langflorigem Fleece im Inneren und Thinsulate\u2122-Isolierung garantiert Ihnen Komfort auf Ihrem Ansitz bis sp\u00e4t in die Saison hinein. Der Revenant Pro nutzt zudem unsere revolution\u00e4re Carbon Alloy\u2122-Technologie, um Ihnen den ultimativen Geruchsschutz im Feld zu bieten.   <\/p>\n<p><strong>MERKMALE<\/strong><\/p>\n<ul>\n<li><strong>Carbon Alloy<sup>\u2122<\/sup> Technologie <\/strong>f\u00fcr maximale Geruchsadsorption und Geruchskontrolle<\/li>\n<li><strong>WindBrake\u00ae Technologie <\/strong>atmungsaktives, windundurchl\u00e4ssiges Design zum Schutz vor den Elementen<\/li>\n<li><strong>\u00c4u\u00dfere DWR-Beschichtung <\/strong>zur Feuchtigkeitsabweisung<\/li>\n<li><strong>Feuchtigkeit ableitendes Innenfutter <\/strong>f\u00fcr maximales Feuchtigkeitsmanagement<\/li>\n<li><strong>Thermisch abgestimmte Thinsulate-Isolierung (100g K\u00f6rper &amp; 60g Beine)<\/strong>bietet entscheidende W\u00e4rme<\/li>\n<li><strong>Berber-Fleece als \u00e4u\u00dferes Kernmaterial <\/strong>f\u00fcr zus\u00e4tzliche W\u00e4rme und Ger\u00e4uschlosigkeit<\/li>\n<li><strong>Ultraleises Fleece-Au\u00dfenmaterial an den Extremit\u00e4ten <\/strong>f\u00fcr Bewegungsfreiheit<\/li>\n<li><strong>Langfloriges Fleece als inneres Kernmaterial <\/strong>f\u00fcr zus\u00e4tzliche W\u00e4rme<\/li>\n<li><strong>Komfortables Leitersuspensorium <\/strong>f\u00fcr einfache und sichere Anpassungen<\/li>\n<li><strong>Sieben-Taschen-Design <\/strong>f\u00fcr beispiellose Aufbewahrungsm\u00f6glichkeiten<\/li>\n<li><strong>Vorgeformte Knie <\/strong>bieten vollen Bewegungsspielraum<\/li>\n<li><strong>Elastischer Seitennahtbund <\/strong>hilft, die Hose sicher zu fixieren<\/li>\n<li><strong>Seitliche Beinrei\u00dfverschl\u00fcsse <\/strong>f\u00fcr einfaches An- und Ausziehen<\/li>\n<\/ul>\n","protected":false},"excerpt":{"rendered":"<p>Das Revenant Pro System mit WindBrake\u00ae Technologie bietet windundurchl\u00e4ssigen Schutz, der Ihrer Haut dennoch das Atmen erm\u00f6glicht. Die Jacke verf\u00fcgt \u00fcber ein leises Berber-Fleece, um die W\u00e4rme ohne zus\u00e4tzliches Volumen zu verbessern und Ihnen uneingeschr\u00e4nkte Bewegungsfreiheit zu gew\u00e4hrleisten. Eine Kombination aus langflorigem Fleece im Inneren und Thinsulate\u2122-Isolierung garantiert Ihnen Komfort auf Ihrem Ansitz bis sp\u00e4t [&#8230;]\n","protected":false},"featured_media":235637,"comment_status":"open","ping_status":"closed","template":"","meta":[],"product_brand":[],"product_cat":[1128,1222],"product_tag":[],"class_list":{"0":"post-281808","1":"product","2":"type-product","3":"status-publish","4":"has-post-thumbnail","6":"product_cat-hosen","7":"product_cat-sonderangebote","9":"first","10":"instock","11":"sale","12":"taxable","13":"shipping-taxable","14":"purchasable","15":"product-type-variable"},"composite_virtual":false,"composite_layout":"","composite_add_to_cart_form_location":"","composite_editable_in_cart":false,"composite_sold_individually_context":"","composite_shop_price_calc":"","composite_components":[],"composite_scenarios":[],"group_of_quantity":0,"min_quantity":0,"max_quantity":"","exclude_order_quantity_value_rules":"no","exclude_category_quantity_rules":"no","combine_variations":"no","exclude_global_add_ons":[],"addons":[],"_links":{"self":[{"href":"https:\/\/www.huntersfriend.eu\/de\/wp-json\/wp\/v2\/product\/281808","targetHints":{"allow":["GET"]}}],"collection":[{"href":"https:\/\/www.huntersfriend.eu\/de\/wp-json\/wp\/v2\/product"}],"about":[{"href":"https:\/\/www.huntersfriend.eu\/de\/wp-json\/wp\/v2\/types\/product"}],"replies":[{"embeddable":true,"href":"https:\/\/www.huntersfriend.eu\/de\/wp-json\/wp\/v2\/comments?post=281808"}],"wp:featuredmedia":[{"embeddable":true,"href":"https:\/\/www.huntersfriend.eu\/de\/wp-json\/wp\/v2\/media\/235637"}],"wp:attachment":[{"href":"https:\/\/www.huntersfriend.eu\/de\/wp-json\/wp\/v2\/media?parent=281808"}],"wp:term":[{"taxonomy":"product_brand","embeddable":true,"href":"https:\/\/www.huntersfriend.eu\/de\/wp-json\/wp\/v2\/product_brand?post=281808"},{"taxonomy":"product_cat","embeddable":true,"href":"https:\/\/www.huntersfriend.eu\/de\/wp-json\/wp\/v2\/product_cat?post=281808"},{"taxonomy":"product_tag","embeddable":true,"href":"https:\/\/www.huntersfriend.eu\/de\/wp-json\/wp\/v2\/product_tag?post=281808"}],"curies":[{"name":"wp","href":"https:\/\/api.w.org\/{rel}","templated":true}]}}