{"id":281800,"date":"2022-08-30T12:08:44","date_gmt":"2022-08-30T10:08:44","guid":{"rendered":"https:\/\/www.huntersfriend.eu\/product\/vorn-ausruestung-vogelnetz\/"},"modified":"2025-06-23T12:37:36","modified_gmt":"2025-06-23T10:37:36","slug":"vorn-ausruestung-vogelnetz","status":"publish","type":"product","link":"https:\/\/www.huntersfriend.eu\/de\/produkt\/vorn-ausruestung-vogelnetz\/","title":{"rendered":"Vorn Ausr\u00fcstung Vogelnetz"},"content":{"rendered":"<p>Das Vorn Vogelnetz l\u00e4sst sich m\u00fchelos an der R\u00fcckseite Ihres Vorn Rucksacks befestigen. Dies erm\u00f6glicht Ihnen den Transport Ihrer Beute bei gleichzeitiger Fortsetzung der Jagd. Das Vogelnetz ist abnehmbar und kann problemlos am Rucksack angebracht oder entfernt werden. Es ist gut bel\u00fcftet und verf\u00fcgt \u00fcber eine elastische Kordel als obere \u00d6ffnung.   <\/p>\n<ul>\n<li>Abmessungen: 22 x 30 x 13 cm.<\/li>\n<li>Gewicht: 165 g.<\/li>\n<li>Volumen: 10 Liter.<\/li>\n<\/ul>\n","protected":false},"excerpt":{"rendered":"<p>Zubeh\u00f6r f\u00fcr Vorn Rucksack<\/p>\n","protected":false},"featured_media":235867,"comment_status":"open","ping_status":"closed","template":"","meta":[],"product_brand":[],"product_cat":[1145],"product_tag":[],"class_list":{"0":"post-281800","1":"product","2":"type-product","3":"status-publish","4":"has-post-thumbnail","6":"product_cat-sonstiges","8":"first","9":"outofstock","10":"taxable","11":"shipping-taxable","12":"purchasable","13":"product-type-simple"},"composite_virtual":false,"composite_layout":"","composite_add_to_cart_form_location":"","composite_editable_in_cart":false,"composite_sold_individually_context":"","composite_shop_price_calc":"","composite_components":[],"composite_scenarios":[],"group_of_quantity":0,"min_quantity":0,"max_quantity":"","exclude_order_quantity_value_rules":"no","exclude_category_quantity_rules":"no","combine_variations":"no","exclude_global_add_ons":[],"addons":[],"_links":{"self":[{"href":"https:\/\/www.huntersfriend.eu\/de\/wp-json\/wp\/v2\/product\/281800","targetHints":{"allow":["GET"]}}],"collection":[{"href":"https:\/\/www.huntersfriend.eu\/de\/wp-json\/wp\/v2\/product"}],"about":[{"href":"https:\/\/www.huntersfriend.eu\/de\/wp-json\/wp\/v2\/types\/product"}],"replies":[{"embeddable":true,"href":"https:\/\/www.huntersfriend.eu\/de\/wp-json\/wp\/v2\/comments?post=281800"}],"wp:featuredmedia":[{"embeddable":true,"href":"https:\/\/www.huntersfriend.eu\/de\/wp-json\/wp\/v2\/media\/235867"}],"wp:attachment":[{"href":"https:\/\/www.huntersfriend.eu\/de\/wp-json\/wp\/v2\/media?parent=281800"}],"wp:term":[{"taxonomy":"product_brand","embeddable":true,"href":"https:\/\/www.huntersfriend.eu\/de\/wp-json\/wp\/v2\/product_brand?post=281800"},{"taxonomy":"product_cat","embeddable":true,"href":"https:\/\/www.huntersfriend.eu\/de\/wp-json\/wp\/v2\/product_cat?post=281800"},{"taxonomy":"product_tag","embeddable":true,"href":"https:\/\/www.huntersfriend.eu\/de\/wp-json\/wp\/v2\/product_tag?post=281800"}],"curies":[{"name":"wp","href":"https:\/\/api.w.org\/{rel}","templated":true}]}}