{"id":281799,"date":"2022-08-18T11:32:24","date_gmt":"2022-08-18T09:32:24","guid":{"rendered":"https:\/\/www.huntersfriend.eu\/product\/scentlok-revenant-pro-jacke-mossy-oak\/"},"modified":"2025-08-27T10:53:54","modified_gmt":"2025-08-27T08:53:54","slug":"scentlok-revenant-pro-jacke-mossy-oak","status":"publish","type":"product","link":"https:\/\/www.huntersfriend.eu\/de\/produkt\/scentlok-revenant-pro-jacke-mossy-oak\/","title":{"rendered":"Scentlok Revenant Pro Jacke &#8211; Mossy Oak"},"content":{"rendered":"<p>Das Revenant Pro System mit WindBrake\u00ae Technologie bietet windundurchl\u00e4ssigen Schutz, der Ihrer Haut dennoch das Atmen erm\u00f6glicht. Die Jacke verf\u00fcgt \u00fcber ein leises Berber-Fleece, um die W\u00e4rme ohne zus\u00e4tzliches Volumen zu verbessern und Ihnen uneingeschr\u00e4nkte Bewegungsfreiheit zu gew\u00e4hrleisten. Eine Kombination aus langflorigem Fleece im Inneren und Thinsulate\u2122-Isolierung garantiert Ihnen Komfort auf Ihrem Ansitz bis sp\u00e4t in die Saison hinein. Der Revenant Pro nutzt zudem unsere revolution\u00e4re Carbon Alloy\u2122-Technologie, um Ihnen den ultimativen Geruchsschutz im Feld zu bieten.   <\/p>\n<p><strong>MERKMALE:<\/strong><\/p>\n<ul>\n<li><strong>Carbon Alloy<sup>\u2122<\/sup> Technologie <\/strong>f\u00fcr maximale Geruchsadsorption und Geruchskontrolle<\/li>\n<li><strong>WindBrake\u00ae Technologie <\/strong>atmungsaktives, windundurchl\u00e4ssiges Design zum Schutz vor den Elementen<\/li>\n<li><strong>\u00c4u\u00dfere DWR-Beschichtung <\/strong>zur Feuchtigkeitsabweisung<\/li>\n<li><strong>Ultra leise, geschmeidige Fleece-Au\u00dfenstoffe <\/strong>f\u00fcr maximalen Komfort<\/li>\n<li><strong>Langfaseriges Fleece &amp; Polyester-Interlock-Gewebe <\/strong>f\u00fcr W\u00e4rme und Komfort<\/li>\n<li><strong>Thermisch kartierte Thinsulate<sup>\u2122<\/sup><\/strong><strong>-Isolierung <\/strong>f\u00fcr extreme W\u00e4rme (100g im K\u00f6rperbereich, 60g in den \u00c4rmeln)<\/li>\n<li><strong>Sicherheitsgurt\u00f6ffnung <\/strong>f\u00fcr einfachen Zugang<\/li>\n<li><strong>Vier Rei\u00dfverschlusstaschen (3 au\u00dfen &amp; 1 innen) <\/strong>zur Aufbewahrung essentieller Ausr\u00fcstung<\/li>\n<li><strong>Articulierte Ellbogen <\/strong>f\u00fcr vollen Bewegungsumfang<\/li>\n<li><strong>Teleskopische Manschetten mit Daumenl\u00f6chern <\/strong>zum Einschlie\u00dfen des Geruchs und Fernhalten der K\u00e4lte<\/li>\n<\/ul>\n","protected":false},"excerpt":{"rendered":"<p>Das Revenant Pro System mit WindBrake\u00ae Technologie bietet windundurchl\u00e4ssigen Schutz, der Ihrer Haut dennoch das Atmen erm\u00f6glicht. Die Jacke verf\u00fcgt \u00fcber ein leises Berber-Fleece, um die W\u00e4rme ohne zus\u00e4tzliches Volumen zu verbessern und Ihnen uneingeschr\u00e4nkte Bewegungsfreiheit zu gew\u00e4hrleisten. Eine Kombination aus langflorigem Fleece im Inneren und Thinsulate\u2122-Isolierung garantiert Ihnen Komfort auf Ihrem Ansitz bis sp\u00e4t [&#8230;]\n","protected":false},"featured_media":235662,"comment_status":"open","ping_status":"closed","template":"","meta":[],"product_brand":[],"product_cat":[1384,1222],"product_tag":[],"class_list":{"0":"post-281799","1":"product","2":"type-product","3":"status-publish","4":"has-post-thumbnail","6":"product_cat-jacken","7":"product_cat-sonderangebote","9":"first","10":"instock","11":"sale","12":"taxable","13":"shipping-taxable","14":"purchasable","15":"product-type-variable"},"composite_virtual":false,"composite_layout":"","composite_add_to_cart_form_location":"","composite_editable_in_cart":false,"composite_sold_individually_context":"","composite_shop_price_calc":"","composite_components":[],"composite_scenarios":[],"group_of_quantity":0,"min_quantity":0,"max_quantity":"","exclude_order_quantity_value_rules":"no","exclude_category_quantity_rules":"no","combine_variations":"no","exclude_global_add_ons":[],"addons":[],"_links":{"self":[{"href":"https:\/\/www.huntersfriend.eu\/de\/wp-json\/wp\/v2\/product\/281799","targetHints":{"allow":["GET"]}}],"collection":[{"href":"https:\/\/www.huntersfriend.eu\/de\/wp-json\/wp\/v2\/product"}],"about":[{"href":"https:\/\/www.huntersfriend.eu\/de\/wp-json\/wp\/v2\/types\/product"}],"replies":[{"embeddable":true,"href":"https:\/\/www.huntersfriend.eu\/de\/wp-json\/wp\/v2\/comments?post=281799"}],"wp:featuredmedia":[{"embeddable":true,"href":"https:\/\/www.huntersfriend.eu\/de\/wp-json\/wp\/v2\/media\/235662"}],"wp:attachment":[{"href":"https:\/\/www.huntersfriend.eu\/de\/wp-json\/wp\/v2\/media?parent=281799"}],"wp:term":[{"taxonomy":"product_brand","embeddable":true,"href":"https:\/\/www.huntersfriend.eu\/de\/wp-json\/wp\/v2\/product_brand?post=281799"},{"taxonomy":"product_cat","embeddable":true,"href":"https:\/\/www.huntersfriend.eu\/de\/wp-json\/wp\/v2\/product_cat?post=281799"},{"taxonomy":"product_tag","embeddable":true,"href":"https:\/\/www.huntersfriend.eu\/de\/wp-json\/wp\/v2\/product_tag?post=281799"}],"curies":[{"name":"wp","href":"https:\/\/api.w.org\/{rel}","templated":true}]}}