{"id":281798,"date":"2022-08-30T12:08:44","date_gmt":"2022-08-30T10:08:44","guid":{"rendered":"https:\/\/www.huntersfriend.eu\/product\/vorn-ausruestung-regenschutz\/"},"modified":"2025-06-23T12:37:34","modified_gmt":"2025-06-23T10:37:34","slug":"vorn-ausruestung-regenschutz","status":"publish","type":"product","link":"https:\/\/www.huntersfriend.eu\/de\/produkt\/vorn-ausruestung-regenschutz\/","title":{"rendered":"Vorn Ausr\u00fcstung Regenschutz"},"content":{"rendered":"<p>Der Vorn Regenschutz gew\u00e4hrleistet, dass Ihr Rucksack und Ihre Waffe ungeachtet der Witterungsbedingungen trocken bleiben.<\/p>\n<p>Das Set besteht aus einem Regenschutz f\u00fcr Ihren Vorn Rucksack, einem f\u00fcr die Schusswaffe sowie einem abnehmbaren Signal-Panel, um Ihre eindeutige Sichtbarkeit sicherzustellen.<\/p>\n<p>Der Regenschutz ist leichtgewichtig und l\u00e4sst sich auf ein sehr geringes Volumen komprimieren, sodass er m\u00fchelos mitgef\u00fchrt werden kann.<\/p>\n<p>Gr\u00f6\u00dfe: 20 &#8211; 45 Liter<\/p>\n","protected":false},"excerpt":{"rendered":"<p>Zubeh\u00f6r f\u00fcr Vorn Rucks\u00e4cke<\/p>\n","protected":false},"featured_media":0,"comment_status":"open","ping_status":"closed","template":"","meta":[],"product_brand":[],"product_cat":[1145],"product_tag":[],"class_list":{"0":"post-281798","1":"product","2":"type-product","3":"status-publish","5":"product_cat-sonstiges","7":"first","8":"outofstock","9":"taxable","10":"shipping-taxable","11":"purchasable","12":"product-type-simple"},"composite_virtual":false,"composite_layout":"","composite_add_to_cart_form_location":"","composite_editable_in_cart":false,"composite_sold_individually_context":"","composite_shop_price_calc":"","composite_components":[],"composite_scenarios":[],"group_of_quantity":0,"min_quantity":0,"max_quantity":"","exclude_order_quantity_value_rules":"no","exclude_category_quantity_rules":"no","combine_variations":"no","exclude_global_add_ons":[],"addons":[],"_links":{"self":[{"href":"https:\/\/www.huntersfriend.eu\/de\/wp-json\/wp\/v2\/product\/281798","targetHints":{"allow":["GET"]}}],"collection":[{"href":"https:\/\/www.huntersfriend.eu\/de\/wp-json\/wp\/v2\/product"}],"about":[{"href":"https:\/\/www.huntersfriend.eu\/de\/wp-json\/wp\/v2\/types\/product"}],"replies":[{"embeddable":true,"href":"https:\/\/www.huntersfriend.eu\/de\/wp-json\/wp\/v2\/comments?post=281798"}],"wp:attachment":[{"href":"https:\/\/www.huntersfriend.eu\/de\/wp-json\/wp\/v2\/media?parent=281798"}],"wp:term":[{"taxonomy":"product_brand","embeddable":true,"href":"https:\/\/www.huntersfriend.eu\/de\/wp-json\/wp\/v2\/product_brand?post=281798"},{"taxonomy":"product_cat","embeddable":true,"href":"https:\/\/www.huntersfriend.eu\/de\/wp-json\/wp\/v2\/product_cat?post=281798"},{"taxonomy":"product_tag","embeddable":true,"href":"https:\/\/www.huntersfriend.eu\/de\/wp-json\/wp\/v2\/product_tag?post=281798"}],"curies":[{"name":"wp","href":"https:\/\/api.w.org\/{rel}","templated":true}]}}