{"id":281796,"date":"2022-08-26T15:15:35","date_gmt":"2025-06-23T10:37:33","guid":{"rendered":"https:\/\/www.huntersfriend.eu\/product\/vorn-equipment-ev45-rucksack\/"},"modified":"2026-03-04T12:53:42","modified_gmt":"2026-03-04T10:53:42","slug":"vorn-equipment-ev45-rucksack","status":"publish","type":"product","link":"https:\/\/www.huntersfriend.eu\/de\/produkt\/vorn-equipment-ev45-rucksack\/","title":{"rendered":"Vorn equipment EV45 Rucksack"},"content":{"rendered":"<p class=\"tw-data-text tw-text-large tw-ta\" dir=\"ltr\" data-placeholder=\"K\u00e4\u00e4nn\u00f6s\"><span class=\"Y2IQFc\" lang=\"en\">Sollten Sie als J\u00e4ger einen hochwertigen, \u00e4u\u00dferst funktionalen Jagdrucksack bevorzugen, kommen Sie am Vorn EV45 nicht vorbei. Wie alle Vorn-Rucks\u00e4cke ist er eine Referenz in seinem Bereich und Ihr perfekter Jagdbegleiter. Der Vorn EV45 ist ein robuster Jagdrucksack. Dank des V-Tex-Dreischichtstoffs ist er ger\u00e4uscharm und wasserabweisend.    <\/span>Mit Ihrer gut gesch\u00fctzten Schusswaffe im Rucksack k\u00f6nnen Sie sich auf die Jagd konzentrieren. Das Quick Rifle Release System erm\u00f6glicht Ihnen einen schnellen und zuverl\u00e4ssigen Zugriff auf Ihre Schusswaffe, wenn Sie zum Schuss bereit sind. <\/p>\n<p id=\"tw-target-text\" class=\"tw-data-text tw-text-large tw-ta\" dir=\"ltr\" data-placeholder=\"K\u00e4\u00e4nn\u00f6s\"><span class=\"Y2IQFc\" lang=\"en\">Mit einem Volumen von 45 Litern haben Sie ausreichend Platz f\u00fcr Ihr Jagdzubeh\u00f6r und Utensilien. Der funktionale Dreischichtstoff, leicht erreichbare F\u00e4cher, der faserverst\u00e4rkte Rahmen, robuste Gurte und weitere Merkmale machen den Vorn EV45 Rucksack zu einem starken, leistungsf\u00e4higen Transportmittel, das Sie bei Ihren anspruchsvollen Jagden nicht im Stich lassen wird.  <\/span><\/p>\n<p>Hauptmerkmale:<\/p>\n<ul>\n<li>Patentiertes QRR-System f\u00fcr schnellen und zuverl\u00e4ssigen Zugriff auf Ihr Gewehr oder Ihre Flinte<\/li>\n<li>EV-Au\u00dfen- und Innenrahmen f\u00fcr optimale Stabilit\u00e4t und Tragf\u00e4higkeit.<\/li>\n<li>Ger\u00e4umiges und verstellbares Waffenfach.<\/li>\n<li>Komfortable Schulterriemen mit dem Vorn Pin-Lock-System zur H\u00f6henverstellung.<\/li>\n<li>Robuster H\u00fcftgurt mit MOLLE-Befestigungspunkten.<\/li>\n<li>Kompatibel mit Hydratationssystem (bis zu 3 Liter).<\/li>\n<li>Oberdeckel mit drei separaten F\u00e4chern und einem Schl\u00fcsselhaken<\/li>\n<li>Seitlicher Zugang zum Hauptfach<\/li>\n<li>Leicht zug\u00e4ngliches gepolstertes Vorderfach<\/li>\n<li>Innere und \u00e4u\u00dfere Netztasche<\/li>\n<li>Mehrere Griffe, Kompressionsriemen und Befestigungspunkte<\/li>\n<li>Laufabdeckung f\u00fcr den Gewehrschutz w\u00e4hrend des Transports inbegriffen.<\/li>\n<li>Volumen: 45 Liter<\/li>\n<li>Gewicht: 2,75 kg<\/li>\n<\/ul>\n","protected":false},"excerpt":{"rendered":"<p>Sollten Sie als J\u00e4ger einen hochwertigen, \u00e4u\u00dferst funktionalen Jagdrucksack bevorzugen, kommen Sie am Vorn EV45 nicht vorbei. Wie alle Vorn-Rucks\u00e4cke ist er eine Referenz in seinem Bereich und Ihr perfekter Jagdbegleiter. Der Vorn EV45 ist ein robuster Jagdrucksack. Dank des V-Tex-Dreischichtstoffs ist er ger\u00e4uscharm und wasserabweisend. Mit Ihrer gut gesch\u00fctzten Schusswaffe im Rucksack k\u00f6nnen Sie [&#8230;]\n","protected":false},"featured_media":235403,"comment_status":"open","ping_status":"closed","template":"","meta":[],"product_brand":[],"product_cat":[2565],"product_tag":[],"class_list":{"0":"post-281796","1":"product","2":"type-product","3":"status-publish","4":"has-post-thumbnail","6":"product_cat-jaktryggsackar","7":"product_shipping_class-medium-de","9":"first","10":"instock","11":"taxable","12":"shipping-taxable","13":"purchasable","14":"product-type-simple"},"composite_virtual":false,"composite_layout":"","composite_add_to_cart_form_location":"","composite_editable_in_cart":false,"composite_sold_individually_context":"","composite_shop_price_calc":"","composite_components":[],"composite_scenarios":[],"group_of_quantity":0,"min_quantity":0,"max_quantity":"","exclude_order_quantity_value_rules":"no","exclude_category_quantity_rules":"no","combine_variations":"no","exclude_global_add_ons":[],"addons":[],"_links":{"self":[{"href":"https:\/\/www.huntersfriend.eu\/de\/wp-json\/wp\/v2\/product\/281796","targetHints":{"allow":["GET"]}}],"collection":[{"href":"https:\/\/www.huntersfriend.eu\/de\/wp-json\/wp\/v2\/product"}],"about":[{"href":"https:\/\/www.huntersfriend.eu\/de\/wp-json\/wp\/v2\/types\/product"}],"replies":[{"embeddable":true,"href":"https:\/\/www.huntersfriend.eu\/de\/wp-json\/wp\/v2\/comments?post=281796"}],"wp:featuredmedia":[{"embeddable":true,"href":"https:\/\/www.huntersfriend.eu\/de\/wp-json\/wp\/v2\/media\/235403"}],"wp:attachment":[{"href":"https:\/\/www.huntersfriend.eu\/de\/wp-json\/wp\/v2\/media?parent=281796"}],"wp:term":[{"taxonomy":"product_brand","embeddable":true,"href":"https:\/\/www.huntersfriend.eu\/de\/wp-json\/wp\/v2\/product_brand?post=281796"},{"taxonomy":"product_cat","embeddable":true,"href":"https:\/\/www.huntersfriend.eu\/de\/wp-json\/wp\/v2\/product_cat?post=281796"},{"taxonomy":"product_tag","embeddable":true,"href":"https:\/\/www.huntersfriend.eu\/de\/wp-json\/wp\/v2\/product_tag?post=281796"}],"curies":[{"name":"wp","href":"https:\/\/api.w.org\/{rel}","templated":true}]}}