{"id":281795,"date":"2022-08-18T11:32:23","date_gmt":"2025-06-23T10:37:32","guid":{"rendered":"https:\/\/www.huntersfriend.eu\/product\/scentlok-carbon-alloy-muetze-signalorange\/"},"modified":"2025-06-23T12:37:32","modified_gmt":"2025-06-23T10:37:32","slug":"scentlok-carbon-alloy-muetze-signalorange","status":"publish","type":"product","link":"https:\/\/www.huntersfriend.eu\/de\/produkt\/scentlok-carbon-alloy-muetze-signalorange\/","title":{"rendered":"Scentlok Carbon Alloy M\u00fctze &#8211; Signalorange"},"content":{"rendered":"<p>Eine Strickm\u00fctze wird von jedermann gesch\u00e4tzt, wenn das Wetter kalt und die Jagd anspruchsvoll wird. Die Strickm\u00fctze mit Umschlagbund bietet die Vielseitigkeit, den Kopf bei k\u00fchlen Temperaturen warm zu halten, und wenn die K\u00e4lte wirklich bei\u00dft, kann man die M\u00fctze herunterziehen, um auch die Ohren zu bedecken. Mit Microfleece Carbon Alloy\u2122 gef\u00fcttert.  <\/p>\n<p>Verwenden Sie ScentLok OZ Ozongeneratoren, um Ihre Kohlenstoffbekleidung vor Ihren Jagdausfl\u00fcgen zu reinigen und aufzufrischen, was Ihre Zeit im Revier verbessert. OZ Ozongeneratoren sind darauf ausgelegt, einen kraftvollen Strom von Ozonmolek\u00fclen zu emittieren, um praktisch alle Arten von Ger\u00fcchen und Bakterien zu eliminieren sowie Viren zu reduzieren. <\/p>\n<p><strong>MERKMALE:<\/strong><\/p>\n<ul>\n<li><strong>Carbon Alloy\u2122<\/strong> <strong>Technologie<\/strong> bietet maximale Geruchsadsorption &amp; Geruchskontrolle<\/li>\n<li><strong>Microfleece-Innenfutter<\/strong> hilft, Ihre Ohren warm zu halten<\/li>\n<li><strong>Feuchtigkeitsableitende Behandlung<\/strong> zur Schwei\u00dfableitung und K\u00fchlung<\/li>\n<li><strong>Umschlagbund-Design<\/strong> verst\u00e4rkt die W\u00e4rmewirkung<\/li>\n<\/ul>\n","protected":false},"excerpt":{"rendered":"<p>Gestrickte M\u00fctze, Signalorange<\/p>\n","protected":false},"featured_media":235703,"comment_status":"open","ping_status":"closed","template":"","meta":[],"product_brand":[],"product_cat":[1145],"product_tag":[],"class_list":{"0":"post-281795","1":"product","2":"type-product","3":"status-publish","4":"has-post-thumbnail","6":"product_cat-sonstiges","8":"first","9":"outofstock","10":"sale","11":"taxable","12":"shipping-taxable","13":"purchasable","14":"product-type-simple"},"composite_virtual":false,"composite_layout":"","composite_add_to_cart_form_location":"","composite_editable_in_cart":false,"composite_sold_individually_context":"","composite_shop_price_calc":"","composite_components":[],"composite_scenarios":[],"group_of_quantity":0,"min_quantity":0,"max_quantity":"","exclude_order_quantity_value_rules":"no","exclude_category_quantity_rules":"no","combine_variations":"no","exclude_global_add_ons":[],"addons":[],"_links":{"self":[{"href":"https:\/\/www.huntersfriend.eu\/de\/wp-json\/wp\/v2\/product\/281795","targetHints":{"allow":["GET"]}}],"collection":[{"href":"https:\/\/www.huntersfriend.eu\/de\/wp-json\/wp\/v2\/product"}],"about":[{"href":"https:\/\/www.huntersfriend.eu\/de\/wp-json\/wp\/v2\/types\/product"}],"replies":[{"embeddable":true,"href":"https:\/\/www.huntersfriend.eu\/de\/wp-json\/wp\/v2\/comments?post=281795"}],"wp:featuredmedia":[{"embeddable":true,"href":"https:\/\/www.huntersfriend.eu\/de\/wp-json\/wp\/v2\/media\/235703"}],"wp:attachment":[{"href":"https:\/\/www.huntersfriend.eu\/de\/wp-json\/wp\/v2\/media?parent=281795"}],"wp:term":[{"taxonomy":"product_brand","embeddable":true,"href":"https:\/\/www.huntersfriend.eu\/de\/wp-json\/wp\/v2\/product_brand?post=281795"},{"taxonomy":"product_cat","embeddable":true,"href":"https:\/\/www.huntersfriend.eu\/de\/wp-json\/wp\/v2\/product_cat?post=281795"},{"taxonomy":"product_tag","embeddable":true,"href":"https:\/\/www.huntersfriend.eu\/de\/wp-json\/wp\/v2\/product_tag?post=281795"}],"curies":[{"name":"wp","href":"https:\/\/api.w.org\/{rel}","templated":true}]}}