{"id":281794,"date":"2022-08-26T15:15:34","date_gmt":"2025-06-23T10:37:32","guid":{"rendered":"https:\/\/www.huntersfriend.eu\/product\/vorn-equipment-lt12-rucksack\/"},"modified":"2026-03-04T12:53:41","modified_gmt":"2026-03-04T10:53:41","slug":"vorn-equipment-lt12-rucksack","status":"publish","type":"product","link":"https:\/\/www.huntersfriend.eu\/de\/produkt\/vorn-equipment-lt12-rucksack\/","title":{"rendered":"Vorn equipment LT12 Rucksack"},"content":{"rendered":"<p id=\"tw-target-text\" class=\"tw-data-text tw-text-large tw-ta\" dir=\"ltr\" data-placeholder=\"K\u00e4\u00e4nn\u00f6s\"><span class=\"Y2IQFc\" lang=\"en\">Der Vorn LT12 ist ein kompakter und leichter Jagdrucksack. Das Quick-Rifle-Release-System erm\u00f6glicht einen schnellen Zugriff auf die Langwaffe, welche bei Nichtgebrauch sicher am Rucksack befestigt ist. Komfortable Schultertr\u00e4ger und ein abnehmbarer H\u00fcftgurt sind weitere Merkmale. Horizontale Stangen im Inneren des Rucksacks gew\u00e4hrleisten eine erh\u00f6hte Stabilit\u00e4t. Netzf\u00e4cher innen und au\u00dfen, Befestigungsriemen und Anbindungspunkte an der Au\u00dfenseite sind weitere praktische Details. Mit Waffenh\u00fclle als Transportschutz.    <\/span><\/p>\n<p dir=\"ltr\" data-placeholder=\"K\u00e4\u00e4nn\u00f6s\">Hauptmerkmale:<\/p>\n<ul>\n<li class=\"tw-data-text tw-text-large tw-ta\" dir=\"ltr\" data-placeholder=\"K\u00e4\u00e4nn\u00f6s\"><span class=\"Y2IQFc\" lang=\"en\">Kleiner Jagdrucksack mit Schnellentriegelung f\u00fcr das Gewehr (Quick Rifle Release \u201eQRR\u201c) <\/span><\/li>\n<li class=\"tw-data-text tw-text-large tw-ta\" dir=\"ltr\" data-placeholder=\"K\u00e4\u00e4nn\u00f6s\"><span class=\"Y2IQFc\" lang=\"en\">Angenehmer Tragekomfort dank gro\u00dfz\u00fcgiger Polsterung mit abnehmbarem H\u00fcftgurt <\/span><\/li>\n<li class=\"tw-data-text tw-text-large tw-ta\" dir=\"ltr\" data-placeholder=\"K\u00e4\u00e4nn\u00f6s\"><span class=\"Y2IQFc\" lang=\"en\">Netzf\u00e4cher innen und au\u00dfen <\/span><\/li>\n<li class=\"tw-data-text tw-text-large tw-ta\" dir=\"ltr\" data-placeholder=\"K\u00e4\u00e4nn\u00f6s\"><span class=\"Y2IQFc\" lang=\"en\">Volumen 12 Liter <\/span><\/li>\n<li class=\"tw-data-text tw-text-large tw-ta\" dir=\"ltr\" data-placeholder=\"K\u00e4\u00e4nn\u00f6s\"><span class=\"Y2IQFc\" lang=\"en\">Abmessungen 52 x 25 x 10 cm (L x B x T) <\/span><\/li>\n<li class=\"tw-data-text tw-text-large tw-ta\" dir=\"ltr\" data-placeholder=\"K\u00e4\u00e4nn\u00f6s\"><span class=\"Y2IQFc\" lang=\"en\">Gewicht 1400g<\/span><\/li>\n<\/ul>\n","protected":false},"excerpt":{"rendered":"<p>Der Vorn LT12 ist ein kompakter und leichter Jagdrucksack. Das Quick-Rifle-Release-System erm\u00f6glicht einen schnellen Zugriff auf die Langwaffe, welche bei Nichtgebrauch sicher am Rucksack befestigt ist. Komfortable Schultertr\u00e4ger und ein abnehmbarer H\u00fcftgurt sind weitere Merkmale. Horizontale Stangen im Inneren des Rucksacks gew\u00e4hrleisten eine erh\u00f6hte Stabilit\u00e4t. Netzf\u00e4cher innen und au\u00dfen, Befestigungsriemen und Anbindungspunkte an der Au\u00dfenseite [&#8230;]\n","protected":false},"featured_media":235418,"comment_status":"open","ping_status":"closed","template":"","meta":[],"product_brand":[],"product_cat":[2565],"product_tag":[],"class_list":{"0":"post-281794","1":"product","2":"type-product","3":"status-publish","4":"has-post-thumbnail","6":"product_cat-jaktryggsackar","7":"product_shipping_class-medium-de","9":"first","10":"instock","11":"taxable","12":"shipping-taxable","13":"purchasable","14":"product-type-simple"},"composite_virtual":false,"composite_layout":"","composite_add_to_cart_form_location":"","composite_editable_in_cart":false,"composite_sold_individually_context":"","composite_shop_price_calc":"","composite_components":[],"composite_scenarios":[],"group_of_quantity":0,"min_quantity":0,"max_quantity":"","exclude_order_quantity_value_rules":"no","exclude_category_quantity_rules":"no","combine_variations":"no","exclude_global_add_ons":[],"addons":[],"_links":{"self":[{"href":"https:\/\/www.huntersfriend.eu\/de\/wp-json\/wp\/v2\/product\/281794","targetHints":{"allow":["GET"]}}],"collection":[{"href":"https:\/\/www.huntersfriend.eu\/de\/wp-json\/wp\/v2\/product"}],"about":[{"href":"https:\/\/www.huntersfriend.eu\/de\/wp-json\/wp\/v2\/types\/product"}],"replies":[{"embeddable":true,"href":"https:\/\/www.huntersfriend.eu\/de\/wp-json\/wp\/v2\/comments?post=281794"}],"wp:featuredmedia":[{"embeddable":true,"href":"https:\/\/www.huntersfriend.eu\/de\/wp-json\/wp\/v2\/media\/235418"}],"wp:attachment":[{"href":"https:\/\/www.huntersfriend.eu\/de\/wp-json\/wp\/v2\/media?parent=281794"}],"wp:term":[{"taxonomy":"product_brand","embeddable":true,"href":"https:\/\/www.huntersfriend.eu\/de\/wp-json\/wp\/v2\/product_brand?post=281794"},{"taxonomy":"product_cat","embeddable":true,"href":"https:\/\/www.huntersfriend.eu\/de\/wp-json\/wp\/v2\/product_cat?post=281794"},{"taxonomy":"product_tag","embeddable":true,"href":"https:\/\/www.huntersfriend.eu\/de\/wp-json\/wp\/v2\/product_tag?post=281794"}],"curies":[{"name":"wp","href":"https:\/\/api.w.org\/{rel}","templated":true}]}}