{"id":281793,"date":"2022-08-18T11:32:22","date_gmt":"2022-08-18T09:32:22","guid":{"rendered":"https:\/\/www.huntersfriend.eu\/product\/scentlok-be-1-handwaermer-muff-mossy-oak-terra-gila\/"},"modified":"2025-06-23T12:37:29","modified_gmt":"2025-06-23T10:37:29","slug":"scentlok-be-1-handwaermer-muff-mossy-oak-terra-gila","status":"publish","type":"product","link":"https:\/\/www.huntersfriend.eu\/de\/produkt\/scentlok-be-1-handwaermer-muff-mossy-oak-terra-gila\/","title":{"rendered":"Scentlok BE 1 Handw\u00e4rmer-Muff &#8211; Mossy Oak Terra Gila"},"content":{"rendered":"<p><strong>MERKMALE:<\/strong><\/p>\n<ul>\n<li><strong>Carbon Alloy\u2122 Technologie <\/strong>f\u00fcr maximale Geruchsadsorption<\/li>\n<li><strong>133g Primaloft\u00ae Gold Isolierung <\/strong>bietet ultimative W\u00e4rme<\/li>\n<li><strong>Windbrake\u00ae winddichtes Design <\/strong>sch\u00fctzt vor rauen Winden<\/li>\n<li><strong>DWR-behandelt <\/strong>zum Abweisen leichter Feuchtigkeit<\/li>\n<li><strong>Premium-Fleece-Stoff <\/strong>f\u00fcr t\u00f6dlich leise W\u00e4rme auf Abruf<\/li>\n<li><strong>300g langhaariges Fleece-Futter <\/strong>erzeugt zus\u00e4tzliche W\u00e4rme<\/li>\n<li><strong>Leicht zug\u00e4nglicher Frontverschluss <\/strong>h\u00e4lt Ihre Utensilien einfach erreichbar<\/li>\n<li><strong>Verstellbarer Polyester-H\u00fcftgurt mit Schnallenverschluss <\/strong>sorgt f\u00fcr eine individuelle Passform<\/li>\n<\/ul>\n","protected":false},"excerpt":{"rendered":"<p>Mossy Oak Terra Gila<\/p>\n","protected":false},"featured_media":235710,"comment_status":"open","ping_status":"closed","template":"","meta":[],"product_brand":[],"product_cat":[1380,1222],"product_tag":[],"class_list":{"0":"post-281793","1":"product","2":"type-product","3":"status-publish","4":"has-post-thumbnail","6":"product_cat-zubehor","7":"product_cat-sonderangebote","9":"first","10":"instock","11":"sale","12":"featured","13":"taxable","14":"shipping-taxable","15":"purchasable","16":"product-type-simple"},"composite_virtual":false,"composite_layout":"","composite_add_to_cart_form_location":"","composite_editable_in_cart":false,"composite_sold_individually_context":"","composite_shop_price_calc":"","composite_components":[],"composite_scenarios":[],"group_of_quantity":0,"min_quantity":0,"max_quantity":"","exclude_order_quantity_value_rules":"no","exclude_category_quantity_rules":"no","combine_variations":"no","exclude_global_add_ons":[],"addons":[],"_links":{"self":[{"href":"https:\/\/www.huntersfriend.eu\/de\/wp-json\/wp\/v2\/product\/281793","targetHints":{"allow":["GET"]}}],"collection":[{"href":"https:\/\/www.huntersfriend.eu\/de\/wp-json\/wp\/v2\/product"}],"about":[{"href":"https:\/\/www.huntersfriend.eu\/de\/wp-json\/wp\/v2\/types\/product"}],"replies":[{"embeddable":true,"href":"https:\/\/www.huntersfriend.eu\/de\/wp-json\/wp\/v2\/comments?post=281793"}],"wp:featuredmedia":[{"embeddable":true,"href":"https:\/\/www.huntersfriend.eu\/de\/wp-json\/wp\/v2\/media\/235710"}],"wp:attachment":[{"href":"https:\/\/www.huntersfriend.eu\/de\/wp-json\/wp\/v2\/media?parent=281793"}],"wp:term":[{"taxonomy":"product_brand","embeddable":true,"href":"https:\/\/www.huntersfriend.eu\/de\/wp-json\/wp\/v2\/product_brand?post=281793"},{"taxonomy":"product_cat","embeddable":true,"href":"https:\/\/www.huntersfriend.eu\/de\/wp-json\/wp\/v2\/product_cat?post=281793"},{"taxonomy":"product_tag","embeddable":true,"href":"https:\/\/www.huntersfriend.eu\/de\/wp-json\/wp\/v2\/product_tag?post=281793"}],"curies":[{"name":"wp","href":"https:\/\/api.w.org\/{rel}","templated":true}]}}