{"id":281787,"date":"2022-08-15T08:52:24","date_gmt":"2022-08-15T06:52:24","guid":{"rendered":"https:\/\/www.huntersfriend.eu\/product\/scentlok-vapour-wasserdichte-mittelschwere-hose\/"},"modified":"2025-11-22T01:40:44","modified_gmt":"2025-11-21T23:40:44","slug":"scentlok-vapour-wasserdichte-mittelschwere-hose","status":"publish","type":"product","link":"https:\/\/www.huntersfriend.eu\/de\/produkt\/scentlok-vapour-wasserdichte-mittelschwere-hose\/","title":{"rendered":"Scentlok Vapour wasserdichte mittelschwere Hose"},"content":{"rendered":"<p>Die Vapour Waterproof Serie erm\u00f6glicht es Ihnen, allem zu trotzen, was die Natur Ihnen von der Vorsaison bis zum H\u00f6hepunkt der Brunft entgegenwirft. Ein mittelschweres Design erm\u00f6glicht es Ihnen, St\u00fcrmen standzuhalten, ohne zu \u00fcberhitzen oder die Bewegungsfreiheit einzuschr\u00e4nken. <\/p>\n<p><strong>MERKMALE:<\/strong><\/p>\n<ul>\n<li><strong>Carbon Alloy\u2122 Technologie<\/strong> f\u00fcr maximale Geruchsadsorption &amp; Geruchskontrolle<\/li>\n<li><strong>Wasser-\/winddichte Membran<\/strong> sch\u00fctzt Sie vor den rauen Elementen<\/li>\n<li><strong>Geb\u00fcrstetes Trikot-Au\u00dfenmaterial<\/strong> f\u00fcr t\u00f6dlich leise Man\u00f6vrierf\u00e4higkeit<\/li>\n<li><strong>Zwei \u00fcberzogene Rei\u00dfverschlusstaschen<\/strong> bieten essentiellen Stauraum<\/li>\n<li><strong>43 cm lange Beinrei\u00dfverschl\u00fcsse mit Sturmklappe<\/strong>, um Wasser fernzuhalten und Sie trocken zu halten<\/li>\n<li><strong>Vorgeformte Knie &amp; durchgehender Zwickel<\/strong> bieten Bewegungsfreiheit im Feld<\/li>\n<\/ul>\n","protected":false},"excerpt":{"rendered":"<p>Realtree Edge<\/p>\n","protected":false},"featured_media":235803,"comment_status":"open","ping_status":"closed","template":"","meta":[],"product_brand":[],"product_cat":[1128,1222],"product_tag":[],"class_list":{"0":"post-281787","1":"product","2":"type-product","3":"status-publish","4":"has-post-thumbnail","6":"product_cat-hosen","7":"product_cat-sonderangebote","9":"first","10":"instock","11":"sale","12":"taxable","13":"shipping-taxable","14":"purchasable","15":"product-type-variable"},"composite_virtual":false,"composite_layout":"","composite_add_to_cart_form_location":"","composite_editable_in_cart":false,"composite_sold_individually_context":"","composite_shop_price_calc":"","composite_components":[],"composite_scenarios":[],"group_of_quantity":0,"min_quantity":0,"max_quantity":"","exclude_order_quantity_value_rules":"no","exclude_category_quantity_rules":"no","combine_variations":"no","exclude_global_add_ons":[],"addons":[],"_links":{"self":[{"href":"https:\/\/www.huntersfriend.eu\/de\/wp-json\/wp\/v2\/product\/281787","targetHints":{"allow":["GET"]}}],"collection":[{"href":"https:\/\/www.huntersfriend.eu\/de\/wp-json\/wp\/v2\/product"}],"about":[{"href":"https:\/\/www.huntersfriend.eu\/de\/wp-json\/wp\/v2\/types\/product"}],"replies":[{"embeddable":true,"href":"https:\/\/www.huntersfriend.eu\/de\/wp-json\/wp\/v2\/comments?post=281787"}],"wp:featuredmedia":[{"embeddable":true,"href":"https:\/\/www.huntersfriend.eu\/de\/wp-json\/wp\/v2\/media\/235803"}],"wp:attachment":[{"href":"https:\/\/www.huntersfriend.eu\/de\/wp-json\/wp\/v2\/media?parent=281787"}],"wp:term":[{"taxonomy":"product_brand","embeddable":true,"href":"https:\/\/www.huntersfriend.eu\/de\/wp-json\/wp\/v2\/product_brand?post=281787"},{"taxonomy":"product_cat","embeddable":true,"href":"https:\/\/www.huntersfriend.eu\/de\/wp-json\/wp\/v2\/product_cat?post=281787"},{"taxonomy":"product_tag","embeddable":true,"href":"https:\/\/www.huntersfriend.eu\/de\/wp-json\/wp\/v2\/product_tag?post=281787"}],"curies":[{"name":"wp","href":"https:\/\/api.w.org\/{rel}","templated":true}]}}