{"id":281786,"date":"2022-07-19T13:32:19","date_gmt":"2025-06-23T10:37:27","guid":{"rendered":"https:\/\/www.huntersfriend.eu\/product\/strukturierte-silhouetten-lockvogeltasche-fuer-den-finalen-anflug\/"},"modified":"2025-09-09T10:46:32","modified_gmt":"2025-09-09T08:46:32","slug":"strukturierte-silhouetten-lockvogeltasche-fuer-den-finalen-anflug","status":"publish","type":"product","link":"https:\/\/www.huntersfriend.eu\/de\/produkt\/strukturierte-silhouetten-lockvogeltasche-fuer-den-finalen-anflug\/","title":{"rendered":"Strukturierte Silhouetten-Lockvogeltasche f\u00fcr den finalen Anflug"},"content":{"rendered":"<p>Silhouetten haben an Beliebtheit gewonnen, und diese Tasche hebt die Dinge auf ein neues Niveau. Strukturierte Seiten und Oberseite erleichtern das Ein- und Auspacken von Silhouetten. Der Gang zu Ihrem Standort wird noch einfacher durch die seitlichen Griffe, den Schulterriemen und die Rucksacktr\u00e4ger, die Ihnen erlauben, sich freih\u00e4ndig zu bewegen. Schlie\u00dfen Sie einfach den Deckel mit der Schnalle, werfen Sie sich diese Tasche \u00fcber die Schultern und machen Sie sich auf den Weg!   <\/p>\n<h2>MERKMALE<\/h2>\n<ul>\n<li>Robuste, rechteckige Tasche zur Aufbewahrung von Silhouetten und Schneesocken<\/li>\n<li>Tragegriffe und Schulterriemen<\/li>\n<li>Fasst 5 Dutzend Silhouetten oder 10 Dutzend Schneesocken<\/li>\n<li>Rucksacktr\u00e4ger<\/li>\n<li>Klettverschluss und Schnallen zum Verschlie\u00dfen der Tasche<\/li>\n<li>Interne Abmessungen (ca.): 71 cm L\u00e4nge x 28 cm Breite x 48 cm H\u00f6he<\/li>\n<\/ul>\n","protected":false},"excerpt":{"rendered":"<p>Silhouetten haben an Beliebtheit gewonnen, und diese Tasche hebt die Dinge auf ein neues Niveau. Strukturierte Seiten und Oberseite erleichtern das Ein- und Auspacken von Silhouetten. Der Gang zu Ihrem Standort wird noch einfacher durch die seitlichen Griffe, den Schulterriemen und die Rucksacktr\u00e4ger, die Ihnen erlauben, sich freih\u00e4ndig zu bewegen. Schlie\u00dfen Sie einfach den Deckel [&#8230;]\n","protected":false},"featured_media":235604,"comment_status":"open","ping_status":"closed","template":"","meta":[],"product_brand":[],"product_cat":[1393],"product_tag":[],"class_list":{"0":"post-281786","1":"product","2":"type-product","3":"status-publish","4":"has-post-thumbnail","6":"product_cat-taschen-fur-lockvogel","8":"first","9":"instock","10":"taxable","11":"shipping-taxable","12":"purchasable","13":"product-type-simple"},"composite_virtual":false,"composite_layout":"","composite_add_to_cart_form_location":"","composite_editable_in_cart":false,"composite_sold_individually_context":"","composite_shop_price_calc":"","composite_components":[],"composite_scenarios":[],"group_of_quantity":0,"min_quantity":0,"max_quantity":"","exclude_order_quantity_value_rules":"no","exclude_category_quantity_rules":"no","combine_variations":"no","exclude_global_add_ons":[],"addons":[],"_links":{"self":[{"href":"https:\/\/www.huntersfriend.eu\/de\/wp-json\/wp\/v2\/product\/281786","targetHints":{"allow":["GET"]}}],"collection":[{"href":"https:\/\/www.huntersfriend.eu\/de\/wp-json\/wp\/v2\/product"}],"about":[{"href":"https:\/\/www.huntersfriend.eu\/de\/wp-json\/wp\/v2\/types\/product"}],"replies":[{"embeddable":true,"href":"https:\/\/www.huntersfriend.eu\/de\/wp-json\/wp\/v2\/comments?post=281786"}],"wp:featuredmedia":[{"embeddable":true,"href":"https:\/\/www.huntersfriend.eu\/de\/wp-json\/wp\/v2\/media\/235604"}],"wp:attachment":[{"href":"https:\/\/www.huntersfriend.eu\/de\/wp-json\/wp\/v2\/media?parent=281786"}],"wp:term":[{"taxonomy":"product_brand","embeddable":true,"href":"https:\/\/www.huntersfriend.eu\/de\/wp-json\/wp\/v2\/product_brand?post=281786"},{"taxonomy":"product_cat","embeddable":true,"href":"https:\/\/www.huntersfriend.eu\/de\/wp-json\/wp\/v2\/product_cat?post=281786"},{"taxonomy":"product_tag","embeddable":true,"href":"https:\/\/www.huntersfriend.eu\/de\/wp-json\/wp\/v2\/product_tag?post=281786"}],"curies":[{"name":"wp","href":"https:\/\/api.w.org\/{rel}","templated":true}]}}