{"id":281776,"date":"2022-07-19T11:10:45","date_gmt":"2022-07-19T09:10:45","guid":{"rendered":"https:\/\/www.huntersfriend.eu\/product\/finale-annaeherung-genericproductname-latzhosen\/"},"modified":"2025-09-17T13:10:37","modified_gmt":"2025-09-17T11:10:37","slug":"finale-annaeherung-genericproductname-latzhosen","status":"publish","type":"product","link":"https:\/\/www.huntersfriend.eu\/de\/produkt\/finale-annaeherung-genericproductname-latzhosen\/","title":{"rendered":"Finale Ann\u00e4herung GenericProductName Latzhosen"},"content":{"rendered":"<div>Diese werden Ihre Lieblingslatzhosen werden, die Sie je getragen haben. Wir haben sie so konzipiert, dass sie von oben bis unten isoliert sind und gleichzeitig winddicht und wasserdicht sind. Die Schultertr\u00e4ger sind leicht einstellbar und f\u00fcr h\u00f6heren Tragekomfort an den Schultern ausgelegt. Sie finden an diesen Latzhosen zahlreiche Taschen, um Ihre Habseligkeiten griffbereit zu halten. Diese Latzhosen halten Sie von der Brust abw\u00e4rts warm und machen Ihr Jagderlebnis wesentlich angenehmer.    <\/div>\n<ul>\n<li>Rei\u00dffestes Au\u00dfenmaterial und angepasste, flexible Knie- und Schrittpartie<\/li>\n<li>100% wasserdicht und winddicht mit 100 Gramm Primaloft Silver<\/li>\n<li>Rei\u00dfverschlussvordertaschen zur Aufbewahrung.<\/li>\n<li>Obere, fleecegef\u00fctterte Handw\u00e4rmertaschen im Brustbereich<\/li>\n<li>Durchgehende Rei\u00dfverschl\u00fcsse an den Au\u00dfenseiten der Beine, ausgestattet mit YKK AquaGuard Rei\u00dfverschl\u00fcssen.<\/li>\n<li>Verstellbare, breite Schultertr\u00e4ger f\u00fcr verbesserten Komfort und Passform<\/li>\n<\/ul>\n<p>&nbsp;<\/p>\n","protected":false},"excerpt":{"rendered":"<p>Diese werden Ihre Lieblingslatzhosen werden, die Sie je getragen haben. Wir haben sie so konzipiert, dass sie von oben bis unten isoliert sind und gleichzeitig winddicht und wasserdicht sind. Die Schultertr\u00e4ger sind leicht einstellbar und f\u00fcr h\u00f6heren Tragekomfort an den Schultern ausgelegt. Sie finden an diesen Latzhosen zahlreiche Taschen, um Ihre Habseligkeiten griffbereit zu halten. [&#8230;]\n","protected":false},"featured_media":235580,"comment_status":"open","ping_status":"closed","template":"","meta":[],"product_brand":[],"product_cat":[2230],"product_tag":[],"class_list":{"0":"post-281776","1":"product","2":"type-product","3":"status-publish","4":"has-post-thumbnail","6":"product_cat-latzhosen","7":"product_shipping_class-medium-de","9":"first","10":"instock","11":"taxable","12":"shipping-taxable","13":"purchasable","14":"product-type-variable"},"composite_virtual":false,"composite_layout":"","composite_add_to_cart_form_location":"","composite_editable_in_cart":false,"composite_sold_individually_context":"","composite_shop_price_calc":"","composite_components":[],"composite_scenarios":[],"group_of_quantity":0,"min_quantity":0,"max_quantity":"","exclude_order_quantity_value_rules":"no","exclude_category_quantity_rules":"no","combine_variations":"no","exclude_global_add_ons":[],"addons":[],"_links":{"self":[{"href":"https:\/\/www.huntersfriend.eu\/de\/wp-json\/wp\/v2\/product\/281776","targetHints":{"allow":["GET"]}}],"collection":[{"href":"https:\/\/www.huntersfriend.eu\/de\/wp-json\/wp\/v2\/product"}],"about":[{"href":"https:\/\/www.huntersfriend.eu\/de\/wp-json\/wp\/v2\/types\/product"}],"replies":[{"embeddable":true,"href":"https:\/\/www.huntersfriend.eu\/de\/wp-json\/wp\/v2\/comments?post=281776"}],"wp:featuredmedia":[{"embeddable":true,"href":"https:\/\/www.huntersfriend.eu\/de\/wp-json\/wp\/v2\/media\/235580"}],"wp:attachment":[{"href":"https:\/\/www.huntersfriend.eu\/de\/wp-json\/wp\/v2\/media?parent=281776"}],"wp:term":[{"taxonomy":"product_brand","embeddable":true,"href":"https:\/\/www.huntersfriend.eu\/de\/wp-json\/wp\/v2\/product_brand?post=281776"},{"taxonomy":"product_cat","embeddable":true,"href":"https:\/\/www.huntersfriend.eu\/de\/wp-json\/wp\/v2\/product_cat?post=281776"},{"taxonomy":"product_tag","embeddable":true,"href":"https:\/\/www.huntersfriend.eu\/de\/wp-json\/wp\/v2\/product_tag?post=281776"}],"curies":[{"name":"wp","href":"https:\/\/api.w.org\/{rel}","templated":true}]}}