{"id":281775,"date":"2022-08-05T12:29:04","date_gmt":"2025-06-23T10:37:24","guid":{"rendered":"https:\/\/www.huntersfriend.eu\/product\/truglo-activator-boa-camo-einzelkieferausloesung\/"},"modified":"2025-08-27T10:54:35","modified_gmt":"2025-08-27T08:54:35","slug":"truglo-activator-boa-camo-einzelkieferausloesung","status":"publish","type":"product","link":"https:\/\/www.huntersfriend.eu\/de\/produkt\/truglo-activator-boa-camo-einzelkieferausloesung\/","title":{"rendered":"Truglo activator BOA camo Einzelkieferausl\u00f6sung"},"content":{"rendered":"<p>Leise, schnelle und pr\u00e4zise Einzelkieferausl\u00f6sung mit Boa-Verschlusssystem.<\/p>\n<p>Hauptmerkmale:<\/p>\n<ul>\n<li>Automatische \/ aktive Federr\u00fcckstellung des Ausl\u00f6sers<\/li>\n<li>Kiefer \u00f6ffnet sich vom Sch\u00fctzen weg f\u00fcr erh\u00f6hten Komfort<\/li>\n<li>Rollenabzugsdesign f\u00fcr einen sanften Abzug mit pr\u00e4zisem Ausl\u00f6sepunkt<\/li>\n<li>Einstellbare Abzugsempfindlichkeit<\/li>\n<li>Mikroeinstellbarer Abzugsweg<\/li>\n<li>Pr\u00e4ziser, verschlei\u00dffreier Kiefer aus rostfreiem Stahl<\/li>\n<li>Kompromissloses, \u00e4u\u00dferst stabiles Verbindungssystem f\u00fcr ultrapr\u00e4zise L\u00e4ngenanpassungen<\/li>\n<li>Ergonomische Hand- und Fingerposition<\/li>\n<li>Um 360\u00b0 drehbarer Kopf eliminiert Sehnenverdrehen<\/li>\n<li>Hochwertiger Ausl\u00f6seriemen f\u00fcr langanhaltenden Komfort<\/li>\n<li>Patentiert<\/li>\n<\/ul>\n","protected":false},"excerpt":{"rendered":"<p>Leise, schnelle und pr\u00e4zise Einzelkieferausl\u00f6sung mit Boa-Verschlusssystem. Hauptmerkmale: Automatische \/ aktive Federr\u00fcckstellung des Ausl\u00f6sers Kiefer \u00f6ffnet sich vom Sch\u00fctzen weg f\u00fcr erh\u00f6hten Komfort Rollenabzugsdesign f\u00fcr einen sanften Abzug mit pr\u00e4zisem Ausl\u00f6sepunkt Einstellbare Abzugsempfindlichkeit Mikroeinstellbarer Abzugsweg Pr\u00e4ziser, verschlei\u00dffreier Kiefer aus rostfreiem Stahl Kompromissloses, \u00e4u\u00dferst stabiles Verbindungssystem f\u00fcr ultrapr\u00e4zise L\u00e4ngenanpassungen Ergonomische Hand- und Fingerposition Um 360\u00b0 drehbarer [&#8230;]\n","protected":false},"featured_media":235512,"comment_status":"open","ping_status":"closed","template":"","meta":[],"product_brand":[],"product_cat":[1095],"product_tag":[],"class_list":{"0":"post-281775","1":"product","2":"type-product","3":"status-publish","4":"has-post-thumbnail","6":"product_cat-handgelenks-release","8":"first","9":"instock","10":"taxable","11":"shipping-taxable","12":"purchasable","13":"product-type-simple"},"composite_virtual":false,"composite_layout":"","composite_add_to_cart_form_location":"","composite_editable_in_cart":false,"composite_sold_individually_context":"","composite_shop_price_calc":"","composite_components":[],"composite_scenarios":[],"group_of_quantity":0,"min_quantity":0,"max_quantity":"","exclude_order_quantity_value_rules":"no","exclude_category_quantity_rules":"no","combine_variations":"no","exclude_global_add_ons":[],"addons":[],"_links":{"self":[{"href":"https:\/\/www.huntersfriend.eu\/de\/wp-json\/wp\/v2\/product\/281775","targetHints":{"allow":["GET"]}}],"collection":[{"href":"https:\/\/www.huntersfriend.eu\/de\/wp-json\/wp\/v2\/product"}],"about":[{"href":"https:\/\/www.huntersfriend.eu\/de\/wp-json\/wp\/v2\/types\/product"}],"replies":[{"embeddable":true,"href":"https:\/\/www.huntersfriend.eu\/de\/wp-json\/wp\/v2\/comments?post=281775"}],"wp:featuredmedia":[{"embeddable":true,"href":"https:\/\/www.huntersfriend.eu\/de\/wp-json\/wp\/v2\/media\/235512"}],"wp:attachment":[{"href":"https:\/\/www.huntersfriend.eu\/de\/wp-json\/wp\/v2\/media?parent=281775"}],"wp:term":[{"taxonomy":"product_brand","embeddable":true,"href":"https:\/\/www.huntersfriend.eu\/de\/wp-json\/wp\/v2\/product_brand?post=281775"},{"taxonomy":"product_cat","embeddable":true,"href":"https:\/\/www.huntersfriend.eu\/de\/wp-json\/wp\/v2\/product_cat?post=281775"},{"taxonomy":"product_tag","embeddable":true,"href":"https:\/\/www.huntersfriend.eu\/de\/wp-json\/wp\/v2\/product_tag?post=281775"}],"curies":[{"name":"wp","href":"https:\/\/api.w.org\/{rel}","templated":true}]}}