{"id":281772,"date":"2022-08-05T12:28:41","date_gmt":"2022-08-05T10:28:41","guid":{"rendered":"https:\/\/www.huntersfriend.eu\/product\/bowhilt-beheizter-griff\/"},"modified":"2025-06-23T12:37:23","modified_gmt":"2025-06-23T10:37:23","slug":"bowhilt-beheizter-griff","status":"publish","type":"product","link":"https:\/\/www.huntersfriend.eu\/de\/produkt\/bowhilt-beheizter-griff\/","title":{"rendered":"Bowhilt beheizter Griff"},"content":{"rendered":"<p>Der Bowhilt\u2122 beheizte Bogengriff wird Ihr winterliches Bogenjagdabenteuer zu einem wahren Vergn\u00fcgen machen. Dieses langlebige, glatte und weiche beheizte Material wird pr\u00e4zise zu diesen einzigartigen beheizten Bogengriffen gegossen. Jeder Griff wird mit h\u00f6chster Qualit\u00e4t und Pr\u00e4zision geformt. Der glatte beheizte K\u00f6rper des Griffs erm\u00f6glicht es der Hand, m\u00fchelos in die richtige Position f\u00fcr den perfekten Schuss zu gleiten. Sobald Ihre Hand in Position ist und am beheizten Bogengriff anliegt, werden Sie den Unterschied sp\u00fcren, den er in Ihrer Hand bewirkt.    <\/p>\n<p>Der Aluminiumschaft wird im Winter \u00e4u\u00dferst kalt. Selbst mit verschneiten und regennassen H\u00e4nden bleibt der Griff sicher. Dieses Material bietet eine au\u00dfergew\u00f6hnlich geringe W\u00e4rme\u00fcbertragung f\u00fcr ein angenehm warmes, beheiztes Gef\u00fchl. Diese Griffe sind in nahezu jeder winterlichen Umgebung unverzichtbar. Verbessern Sie also Ihr Jagderlebnis in diesem Winter und sp\u00fcren Sie den Unterschied mit den v\u00f6llig neuen Bowhilt\u2122 beheizten Bogengriffen.    <\/p>\n<p>Der Griff wird ohne Powerbank geliefert.<\/p>\n","protected":false},"excerpt":{"rendered":"<p>Der Bowhilt\u2122 beheizte Bogengriff wird Ihr winterliches Bogenjagdabenteuer zu einem wahren Vergn\u00fcgen machen. Dieses langlebige, glatte und weiche beheizte Material wird pr\u00e4zise zu diesen einzigartigen beheizten Bogengriffen gegossen. Jeder Griff wird mit h\u00f6chster Qualit\u00e4t und Pr\u00e4zision geformt. Der glatte beheizte K\u00f6rper des Griffs erm\u00f6glicht es der Hand, m\u00fchelos in die richtige Position f\u00fcr den perfekten [&#8230;]\n","protected":false},"featured_media":235518,"comment_status":"open","ping_status":"closed","template":"","meta":[],"product_brand":[],"product_cat":[1256,1222],"product_tag":[],"class_list":{"0":"post-281772","1":"product","2":"type-product","3":"status-publish","4":"has-post-thumbnail","6":"product_cat-verschiedenes-bogenschiessen","7":"product_cat-sonderangebote","9":"first","10":"instock","11":"sale","12":"featured","13":"taxable","14":"shipping-taxable","15":"purchasable","16":"product-type-simple"},"composite_virtual":false,"composite_layout":"","composite_add_to_cart_form_location":"","composite_editable_in_cart":false,"composite_sold_individually_context":"","composite_shop_price_calc":"","composite_components":[],"composite_scenarios":[],"group_of_quantity":0,"min_quantity":0,"max_quantity":"","exclude_order_quantity_value_rules":"no","exclude_category_quantity_rules":"no","combine_variations":"no","exclude_global_add_ons":[],"addons":[],"_links":{"self":[{"href":"https:\/\/www.huntersfriend.eu\/de\/wp-json\/wp\/v2\/product\/281772","targetHints":{"allow":["GET"]}}],"collection":[{"href":"https:\/\/www.huntersfriend.eu\/de\/wp-json\/wp\/v2\/product"}],"about":[{"href":"https:\/\/www.huntersfriend.eu\/de\/wp-json\/wp\/v2\/types\/product"}],"replies":[{"embeddable":true,"href":"https:\/\/www.huntersfriend.eu\/de\/wp-json\/wp\/v2\/comments?post=281772"}],"wp:featuredmedia":[{"embeddable":true,"href":"https:\/\/www.huntersfriend.eu\/de\/wp-json\/wp\/v2\/media\/235518"}],"wp:attachment":[{"href":"https:\/\/www.huntersfriend.eu\/de\/wp-json\/wp\/v2\/media?parent=281772"}],"wp:term":[{"taxonomy":"product_brand","embeddable":true,"href":"https:\/\/www.huntersfriend.eu\/de\/wp-json\/wp\/v2\/product_brand?post=281772"},{"taxonomy":"product_cat","embeddable":true,"href":"https:\/\/www.huntersfriend.eu\/de\/wp-json\/wp\/v2\/product_cat?post=281772"},{"taxonomy":"product_tag","embeddable":true,"href":"https:\/\/www.huntersfriend.eu\/de\/wp-json\/wp\/v2\/product_tag?post=281772"}],"curies":[{"name":"wp","href":"https:\/\/api.w.org\/{rel}","templated":true}]}}