{"id":281771,"date":"2023-03-16T12:59:16","date_gmt":"2025-06-23T10:37:20","guid":{"rendered":"https:\/\/www.huntersfriend.eu\/product\/armytek-fernschalter-ars-01-spiralkabel\/"},"modified":"2025-06-23T12:37:20","modified_gmt":"2025-06-23T10:37:20","slug":"armytek-fernschalter-ars-01-spiralkabel","status":"publish","type":"product","link":"https:\/\/www.huntersfriend.eu\/de\/produkt\/armytek-fernschalter-ars-01-spiralkabel\/","title":{"rendered":"Armytek Fernschalter ARS-01 (Spiralkabel)"},"content":{"rendered":"<p style=\"font-weight: 400;\"><b><strong>Fernbedienungen<\/strong><\/b> werden f\u00fcr verschiedene Anwendungen ben\u00f6tigt, bei denen es problematisch ist, eine Taschenlampe direkt ein- und auszuschalten. Ein taktischer Fernschalter muss die gleichen Haltbarkeitseigenschaften wie eine hochwertige Taschenlampe aufweisen. Armytek-Fernbedienungen sind aus robusten und zuverl\u00e4ssigen Materialien gefertigt und erm\u00f6glichen eine komfortable Verwendung am Gewehrlauf oder am Fahrradlenker. Je nach gew\u00fcnschter L\u00e4nge k\u00f6nnen Sie einen Fernschalter mit flachem oder gewickeltem Kabel w\u00e4hlen, um ihn an Ihre Ausr\u00fcstung anzupassen und einen einfachen und schnellen Zugriff auf die taktische Taschenlampe zu gew\u00e4hrleisten.   <\/p>\n<p style=\"font-weight: 400;\"><b><strong>Der Fernschalter mit Spiralkabel<\/strong><\/b> erm\u00f6glicht Ihnen die Verwendung Ihrer Taschenlampe mit den meisten Waffentypen. Die Kabell\u00e4nge kann zwischen 25 und 70 cm variieren. <\/p>\n<p style=\"font-weight: 400;\"><b><strong>Warnung!<\/strong><\/b> Der Fernschalter ist nicht mit \u00e4lteren Versionen dieser Taschenlampen kompatibel. Er bietet lediglich eine ferngesteuerte Momentaktivierung. <\/p>\n","protected":false},"excerpt":{"rendered":"<p>Fernbedienungen werden f\u00fcr verschiedene Anwendungen ben\u00f6tigt, bei denen es problematisch ist, eine Taschenlampe direkt ein- und auszuschalten. Ein taktischer Fernschalter muss die gleichen Haltbarkeitseigenschaften wie eine hochwertige Taschenlampe aufweisen. Armytek-Fernbedienungen sind aus robusten und zuverl\u00e4ssigen Materialien gefertigt und erm\u00f6glichen eine komfortable Verwendung am Gewehrlauf oder am Fahrradlenker. Je nach gew\u00fcnschter L\u00e4nge k\u00f6nnen Sie einen Fernschalter [&#8230;]\n","protected":false},"featured_media":250726,"comment_status":"open","ping_status":"closed","template":"","meta":[],"product_brand":[],"product_cat":[1408],"product_tag":[],"class_list":{"0":"post-281771","1":"product","2":"type-product","3":"status-publish","4":"has-post-thumbnail","6":"product_cat-jagdlampen","8":"first","9":"instock","10":"taxable","11":"shipping-taxable","12":"purchasable","13":"product-type-simple"},"composite_virtual":false,"composite_layout":"","composite_add_to_cart_form_location":"","composite_editable_in_cart":false,"composite_sold_individually_context":"","composite_shop_price_calc":"","composite_components":[],"composite_scenarios":[],"group_of_quantity":0,"min_quantity":0,"max_quantity":"","exclude_order_quantity_value_rules":"no","exclude_category_quantity_rules":"no","combine_variations":"no","exclude_global_add_ons":[],"addons":[],"_links":{"self":[{"href":"https:\/\/www.huntersfriend.eu\/de\/wp-json\/wp\/v2\/product\/281771","targetHints":{"allow":["GET"]}}],"collection":[{"href":"https:\/\/www.huntersfriend.eu\/de\/wp-json\/wp\/v2\/product"}],"about":[{"href":"https:\/\/www.huntersfriend.eu\/de\/wp-json\/wp\/v2\/types\/product"}],"replies":[{"embeddable":true,"href":"https:\/\/www.huntersfriend.eu\/de\/wp-json\/wp\/v2\/comments?post=281771"}],"wp:featuredmedia":[{"embeddable":true,"href":"https:\/\/www.huntersfriend.eu\/de\/wp-json\/wp\/v2\/media\/250726"}],"wp:attachment":[{"href":"https:\/\/www.huntersfriend.eu\/de\/wp-json\/wp\/v2\/media?parent=281771"}],"wp:term":[{"taxonomy":"product_brand","embeddable":true,"href":"https:\/\/www.huntersfriend.eu\/de\/wp-json\/wp\/v2\/product_brand?post=281771"},{"taxonomy":"product_cat","embeddable":true,"href":"https:\/\/www.huntersfriend.eu\/de\/wp-json\/wp\/v2\/product_cat?post=281771"},{"taxonomy":"product_tag","embeddable":true,"href":"https:\/\/www.huntersfriend.eu\/de\/wp-json\/wp\/v2\/product_tag?post=281771"}],"curies":[{"name":"wp","href":"https:\/\/api.w.org\/{rel}","templated":true}]}}