{"id":281770,"date":"2023-03-16T12:59:22","date_gmt":"2025-06-23T10:37:19","guid":{"rendered":"https:\/\/www.huntersfriend.eu\/product\/warne-weaver-zielfernrohrschellen-niedrig\/"},"modified":"2025-06-23T12:37:19","modified_gmt":"2025-06-23T10:37:19","slug":"warne-weaver-zielfernrohrschellen-niedrig","status":"publish","type":"product","link":"https:\/\/www.huntersfriend.eu\/de\/produkt\/warne-weaver-zielfernrohrschellen-niedrig\/","title":{"rendered":"Warne Weaver Zielfernrohrschellen, niedrig"},"content":{"rendered":"<p class=\"\" data-start=\"0\" data-end=\"105\"><strong data-start=\"0\" data-end=\"105\">Warne Zielfernrohrmontagen \u2013 hochwertige und erschwingliche optische Montagen f\u00fcr praktisch orientierte J\u00e4ger und Sch\u00fctzen<\/strong><\/p>\n<p class=\"\" data-start=\"107\" data-end=\"320\">Warne Zielfernrohrmontagen sind bekannt f\u00fcr ihre hohe Qualit\u00e4t und Erschwinglichkeit, konzipiert, um den Bed\u00fcrfnissen praktisch orientierter J\u00e4ger und Sch\u00fctzen gerecht zu werden. Die in den Vereinigten Staaten hergestellten Warne Maxima Montagen werden aus Stahl gefertigt. <\/p>\n<p class=\"\" data-start=\"322\" data-end=\"575\">Die <strong data-start=\"326\" data-end=\"355\">Warne Maxima Weaver Montage<\/strong> ist daf\u00fcr konzipiert, Zielfernrohre mit 30-mm-Tubus an Schusswaffen zu befestigen. Die Weaver-Montage ist sowohl mit Weaver- als auch mit Picatinny-Schienen kompatibel. Das Zielfernrohr wird mittels vertikaler Montage unter Verwendung von vier Torx T-15 Schrauben an der Warne Maxima Montage befestigt.  <\/p>\n<p class=\"\" data-start=\"577\" data-end=\"817\">Die <strong data-start=\"581\" data-end=\"603\">Warne Weaver Montage<\/strong> ist in den H\u00f6hen <strong data-start=\"620\" data-end=\"627\">Niedrig<\/strong>, <strong data-start=\"629\" data-end=\"639\">Mittel<\/strong> und <strong data-start=\"645\" data-end=\"653\">Hoch<\/strong> erh\u00e4ltlich. Die angemessene H\u00f6he f\u00fcr die Montage h\u00e4ngt von der St\u00e4rke des Gewehrlaufs und dem Profil des Verschlusssystems in Relation zum zu montierenden Zielfernrohr ab. <\/p>\n<p class=\"\" data-start=\"819\" data-end=\"838\"><strong data-start=\"819\" data-end=\"838\">Spezifikationen:<\/strong><\/p>\n<ul data-start=\"839\" data-end=\"1001\" data-is-last-node=\"\" data-is-only-node=\"\">\n<li class=\"\" data-start=\"839\" data-end=\"883\">\n<p class=\"\" data-start=\"841\" data-end=\"883\"><strong data-start=\"841\" data-end=\"852\">H\u00f6he:<\/strong> Niedrig (Max. 42mm Objektivlinse)<\/p>\n<\/li>\n<li class=\"\" data-start=\"884\" data-end=\"909\">\n<p class=\"\" data-start=\"886\" data-end=\"909\"><strong data-start=\"886\" data-end=\"897\">Gewicht:<\/strong> 130,4 Gramm<\/p>\n<\/li>\n<li class=\"\" data-start=\"910\" data-end=\"1001\">\n<p class=\"\" data-start=\"912\" data-end=\"927\"><strong data-start=\"912\" data-end=\"927\">Abmessungen:<\/strong><\/p>\n<ul data-start=\"930\" data-end=\"1001\" data-is-last-node=\"\">\n<li class=\"\" data-start=\"930\" data-end=\"950\">\n<p class=\"\" data-start=\"932\" data-end=\"950\"><strong data-start=\"932\" data-end=\"945\">Tubus (A):<\/strong> 30mm<\/p>\n<\/li>\n<li class=\"\" data-start=\"953\" data-end=\"975\">\n<p class=\"\" data-start=\"955\" data-end=\"975\"><strong data-start=\"955\" data-end=\"968\">Basis (B):<\/strong> 6,35mm<\/p>\n<\/li>\n<li class=\"\" data-start=\"978\" data-end=\"1001\">\n<p class=\"\" data-start=\"980\" data-end=\"1001\"><strong data-start=\"980\" data-end=\"994\">Breite (C):<\/strong> 17,9 mm<\/p>\n<\/li>\n<\/ul>\n<\/li>\n<\/ul>\n","protected":false},"excerpt":{"rendered":"<p>Warne Zielfernrohrmontagen \u2013 hochwertige und erschwingliche optische Montagen f\u00fcr praktisch orientierte J\u00e4ger und Sch\u00fctzen Warne Zielfernrohrmontagen sind bekannt f\u00fcr ihre hohe Qualit\u00e4t und Erschwinglichkeit, konzipiert, um den Bed\u00fcrfnissen praktisch orientierter J\u00e4ger und Sch\u00fctzen gerecht zu werden. Die in den Vereinigten Staaten hergestellten Warne Maxima Montagen werden aus Stahl gefertigt. Die Warne Maxima Weaver Montage ist [&#8230;]\n","protected":false},"featured_media":277526,"comment_status":"open","ping_status":"closed","template":"","meta":[],"product_brand":[],"product_cat":[1413],"product_tag":[],"class_list":{"0":"post-281770","1":"product","2":"type-product","3":"status-publish","4":"has-post-thumbnail","6":"product_cat-zielfernrohrringe-montagen","8":"first","9":"instock","10":"taxable","11":"shipping-taxable","12":"purchasable","13":"product-type-simple"},"composite_virtual":false,"composite_layout":"","composite_add_to_cart_form_location":"","composite_editable_in_cart":false,"composite_sold_individually_context":"","composite_shop_price_calc":"","composite_components":[],"composite_scenarios":[],"group_of_quantity":0,"min_quantity":0,"max_quantity":"","exclude_order_quantity_value_rules":"no","exclude_category_quantity_rules":"no","combine_variations":"no","exclude_global_add_ons":[],"addons":[],"_links":{"self":[{"href":"https:\/\/www.huntersfriend.eu\/de\/wp-json\/wp\/v2\/product\/281770","targetHints":{"allow":["GET"]}}],"collection":[{"href":"https:\/\/www.huntersfriend.eu\/de\/wp-json\/wp\/v2\/product"}],"about":[{"href":"https:\/\/www.huntersfriend.eu\/de\/wp-json\/wp\/v2\/types\/product"}],"replies":[{"embeddable":true,"href":"https:\/\/www.huntersfriend.eu\/de\/wp-json\/wp\/v2\/comments?post=281770"}],"wp:featuredmedia":[{"embeddable":true,"href":"https:\/\/www.huntersfriend.eu\/de\/wp-json\/wp\/v2\/media\/277526"}],"wp:attachment":[{"href":"https:\/\/www.huntersfriend.eu\/de\/wp-json\/wp\/v2\/media?parent=281770"}],"wp:term":[{"taxonomy":"product_brand","embeddable":true,"href":"https:\/\/www.huntersfriend.eu\/de\/wp-json\/wp\/v2\/product_brand?post=281770"},{"taxonomy":"product_cat","embeddable":true,"href":"https:\/\/www.huntersfriend.eu\/de\/wp-json\/wp\/v2\/product_cat?post=281770"},{"taxonomy":"product_tag","embeddable":true,"href":"https:\/\/www.huntersfriend.eu\/de\/wp-json\/wp\/v2\/product_tag?post=281770"}],"curies":[{"name":"wp","href":"https:\/\/api.w.org\/{rel}","templated":true}]}}