{"id":281766,"date":"2023-03-16T12:59:22","date_gmt":"2025-06-23T10:37:17","guid":{"rendered":"https:\/\/www.huntersfriend.eu\/product\/warne-weaver-zielfernrohrhalterungen-medium\/"},"modified":"2025-06-23T12:37:17","modified_gmt":"2025-06-23T10:37:17","slug":"warne-weaver-zielfernrohrhalterungen-medium","status":"publish","type":"product","link":"https:\/\/www.huntersfriend.eu\/de\/produkt\/warne-weaver-zielfernrohrhalterungen-medium\/","title":{"rendered":"Warne Weaver Zielfernrohrhalterungen, Medium"},"content":{"rendered":"<p class=\"\" data-start=\"0\" data-end=\"105\"><strong data-start=\"0\" data-end=\"105\">Warne Zielfernrohrmontagen \u2013 hochwertige und erschwingliche optische Montagen f\u00fcr praktisch orientierte J\u00e4ger und Sch\u00fctzen<\/strong><\/p>\n<p class=\"\" data-start=\"107\" data-end=\"322\">Warne Zielfernrohrmontagen sind f\u00fcr ihre Qualit\u00e4t und Erschwinglichkeit bekannt und stellen somit eine ideale Wahl f\u00fcr praktisch orientierte J\u00e4ger und Sch\u00fctzen dar. Die in den Vereinigten Staaten hergestellten Warne Maxima Montagen werden aus Stahl gefertigt. <\/p>\n<p class=\"\" data-start=\"324\" data-end=\"581\">Die <strong data-start=\"328\" data-end=\"357\">Warne Maxima Weaver Montage<\/strong> ist f\u00fcr die Befestigung von Zielfernrohren mit 30-mm-Tubus an Schusswaffen konzipiert. Die Weaver-Montage ist sowohl mit Weaver- als auch mit Picatinny-Schienen kompatibel. Das Zielfernrohr wird mittels vertikaler Montage unter Verwendung von vier Torx T-15 Schrauben sicher an der Warne Maxima Montage befestigt.  <\/p>\n<p class=\"\" data-start=\"583\" data-end=\"806\">Die <strong data-start=\"587\" data-end=\"609\">Warne Weaver Montage<\/strong> ist in den H\u00f6hen <strong data-start=\"626\" data-end=\"633\">Niedrig<\/strong>, <strong data-start=\"635\" data-end=\"645\">Medium<\/strong> und <strong data-start=\"651\" data-end=\"659\">Hoch<\/strong> erh\u00e4ltlich. Die korrekte Montageh\u00f6he h\u00e4ngt von der St\u00e4rke des Gewehrlaufs und dem Aktionsprofil im Verh\u00e4ltnis zum zu montierenden Zielfernrohr ab. <\/p>\n<p class=\"\" data-start=\"808\" data-end=\"827\"><strong data-start=\"808\" data-end=\"827\">Spezifikationen:<\/strong><\/p>\n<ul data-start=\"828\" data-end=\"993\" data-is-last-node=\"\" data-is-only-node=\"\">\n<li class=\"\" data-start=\"828\" data-end=\"875\">\n<p class=\"\" data-start=\"830\" data-end=\"875\"><strong data-start=\"830\" data-end=\"841\">H\u00f6he:<\/strong> Mittelhoch (Max. 52mm Objektivlinsendurchmesser)<\/p>\n<\/li>\n<li class=\"\" data-start=\"876\" data-end=\"902\">\n<p class=\"\" data-start=\"878\" data-end=\"902\"><strong data-start=\"878\" data-end=\"889\">Gewicht:<\/strong> 150,25 Gramm<\/p>\n<\/li>\n<li class=\"\" data-start=\"903\" data-end=\"993\">\n<p class=\"\" data-start=\"905\" data-end=\"920\"><strong data-start=\"905\" data-end=\"920\">Abmessungen:<\/strong><\/p>\n<ul data-start=\"923\" data-end=\"993\" data-is-last-node=\"\">\n<li class=\"\" data-start=\"923\" data-end=\"943\">\n<p class=\"\" data-start=\"925\" data-end=\"943\"><strong data-start=\"925\" data-end=\"938\">Tubus (A):<\/strong> 30mm<\/p>\n<\/li>\n<li class=\"\" data-start=\"946\" data-end=\"967\">\n<p class=\"\" data-start=\"948\" data-end=\"967\"><strong data-start=\"948\" data-end=\"961\">Basis (B):<\/strong> 9,5mm<\/p>\n<\/li>\n<li class=\"\" data-start=\"970\" data-end=\"993\">\n<p class=\"\" data-start=\"972\" data-end=\"993\"><strong data-start=\"972\" data-end=\"986\">Breite (C):<\/strong> 17,9 mm<\/p>\n<\/li>\n<\/ul>\n<\/li>\n<\/ul>\n","protected":false},"excerpt":{"rendered":"<p>Warne Zielfernrohrmontagen \u2013 hochwertige und erschwingliche optische Montagen f\u00fcr praktisch orientierte J\u00e4ger und Sch\u00fctzen Warne Zielfernrohrmontagen sind f\u00fcr ihre Qualit\u00e4t und Erschwinglichkeit bekannt und stellen somit eine ideale Wahl f\u00fcr praktisch orientierte J\u00e4ger und Sch\u00fctzen dar. Die in den Vereinigten Staaten hergestellten Warne Maxima Montagen werden aus Stahl gefertigt. Die Warne Maxima Weaver Montage ist [&#8230;]\n","protected":false},"featured_media":277533,"comment_status":"open","ping_status":"closed","template":"","meta":[],"product_brand":[],"product_cat":[1413],"product_tag":[],"class_list":{"0":"post-281766","1":"product","2":"type-product","3":"status-publish","4":"has-post-thumbnail","6":"product_cat-zielfernrohrringe-montagen","8":"first","9":"instock","10":"taxable","11":"shipping-taxable","12":"purchasable","13":"product-type-simple"},"composite_virtual":false,"composite_layout":"","composite_add_to_cart_form_location":"","composite_editable_in_cart":false,"composite_sold_individually_context":"","composite_shop_price_calc":"","composite_components":[],"composite_scenarios":[],"group_of_quantity":0,"min_quantity":0,"max_quantity":"","exclude_order_quantity_value_rules":"no","exclude_category_quantity_rules":"no","combine_variations":"no","exclude_global_add_ons":[],"addons":[],"_links":{"self":[{"href":"https:\/\/www.huntersfriend.eu\/de\/wp-json\/wp\/v2\/product\/281766","targetHints":{"allow":["GET"]}}],"collection":[{"href":"https:\/\/www.huntersfriend.eu\/de\/wp-json\/wp\/v2\/product"}],"about":[{"href":"https:\/\/www.huntersfriend.eu\/de\/wp-json\/wp\/v2\/types\/product"}],"replies":[{"embeddable":true,"href":"https:\/\/www.huntersfriend.eu\/de\/wp-json\/wp\/v2\/comments?post=281766"}],"wp:featuredmedia":[{"embeddable":true,"href":"https:\/\/www.huntersfriend.eu\/de\/wp-json\/wp\/v2\/media\/277533"}],"wp:attachment":[{"href":"https:\/\/www.huntersfriend.eu\/de\/wp-json\/wp\/v2\/media?parent=281766"}],"wp:term":[{"taxonomy":"product_brand","embeddable":true,"href":"https:\/\/www.huntersfriend.eu\/de\/wp-json\/wp\/v2\/product_brand?post=281766"},{"taxonomy":"product_cat","embeddable":true,"href":"https:\/\/www.huntersfriend.eu\/de\/wp-json\/wp\/v2\/product_cat?post=281766"},{"taxonomy":"product_tag","embeddable":true,"href":"https:\/\/www.huntersfriend.eu\/de\/wp-json\/wp\/v2\/product_tag?post=281766"}],"curies":[{"name":"wp","href":"https:\/\/api.w.org\/{rel}","templated":true}]}}