{"id":281762,"date":"2023-03-16T12:59:04","date_gmt":"2023-03-16T10:59:04","guid":{"rendered":"https:\/\/www.huntersfriend.eu\/product\/sitka-traverse-latzhose-elevated\/"},"modified":"2025-08-03T05:26:20","modified_gmt":"2025-08-03T03:26:20","slug":"sitka-traverse-latzhose-elevated","status":"publish","type":"product","link":"https:\/\/www.huntersfriend.eu\/de\/produkt\/sitka-traverse-latzhose-elevated\/","title":{"rendered":"SITKA Traverse Latzhose Elevated"},"content":{"rendered":"<p>Die mit Fleece gef\u00fctterte Traverse Latzhose, die Komfort, Leistungsmerkmale und W\u00e4rme vereint, erh\u00f6ht die Vielseitigkeit Ihres SITKA Systems. Unabh\u00e4ngig davon, ob Sie Ihre Tage in den W\u00e4ldern, auf einem Hochsitz oder auf den Feldern verbringen, wurde diese Hose entwickelt, um die Ablenkung durch Unbehagen zu eliminieren. Hergestellt aus Stoffen aus recycelten Materialien, zeichnet sich die Traverse durch einen ultraleisen Polyester-Strickstoff aus, der mit einer dauerhaft wasserabweisenden Ausr\u00fcstung versehen ist, um Sie vor Witterung und Schmutz zu sch\u00fctzen.  <\/p>\n<p>Ultraleises Polyester-Strickgewebe mit hochflorigem Berber-Fleece-Innenfutter<\/p>\n<p>Kartiertes mittelschweres Fleece-R\u00fcckenteil f\u00fcr Komfort und Bewegungsfreiheit<\/p>\n<p>Umweltbewusster Stoff aus recycelten Materialien hergestellt<\/p>\n<p>Dauerhaft wasserabweisende Ausr\u00fcstung sch\u00fctzt vor leichtem Niederschlag und verhindert das Durchn\u00e4ssen des Stoffes<\/p>\n<p>Flache, einmal eingestellte Hosentr\u00e4ger eliminieren die Notwendigkeit st\u00e4ndiger Anpassungen<\/p>\n<p>Durchgehende Seitenrei\u00dfverschl\u00fcsse zur Bel\u00fcftung und zum einfachen An- und Ausziehen mit Stiefeln<\/p>\n<p>Hochflorige Berber-Fleece-Handw\u00e4rmertasche<\/p>\n<p>Handtaschen und Beintaschen mit Rei\u00dfverschluss zur Bel\u00fcftung<\/p>\n<p>Gesamtgewicht: 935,53 g<\/p>\n","protected":false},"excerpt":{"rendered":"<p>Die mit Fleece gef\u00fctterte Traverse Latzhose, die Komfort, Leistungsmerkmale und W\u00e4rme vereint, erh\u00f6ht die Vielseitigkeit Ihres SITKA Systems. Unabh\u00e4ngig davon, ob Sie Ihre Tage in den W\u00e4ldern, auf einem Hochsitz oder auf den Feldern verbringen, wurde diese Hose entwickelt, um die Ablenkung durch Unbehagen zu eliminieren. Hergestellt aus Stoffen aus recycelten Materialien, zeichnet sich die [&#8230;]\n","protected":false},"featured_media":257839,"comment_status":"open","ping_status":"closed","template":"","meta":[],"product_brand":[],"product_cat":[1145],"product_tag":[],"class_list":{"0":"post-281762","1":"product","2":"type-product","3":"status-publish","4":"has-post-thumbnail","6":"product_cat-sonstiges","8":"first","9":"outofstock","10":"taxable","11":"shipping-taxable","12":"purchasable","13":"product-type-variable"},"composite_virtual":false,"composite_layout":"","composite_add_to_cart_form_location":"","composite_editable_in_cart":false,"composite_sold_individually_context":"","composite_shop_price_calc":"","composite_components":[],"composite_scenarios":[],"group_of_quantity":0,"min_quantity":0,"max_quantity":"","exclude_order_quantity_value_rules":"no","exclude_category_quantity_rules":"no","combine_variations":"no","exclude_global_add_ons":[],"addons":[],"_links":{"self":[{"href":"https:\/\/www.huntersfriend.eu\/de\/wp-json\/wp\/v2\/product\/281762","targetHints":{"allow":["GET"]}}],"collection":[{"href":"https:\/\/www.huntersfriend.eu\/de\/wp-json\/wp\/v2\/product"}],"about":[{"href":"https:\/\/www.huntersfriend.eu\/de\/wp-json\/wp\/v2\/types\/product"}],"replies":[{"embeddable":true,"href":"https:\/\/www.huntersfriend.eu\/de\/wp-json\/wp\/v2\/comments?post=281762"}],"wp:featuredmedia":[{"embeddable":true,"href":"https:\/\/www.huntersfriend.eu\/de\/wp-json\/wp\/v2\/media\/257839"}],"wp:attachment":[{"href":"https:\/\/www.huntersfriend.eu\/de\/wp-json\/wp\/v2\/media?parent=281762"}],"wp:term":[{"taxonomy":"product_brand","embeddable":true,"href":"https:\/\/www.huntersfriend.eu\/de\/wp-json\/wp\/v2\/product_brand?post=281762"},{"taxonomy":"product_cat","embeddable":true,"href":"https:\/\/www.huntersfriend.eu\/de\/wp-json\/wp\/v2\/product_cat?post=281762"},{"taxonomy":"product_tag","embeddable":true,"href":"https:\/\/www.huntersfriend.eu\/de\/wp-json\/wp\/v2\/product_tag?post=281762"}],"curies":[{"name":"wp","href":"https:\/\/api.w.org\/{rel}","templated":true}]}}