{"id":281761,"date":"2023-03-16T12:59:21","date_gmt":"2025-06-23T10:37:15","guid":{"rendered":"https:\/\/www.huntersfriend.eu\/product\/warne-tikka-schnellwechsel-zielfernrohrringe-hoch\/"},"modified":"2025-06-23T12:37:15","modified_gmt":"2025-06-23T10:37:15","slug":"warne-tikka-schnellwechsel-zielfernrohrringe-hoch","status":"publish","type":"product","link":"https:\/\/www.huntersfriend.eu\/de\/produkt\/warne-tikka-schnellwechsel-zielfernrohrringe-hoch\/","title":{"rendered":"Warne Tikka Schnellwechsel-Zielfernrohrringe, hoch"},"content":{"rendered":"<p class=\"\" data-start=\"0\" data-end=\"105\"><strong data-start=\"0\" data-end=\"105\">Warne Zielfernrohrmontagen \u2013 hochwertige und erschwingliche optische Montagen f\u00fcr praktisch orientierte J\u00e4ger und Sch\u00fctzen<\/strong><\/p>\n<p class=\"\" data-start=\"107\" data-end=\"312\">Warne Zielfernrohrmontagen sind gut verarbeitet und preislich angemessen, konzipiert, um den Anforderungen praktisch orientierter J\u00e4ger und Sch\u00fctzen gerecht zu werden. Die in den Vereinigten Staaten hergestellten Warne Maxima Montagen sind aus Stahl gefertigt. <\/p>\n<p class=\"\" data-start=\"314\" data-end=\"681\">Die <strong data-start=\"318\" data-end=\"360\">Warne Maxima Tikka Schnellwechsel-Montage<\/strong> ist f\u00fcr die Befestigung von Zielfernrohren mit 30-mm-Tubus an Schusswaffen konzipiert. Die Tikka-Montage verf\u00fcgt \u00fcber eine 17-mm-Keilnut, die h\u00e4ufig bei Gewehren wie dem Tikka T3 verwendet wird. Eine der Montagen beinhaltet einen R\u00fccksto\u00dfpuffer, der bei Bedarf entfernt werden kann. Das Zielfernrohr wird mittels vertikaler Montage unter Verwendung von vier Torx T-15 Schrauben an der Warne Maxima Montage befestigt.   <\/p>\n<p class=\"\" data-start=\"683\" data-end=\"899\">Die <strong data-start=\"687\" data-end=\"722\">Warne Tikka Schnellspannmontage<\/strong> ist in den H\u00f6hen <strong data-start=\"739\" data-end=\"749\">Mittelhoch<\/strong> und <strong data-start=\"754\" data-end=\"762\">Hoch<\/strong> erh\u00e4ltlich. Die korrekte Montageh\u00f6he h\u00e4ngt von der St\u00e4rke des Gewehrlaufs und dem Aktionsprofil in Relation zum montierten Zielfernrohr ab. <\/p>\n<p class=\"\" data-start=\"901\" data-end=\"920\"><strong data-start=\"901\" data-end=\"920\">Spezifikationen:<\/strong><\/p>\n<ul data-start=\"921\" data-end=\"1086\" data-is-last-node=\"\" data-is-only-node=\"\">\n<li class=\"\" data-start=\"921\" data-end=\"966\">\n<p class=\"\" data-start=\"923\" data-end=\"966\"><strong data-start=\"923\" data-end=\"934\">H\u00f6he:<\/strong> Hoch (Max. 56mm Objektivlinse)<\/p>\n<\/li>\n<li class=\"\" data-start=\"967\" data-end=\"993\">\n<p class=\"\" data-start=\"969\" data-end=\"993\"><strong data-start=\"969\" data-end=\"980\">Gewicht:<\/strong> 192,78 Gramm<\/p>\n<\/li>\n<li class=\"\" data-start=\"994\" data-end=\"1086\">\n<p class=\"\" data-start=\"996\" data-end=\"1011\"><strong data-start=\"996\" data-end=\"1011\">Abmessungen:<\/strong><\/p>\n<ul data-start=\"1014\" data-end=\"1086\" data-is-last-node=\"\">\n<li class=\"\" data-start=\"1014\" data-end=\"1034\">\n<p class=\"\" data-start=\"1016\" data-end=\"1034\"><strong data-start=\"1016\" data-end=\"1029\">Tubus (A):<\/strong> 30mm<\/p>\n<\/li>\n<li class=\"\" data-start=\"1037\" data-end=\"1060\">\n<p class=\"\" data-start=\"1039\" data-end=\"1060\"><strong data-start=\"1039\" data-end=\"1052\">Basis (B):<\/strong> 14,48 mm<\/p>\n<\/li>\n<li class=\"\" data-start=\"1063\" data-end=\"1086\">\n<p class=\"\" data-start=\"1065\" data-end=\"1086\"><strong data-start=\"1065\" data-end=\"1079\">Breite (C):<\/strong> 17,9 mm<\/p>\n<\/li>\n<\/ul>\n<\/li>\n<\/ul>\n","protected":false},"excerpt":{"rendered":"<p>Warne Zielfernrohrmontagen \u2013 hochwertige und erschwingliche optische Montagen f\u00fcr praktisch orientierte J\u00e4ger und Sch\u00fctzen Warne Zielfernrohrmontagen sind gut verarbeitet und preislich angemessen, konzipiert, um den Anforderungen praktisch orientierter J\u00e4ger und Sch\u00fctzen gerecht zu werden. Die in den Vereinigten Staaten hergestellten Warne Maxima Montagen sind aus Stahl gefertigt. Die Warne Maxima Tikka Schnellwechsel-Montage ist f\u00fcr die [&#8230;]\n","protected":false},"featured_media":277523,"comment_status":"open","ping_status":"closed","template":"","meta":[],"product_brand":[],"product_cat":[1413],"product_tag":[],"class_list":{"0":"post-281761","1":"product","2":"type-product","3":"status-publish","4":"has-post-thumbnail","6":"product_cat-zielfernrohrringe-montagen","8":"first","9":"instock","10":"taxable","11":"shipping-taxable","12":"purchasable","13":"product-type-simple"},"composite_virtual":false,"composite_layout":"","composite_add_to_cart_form_location":"","composite_editable_in_cart":false,"composite_sold_individually_context":"","composite_shop_price_calc":"","composite_components":[],"composite_scenarios":[],"group_of_quantity":0,"min_quantity":0,"max_quantity":"","exclude_order_quantity_value_rules":"no","exclude_category_quantity_rules":"no","combine_variations":"no","exclude_global_add_ons":[],"addons":[],"_links":{"self":[{"href":"https:\/\/www.huntersfriend.eu\/de\/wp-json\/wp\/v2\/product\/281761","targetHints":{"allow":["GET"]}}],"collection":[{"href":"https:\/\/www.huntersfriend.eu\/de\/wp-json\/wp\/v2\/product"}],"about":[{"href":"https:\/\/www.huntersfriend.eu\/de\/wp-json\/wp\/v2\/types\/product"}],"replies":[{"embeddable":true,"href":"https:\/\/www.huntersfriend.eu\/de\/wp-json\/wp\/v2\/comments?post=281761"}],"wp:featuredmedia":[{"embeddable":true,"href":"https:\/\/www.huntersfriend.eu\/de\/wp-json\/wp\/v2\/media\/277523"}],"wp:attachment":[{"href":"https:\/\/www.huntersfriend.eu\/de\/wp-json\/wp\/v2\/media?parent=281761"}],"wp:term":[{"taxonomy":"product_brand","embeddable":true,"href":"https:\/\/www.huntersfriend.eu\/de\/wp-json\/wp\/v2\/product_brand?post=281761"},{"taxonomy":"product_cat","embeddable":true,"href":"https:\/\/www.huntersfriend.eu\/de\/wp-json\/wp\/v2\/product_cat?post=281761"},{"taxonomy":"product_tag","embeddable":true,"href":"https:\/\/www.huntersfriend.eu\/de\/wp-json\/wp\/v2\/product_tag?post=281761"}],"curies":[{"name":"wp","href":"https:\/\/api.w.org\/{rel}","templated":true}]}}