{"id":281759,"date":"2023-03-16T12:59:19","date_gmt":"2025-06-23T10:37:12","guid":{"rendered":"https:\/\/www.huntersfriend.eu\/product\/warne-tikka-zielfernrohrhalterungen-hoch\/"},"modified":"2025-08-09T05:24:26","modified_gmt":"2025-08-09T03:24:26","slug":"warne-tikka-zielfernrohrhalterungen-hoch","status":"publish","type":"product","link":"https:\/\/www.huntersfriend.eu\/de\/produkt\/warne-tikka-zielfernrohrhalterungen-hoch\/","title":{"rendered":"Warne Tikka Zielfernrohrhalterungen, hoch"},"content":{"rendered":"<p class=\"\" data-start=\"0\" data-end=\"105\"><strong data-start=\"0\" data-end=\"105\">Warne Zielfernrohrmontagen \u2013 hochwertige und erschwingliche optische Montagen f\u00fcr praktisch orientierte J\u00e4ger und Sch\u00fctzen<\/strong><\/p>\n<p class=\"\" data-start=\"107\" data-end=\"301\">Warne Zielfernrohrmontagen sind robust und preiswert, konzipiert, um den Anforderungen praktisch orientierter J\u00e4ger und Sch\u00fctzen gerecht zu werden. Die in den Vereinigten Staaten hergestellten Warne Maxima Montagen sind aus Stahl gefertigt. <\/p>\n<p class=\"\" data-start=\"303\" data-end=\"636\">Die <strong data-start=\"307\" data-end=\"335\">Warne Maxima Tikka Montage<\/strong> ist zur Befestigung von Zielfernrohren mit 30-mm-Tubus an Schusswaffen konzipiert. Die Tikka-Montage verf\u00fcgt \u00fcber einen 17-mm-Keilnut, die von Gewehren wie dem Tikka T3 verwendet wird. Eine der Montagen beinhaltet einen R\u00fccksto\u00dfpuffer, der bei Bedarf entfernt werden kann. Das Zielfernrohr wird mittels vertikaler Montage mit vier Torx T-15 Schrauben an der Warne Maxima Montage befestigt.   <\/p>\n<p class=\"\" data-start=\"638\" data-end=\"851\">Die <strong data-start=\"642\" data-end=\"663\">Warne Tikka Montage<\/strong> ist in <strong data-start=\"680\" data-end=\"690\">mittlerer<\/strong> und <strong data-start=\"695\" data-end=\"703\">hoher<\/strong> Ausf\u00fchrung erh\u00e4ltlich. Die angemessene H\u00f6he der Montage h\u00e4ngt von der St\u00e4rke des Gewehrlaufs und dem Aktionsprofil in Relation zum montierten Zielfernrohr ab. <\/p>\n<p class=\"\" data-start=\"853\" data-end=\"872\"><strong data-start=\"853\" data-end=\"872\">Spezifikationen:<\/strong><\/p>\n<ul data-start=\"873\" data-end=\"1038\" data-is-last-node=\"\" data-is-only-node=\"\">\n<li class=\"\" data-start=\"873\" data-end=\"918\">\n<p class=\"\" data-start=\"875\" data-end=\"918\"><strong data-start=\"875\" data-end=\"886\">H\u00f6he:<\/strong> Hoch (Max. 56mm Objektivlinse)<\/p>\n<\/li>\n<li class=\"\" data-start=\"919\" data-end=\"945\">\n<p class=\"\" data-start=\"921\" data-end=\"945\"><strong data-start=\"921\" data-end=\"932\">Gewicht:<\/strong> 175,77 Gramm<\/p>\n<\/li>\n<li class=\"\" data-start=\"946\" data-end=\"1038\">\n<p class=\"\" data-start=\"948\" data-end=\"963\"><strong data-start=\"948\" data-end=\"963\">Abmessungen:<\/strong><\/p>\n<ul data-start=\"966\" data-end=\"1038\" data-is-last-node=\"\">\n<li class=\"\" data-start=\"966\" data-end=\"986\">\n<p class=\"\" data-start=\"968\" data-end=\"986\"><strong data-start=\"968\" data-end=\"981\">Tubus (A):<\/strong> 30mm<\/p>\n<\/li>\n<li class=\"\" data-start=\"989\" data-end=\"1012\">\n<p class=\"\" data-start=\"991\" data-end=\"1012\"><strong data-start=\"991\" data-end=\"1004\">Basis (B):<\/strong> 14,48 mm<\/p>\n<\/li>\n<li class=\"\" data-start=\"1015\" data-end=\"1038\">\n<p class=\"\" data-start=\"1017\" data-end=\"1038\"><strong data-start=\"1017\" data-end=\"1031\">Breite (C):<\/strong> 17,9 mm<\/p>\n<\/li>\n<\/ul>\n<\/li>\n<\/ul>\n","protected":false},"excerpt":{"rendered":"<p>Warne Zielfernrohrmontagen \u2013 hochwertige und erschwingliche optische Montagen f\u00fcr praktisch orientierte J\u00e4ger und Sch\u00fctzen Warne Zielfernrohrmontagen sind robust und preiswert, konzipiert, um den Anforderungen praktisch orientierter J\u00e4ger und Sch\u00fctzen gerecht zu werden. Die in den Vereinigten Staaten hergestellten Warne Maxima Montagen sind aus Stahl gefertigt. Die Warne Maxima Tikka Montage ist zur Befestigung von Zielfernrohren [&#8230;]\n","protected":false},"featured_media":277514,"comment_status":"open","ping_status":"closed","template":"","meta":[],"product_brand":[],"product_cat":[1413],"product_tag":[],"class_list":{"0":"post-281759","1":"product","2":"type-product","3":"status-publish","4":"has-post-thumbnail","6":"product_cat-zielfernrohrringe-montagen","8":"first","9":"instock","10":"taxable","11":"shipping-taxable","12":"purchasable","13":"product-type-simple"},"composite_virtual":false,"composite_layout":"","composite_add_to_cart_form_location":"","composite_editable_in_cart":false,"composite_sold_individually_context":"","composite_shop_price_calc":"","composite_components":[],"composite_scenarios":[],"group_of_quantity":0,"min_quantity":0,"max_quantity":"","exclude_order_quantity_value_rules":"no","exclude_category_quantity_rules":"no","combine_variations":"no","exclude_global_add_ons":[],"addons":[],"_links":{"self":[{"href":"https:\/\/www.huntersfriend.eu\/de\/wp-json\/wp\/v2\/product\/281759","targetHints":{"allow":["GET"]}}],"collection":[{"href":"https:\/\/www.huntersfriend.eu\/de\/wp-json\/wp\/v2\/product"}],"about":[{"href":"https:\/\/www.huntersfriend.eu\/de\/wp-json\/wp\/v2\/types\/product"}],"replies":[{"embeddable":true,"href":"https:\/\/www.huntersfriend.eu\/de\/wp-json\/wp\/v2\/comments?post=281759"}],"wp:featuredmedia":[{"embeddable":true,"href":"https:\/\/www.huntersfriend.eu\/de\/wp-json\/wp\/v2\/media\/277514"}],"wp:attachment":[{"href":"https:\/\/www.huntersfriend.eu\/de\/wp-json\/wp\/v2\/media?parent=281759"}],"wp:term":[{"taxonomy":"product_brand","embeddable":true,"href":"https:\/\/www.huntersfriend.eu\/de\/wp-json\/wp\/v2\/product_brand?post=281759"},{"taxonomy":"product_cat","embeddable":true,"href":"https:\/\/www.huntersfriend.eu\/de\/wp-json\/wp\/v2\/product_cat?post=281759"},{"taxonomy":"product_tag","embeddable":true,"href":"https:\/\/www.huntersfriend.eu\/de\/wp-json\/wp\/v2\/product_tag?post=281759"}],"curies":[{"name":"wp","href":"https:\/\/api.w.org\/{rel}","templated":true}]}}